{"id":85870,"date":"2021-01-17T16:52:08","date_gmt":"2021-01-17T15:52:08","guid":{"rendered":"https:\/\/www.seaflowerstore.com\/nl\/neptune-trident-reagent-kit-6-months\/"},"modified":"2026-04-25T19:50:04","modified_gmt":"2026-04-25T17:50:04","slug":"reagent-kit-6-months-neptune-trident","status":"publish","type":"product","link":"https:\/\/www.seaflowerstore.com\/de\/reagent-kit-6-months-neptune-trident\/","title":{"rendered":"Reagent kit 6 months Neptune Trident"},"content":{"rendered":"<h2>Neptune Trident Reagent kit 6 months set<\/h2>\n<p>Das 6-Monats-Reagenzienkit basiert auf einem typischen Testplan mit vier Alkalinit\u00e4tstests, zwei Kalziumtests und zwei Magnesiumtests pro Tag. Dieses Kit bietet Ihnen mindestens 720 Alkalinit\u00e4tstests und 360 Tests f\u00fcr Kalzium und Magnesium.<\/p>\n<p><strong>Die Kits enthalten:<\/strong><\/p>\n<ul>\n<li>6 Flaschen Reagenz A (monatlich zu wechseln)<\/li>\n<li>3 Flaschen Reagenz B (alle zwei Monate zu wechseln)<\/li>\n<li>3 Flaschen Reagenz C (alle zwei Monate zu wechseln)<\/li>\n<li>3 Flaschen Kalibrierungsreferenzl\u00f6sung<\/li>\n<\/ul>\n<p>Detailliertere Informationen zur Verwendung der Reagenzien finden Sie unter dem <a href=\"https:\/\/www.neptunesystems.com\/getstarted\/trident\/reagents-2\/\" rel=\"nofollow noopener\" target=\"_blank\">Link mit Informationen zur Verwendung der Reagenzien<\/a>.<\/p>\n","protected":false},"excerpt":{"rendered":"<p>Neptune Trident reagent kit is good for 6 months of testing<\/p>\n","protected":false},"featured_media":83698,"template":"","meta":[],"pwb-brand":[2179],"product_cat":[1387,1401,1423,1400],"product_tag":[],"class_list":{"0":"post-85870","1":"product","2":"type-product","3":"status-publish","4":"has-post-thumbnail","6":"pwb-brand-neptune-systems","7":"product_cat-messsysteme","8":"product_cat-mess-und-regeltechnik","9":"product_cat-neptune-systems-de","10":"product_cat-tester","12":"first","13":"instock","14":"sale","15":"taxable","16":"shipping-taxable","17":"purchasable","18":"product-type-simple"},"acf":[],"brands":[{"id":2179,"name":"Neptune Systems","slug":"neptune-systems"}],"_links":{"self":[{"href":"https:\/\/www.seaflowerstore.com\/de\/wp-json\/wp\/v2\/product\/85870","targetHints":{"allow":["GET"]}}],"collection":[{"href":"https:\/\/www.seaflowerstore.com\/de\/wp-json\/wp\/v2\/product"}],"about":[{"href":"https:\/\/www.seaflowerstore.com\/de\/wp-json\/wp\/v2\/types\/product"}],"wp:featuredmedia":[{"embeddable":true,"href":"https:\/\/www.seaflowerstore.com\/de\/wp-json\/wp\/v2\/media\/83698"}],"wp:attachment":[{"href":"https:\/\/www.seaflowerstore.com\/de\/wp-json\/wp\/v2\/media?parent=85870"}],"wp:term":[{"taxonomy":"pwb-brand","embeddable":true,"href":"https:\/\/www.seaflowerstore.com\/de\/wp-json\/wp\/v2\/pwb-brand?post=85870"},{"taxonomy":"product_cat","embeddable":true,"href":"https:\/\/www.seaflowerstore.com\/de\/wp-json\/wp\/v2\/product_cat?post=85870"},{"taxonomy":"product_tag","embeddable":true,"href":"https:\/\/www.seaflowerstore.com\/de\/wp-json\/wp\/v2\/product_tag?post=85870"}],"curies":[{"name":"wp","href":"https:\/\/api.w.org\/{rel}","templated":true}]}}