{"id":85871,"date":"2021-01-17T16:34:00","date_gmt":"2021-01-17T15:34:00","guid":{"rendered":"https:\/\/www.seaflowerstore.com\/nl\/trident-reagent-needle-guide-set-of-3\/"},"modified":"2024-03-19T15:42:26","modified_gmt":"2024-03-19T14:42:26","slug":"trident-reagent-needle-guide-set-of-3","status":"publish","type":"product","link":"https:\/\/www.seaflowerstore.com\/de\/trident-reagent-needle-guide-set-of-3\/","title":{"rendered":"Trident reagent needle guide set of 3"},"content":{"rendered":"<h2>Trident reagent needle guide set of 3<\/h2>\n<p>Schrauben Sie zun\u00e4chst die Kappen von der Reagenzflasche ab und f\u00fchren Sie den Trichter vorsichtig in die Flasche ein.<\/p>\n<p>F\u00fchren Sie als N\u00e4chstes die Nadel durch das mittlere Loch der F\u00fchrung und schrauben Sie die Flaschenkappe fest auf.<\/p>\n<p>Diese Anordnung verhindert, dass die Nadel kippt, und stellt sicher, dass sie an Ort und Stelle bleibt, wenn das Tablett zur\u00fcck in Position geschoben wird.<\/p>\n<p>Au\u00dferdem hilft diese Methode, das Ansaugen von Luft zu vermeiden und erm\u00f6glicht die maximale Nutzung des Reagenzes aus der Flasche.<\/p>\n","protected":false},"excerpt":{"rendered":"<p>Trident reagent needle guide set of 3 ensures that the maximum of reagent is used<\/p>\n","protected":false},"featured_media":83373,"template":"","meta":[],"pwb-brand":[2179],"product_cat":[1387,1423,1431],"product_tag":[],"class_list":{"0":"post-85871","1":"product","2":"type-product","3":"status-publish","4":"has-post-thumbnail","6":"pwb-brand-neptune-systems","7":"product_cat-messsysteme","8":"product_cat-neptune-systems-de","9":"product_cat-nuetzliche-artikel","11":"first","12":"instock","13":"taxable","14":"shipping-taxable","15":"purchasable","16":"product-type-simple"},"acf":[],"brands":[{"id":2179,"name":"Neptune Systems","slug":"neptune-systems"}],"_links":{"self":[{"href":"https:\/\/www.seaflowerstore.com\/de\/wp-json\/wp\/v2\/product\/85871","targetHints":{"allow":["GET"]}}],"collection":[{"href":"https:\/\/www.seaflowerstore.com\/de\/wp-json\/wp\/v2\/product"}],"about":[{"href":"https:\/\/www.seaflowerstore.com\/de\/wp-json\/wp\/v2\/types\/product"}],"wp:featuredmedia":[{"embeddable":true,"href":"https:\/\/www.seaflowerstore.com\/de\/wp-json\/wp\/v2\/media\/83373"}],"wp:attachment":[{"href":"https:\/\/www.seaflowerstore.com\/de\/wp-json\/wp\/v2\/media?parent=85871"}],"wp:term":[{"taxonomy":"pwb-brand","embeddable":true,"href":"https:\/\/www.seaflowerstore.com\/de\/wp-json\/wp\/v2\/pwb-brand?post=85871"},{"taxonomy":"product_cat","embeddable":true,"href":"https:\/\/www.seaflowerstore.com\/de\/wp-json\/wp\/v2\/product_cat?post=85871"},{"taxonomy":"product_tag","embeddable":true,"href":"https:\/\/www.seaflowerstore.com\/de\/wp-json\/wp\/v2\/product_tag?post=85871"}],"curies":[{"name":"wp","href":"https:\/\/api.w.org\/{rel}","templated":true}]}}