{"id":85872,"date":"2021-01-16T11:19:48","date_gmt":"2021-01-16T10:19:48","guid":{"rendered":"https:\/\/www.seaflowerstore.com\/nl\/hi781-25-reagent-for-nitrate-low-range-checker-seawater\/"},"modified":"2026-01-21T13:00:56","modified_gmt":"2026-01-21T12:00:56","slug":"hi781-25-reagent-for-nitrate-low-range-checker-seawater","status":"publish","type":"product","link":"https:\/\/www.seaflowerstore.com\/de\/hi781-25-reagent-for-nitrate-low-range-checker-seawater\/","title":{"rendered":"HI781-25 Reagent for nitrate (Low Range) checker seawater"},"content":{"rendered":"<h2>HI781-25 Reagent for nitrate checker seawater (Low Range)<\/h2>\n<p>Das HI781-25 ist ein Satz hochwertiger, vorgemessener Reagenzien. Diese Funktion erm\u00f6glicht Benutzern schnelle und pr\u00e4zise Messungen mit ihrem HI781 Marine Nitrate Low Range Colorimeter. Diese Reagenzien verwenden eine kolorimetrische Methode, bei der die Reaktion zwischen Nitrat und Reagenz eine rosa oder violette T\u00f6nung in der Probe erzeugt. Dieser Pr\u00fcfer ist speziell f\u00fcr die Arbeit mit Meerwasserproben konzipiert.<\/p>\n<p>Vergessen Sie nicht, noch heute Ihre Ersatzreagenzien f\u00fcr das HI781 Marine Nitrate Low Range Colorimeter zu besorgen! Diese Premium-Reagenzien werden in unserer hochmodernen Anlage hergestellt und sind mit einer klaren Beschriftung versehen, einschlie\u00dflich der Chargennummer und des Verfallsdatums auf jeder Packung zur einfachen R\u00fcckverfolgbarkeit.<\/p>\n<h3>Was ist enthalten:<\/h3>\n<ul>\n<li>1x 100 ml HI781A-0<\/li>\n<li>25x 0,16 g HI781B-0<\/li>\n<li>25x 0,6 g HI781C-0<\/li>\n<li>25x Papierfilter<\/li>\n<\/ul>\n","protected":false},"excerpt":{"rendered":"<p>HI781-25 Reagent for nitrate checker seawater (Low Range)<\/p>\n","protected":false},"featured_media":83317,"template":"","meta":[],"pwb-brand":[2229],"product_cat":[1400],"product_tag":[],"class_list":{"0":"post-85872","1":"product","2":"type-product","3":"status-publish","4":"has-post-thumbnail","6":"pwb-brand-hanna-instruments","7":"product_cat-tester","9":"first","10":"outofstock","11":"taxable","12":"shipping-taxable","13":"purchasable","14":"product-type-simple"},"acf":[],"brands":[{"id":2229,"name":"Hanna Instruments","slug":"hanna-instruments"}],"_links":{"self":[{"href":"https:\/\/www.seaflowerstore.com\/de\/wp-json\/wp\/v2\/product\/85872","targetHints":{"allow":["GET"]}}],"collection":[{"href":"https:\/\/www.seaflowerstore.com\/de\/wp-json\/wp\/v2\/product"}],"about":[{"href":"https:\/\/www.seaflowerstore.com\/de\/wp-json\/wp\/v2\/types\/product"}],"wp:featuredmedia":[{"embeddable":true,"href":"https:\/\/www.seaflowerstore.com\/de\/wp-json\/wp\/v2\/media\/83317"}],"wp:attachment":[{"href":"https:\/\/www.seaflowerstore.com\/de\/wp-json\/wp\/v2\/media?parent=85872"}],"wp:term":[{"taxonomy":"pwb-brand","embeddable":true,"href":"https:\/\/www.seaflowerstore.com\/de\/wp-json\/wp\/v2\/pwb-brand?post=85872"},{"taxonomy":"product_cat","embeddable":true,"href":"https:\/\/www.seaflowerstore.com\/de\/wp-json\/wp\/v2\/product_cat?post=85872"},{"taxonomy":"product_tag","embeddable":true,"href":"https:\/\/www.seaflowerstore.com\/de\/wp-json\/wp\/v2\/product_tag?post=85872"}],"curies":[{"name":"wp","href":"https:\/\/api.w.org\/{rel}","templated":true}]}}