{"id":85880,"date":"2020-12-10T21:59:08","date_gmt":"2020-12-10T20:59:08","guid":{"rendered":"https:\/\/www.seaflowerstore.com\/nl\/fauna-marin-reef-icp-test-6-in-1-box\/"},"modified":"2024-03-19T15:42:06","modified_gmt":"2024-03-19T14:42:06","slug":"fauna-marin-reef-icp-test-6-in-1-box","status":"publish","type":"product","link":"https:\/\/www.seaflowerstore.com\/de\/fauna-marin-reef-icp-test-6-in-1-box\/","title":{"rendered":"Fauna Marin Reef ICP Test 6 in 1 Box"},"content":{"rendered":"<h2>Fauna Marin Reef ICP Test 6 in 1 Box<\/h2>\n<p>Wir pr\u00e4sentieren Ihnen das Set mit 6 ICP-Tests zusammen mit 6 Versandumschl\u00e4gen (bitte beachten Sie, dass die Versandkosten zum Labor nicht im Preis inbegriffen sind).<\/p>\n<p><strong>EINFACH, SCHNELL UND PR\u00c4ZISE<\/strong><\/p>\n<p>Der Fauna Marin Sea Water Research Lab Basic ICP-Test bietet einen schnellen und einfachen \u00dcberblick \u00fcber 37 wichtige Wasserwerte. Von Makroelementen \u00fcber Spurenelemente bis hin zu Schadstoffen erhalten Sie einen umfassenden Bericht sowie Dosierungs- und Handlungsempfehlungen.<\/p>\n<p>Der Fauna Marin ICP-Test ist so konzipiert:<\/p>\n<ul>\n<li>Reinen ICP-Test<\/li>\n<li>Schnell, kosteng\u00fcnstig und hochpr\u00e4zise<\/li>\n<li>Einfache Probenentnahme und Versand<\/li>\n<li>Extrem schnelle Laboranalyse mit Hochleistungs-Atomemissionsspektrometern<\/li>\n<li>Inklusive individueller Dosierungs- und Handlungsempfehlungen f\u00fcr alle, die schnell einen \u00dcberblick \u00fcber ihre Wasserwerte ben\u00f6tigen<\/li>\n<\/ul>\n<p><strong>Basistest f\u00fcr 37 Parameter<\/strong><\/p>\n<p>Folgende Makro- und Spurenelemente werden gemessen:<\/p>\n<ul>\n<li>Magnesium<\/li>\n<li>Calcium<\/li>\n<li>Kalium<\/li>\n<li>Strontium<\/li>\n<li>Bor<\/li>\n<li>Jod<\/li>\n<li>Schwefel<\/li>\n<li>Sulfat<\/li>\n<li>Phosphat<\/li>\n<li>Phosphor<\/li>\n<li>Silizium<\/li>\n<li>Mangan<\/li>\n<li>Lithium<\/li>\n<li>Molybd\u00e4n<\/li>\n<li>Eisen<\/li>\n<li>Brom<\/li>\n<li>Chrom<\/li>\n<li>Kobalt<\/li>\n<li>Beryllium<\/li>\n<li>Vanadium<\/li>\n<li>Zink<\/li>\n<li>Antimon<\/li>\n<li>Kupfer<\/li>\n<li>Barium<\/li>\n<li>Selen<\/li>\n<li>Cadmium<\/li>\n<li>Zinn<\/li>\n<li>Aluminium<\/li>\n<li>Titan<\/li>\n<li>Nickel<\/li>\n<li>Scandium<\/li>\n<li>Zirkonium<\/li>\n<li>Silber<\/li>\n<li>Wolfram<\/li>\n<li>Lanthan<\/li>\n<li>Arsen<\/li>\n<\/ul>\n<p>Bald haben Sie Zugriff auf unseren umfassenden Labortest f\u00fcr Unternehmen, der noch mehr Wasserparameter umfasst \u2013 ideal f\u00fcr alle, die ALLES wissen m\u00f6chten.<\/p>\n<p>Jedes SLR ICP-Testset enth\u00e4lt einen abziehbaren Aufkleber mit einer Probennummer zur Identifizierung Ihrer Probe. Dieser Aufkleber wird zur einfachen Identifizierung an den Probengef\u00e4\u00dfen angebracht. Die Probennummer dient Ihnen als eindeutige Labornummer, vereinfacht R\u00fcckfragen und sorgt f\u00fcr eine sichere Probenzuordnung.<\/p>\n<p><strong>Bezahlen Sie den Versand an das ICP-Labor in Deutschland bei Ihrer \u00f6rtlichen Postfiliale.<\/strong><\/p>\n<p>Die Ergebnisse Ihrer Proben sowie die Dosierungsempfehlungen erhalten Sie nach wenigen Tagen per E-Mail.<\/p>\n<p><strong>WICHTIG:<\/strong> Sollten Sie Fragen zu den Ergebnissen Ihrer Wasseranalyse haben, denken Sie bitte daran, dass diese ausschlie\u00dflich im Fauna Marin FORUM beantwortet werden!<\/p>\n","protected":false},"excerpt":{"rendered":"<p>Fauna Marin Reef ICP Test 6 in 1 Box of a total of 6 ICP tests and 6 mailing envelopes (shipping to lab not included)<\/p>\n","protected":false},"featured_media":84646,"template":"","meta":[],"pwb-brand":[2177],"product_cat":[1452,1437],"product_tag":[],"class_list":{"0":"post-85880","1":"product","2":"type-product","3":"status-publish","4":"has-post-thumbnail","6":"pwb-brand-fauna-marin","7":"product_cat-labortest","8":"product_cat-fauna-marin-de","10":"first","11":"outofstock","12":"sale","13":"taxable","14":"shipping-taxable","15":"purchasable","16":"product-type-simple"},"acf":[],"brands":[{"id":2177,"name":"Fauna Marin","slug":"fauna-marin"}],"_links":{"self":[{"href":"https:\/\/www.seaflowerstore.com\/de\/wp-json\/wp\/v2\/product\/85880","targetHints":{"allow":["GET"]}}],"collection":[{"href":"https:\/\/www.seaflowerstore.com\/de\/wp-json\/wp\/v2\/product"}],"about":[{"href":"https:\/\/www.seaflowerstore.com\/de\/wp-json\/wp\/v2\/types\/product"}],"wp:featuredmedia":[{"embeddable":true,"href":"https:\/\/www.seaflowerstore.com\/de\/wp-json\/wp\/v2\/media\/84646"}],"wp:attachment":[{"href":"https:\/\/www.seaflowerstore.com\/de\/wp-json\/wp\/v2\/media?parent=85880"}],"wp:term":[{"taxonomy":"pwb-brand","embeddable":true,"href":"https:\/\/www.seaflowerstore.com\/de\/wp-json\/wp\/v2\/pwb-brand?post=85880"},{"taxonomy":"product_cat","embeddable":true,"href":"https:\/\/www.seaflowerstore.com\/de\/wp-json\/wp\/v2\/product_cat?post=85880"},{"taxonomy":"product_tag","embeddable":true,"href":"https:\/\/www.seaflowerstore.com\/de\/wp-json\/wp\/v2\/product_tag?post=85880"}],"curies":[{"name":"wp","href":"https:\/\/api.w.org\/{rel}","templated":true}]}}