{"id":85885,"date":"2020-11-24T14:51:31","date_gmt":"2020-11-24T13:51:31","guid":{"rendered":"https:\/\/www.seaflowerstore.com\/nl\/core7-base-elements-4x-5ltr-liquid\/"},"modified":"2024-03-19T15:43:56","modified_gmt":"2024-03-19T14:43:56","slug":"core7-base-elements-4x-5ltr-liquid","status":"publish","type":"product","link":"https:\/\/www.seaflowerstore.com\/de\/core7-base-elements-4x-5ltr-liquid\/","title":{"rendered":"CORE7 Base Elements 4x 5ltr Liquid"},"content":{"rendered":"<h2>CORE7 Base Elements 4x 5ltr Liquid<\/h2>\n<p>Die Triton CORE7 Base Elements werden in vier Beh\u00e4ltern geliefert, die jeweils 5 Liter Fl\u00fcssigkeit enthalten. Sie m\u00fcssen nicht verd\u00fcnnt werden, was f\u00fcr den Benutzer praktisch ist. Dieses Produkt ist besonders n\u00fctzlich f\u00fcr diejenigen, die die 10-Liter-Einheiten bevorzugen, die anfangs etwas schwer sein k\u00f6nnen. Sie k\u00f6nnen Ihre Dosierbeh\u00e4lter einfach f\u00fcllen und die Fl\u00fcssigkeit in Beh\u00e4ltern mit Schraubverschluss aufbewahren.<\/p>\n<p>CORE7-Dosierl\u00f6sungen stellen eine neue Generation von Produkten dar, die dazu bestimmt sind, die nat\u00fcrlichen Meerwasserparameter f\u00fcr Riffaquarien nach der TRITON-Riffschutzmethode aufrechtzuerhalten und zu verbessern. CORE7 hat in mehreren Schl\u00fcsselbereichen erhebliche Verbesserungen gegen\u00fcber der urspr\u00fcnglichen Palette der Base Elements-Erg\u00e4nzungsmittel vorgenommen.<\/p>\n<p>Diese innovative L\u00f6sung sticht hervor, weil sie die h\u00e4ufigsten Herausforderungen angeht, mit denen Aquarianer konfrontiert sind. Keine andere weltweit verf\u00fcgbare Methode kann mit dem Wert und der Stabilit\u00e4t mithalten, die CORE7 bietet. Die L\u00f6sungen m\u00fcssen nicht verteilt werden; Sie k\u00f6nnen direkt aus den Beh\u00e4ltern verwendet werden, wodurch Sie Platz sparen und sich die M\u00fche der Zubereitung ersparen.<\/p>\n<p>CORE7-L\u00f6sungen sind noch stabiler und weisen einen erh\u00f6hten pH-Wert auf, um das Korallenwachstum zu unterst\u00fctzen. Jahrelange wissenschaftliche Forschung, kombiniert mit Daten aus Zehntausenden von ICP-Aquarien-Meerwassertests, haben zur Entwicklung dieser einzigartigen Elementerg\u00e4nzungsmittel gef\u00fchrt. Diese L\u00f6sungen liefern nat\u00fcrliche Makro- und Spurenelemente, die f\u00fcr das Erreichen des Ionengleichgewichts unerl\u00e4sslich sind, und reduzieren so die Notwendigkeit routinem\u00e4\u00dfiger Wasserwechsel.<\/p>\n<p><strong>Hinweis:<\/strong> Bei diesen Produkten kann es zu Kristallisation oder Niederschlag kommen. Dies ist ein normales Ph\u00e4nomen und macht das Produkt nicht unbrauchbar. Sie k\u00f6nnen die L\u00f6sung leicht wieder in einen vollst\u00e4ndig fl\u00fcssigen Zustand versetzen, indem Sie sie in hei\u00dfes Wasser geben und umr\u00fchren, um etwaigen Niederschlag aufzul\u00f6sen. Lagern Sie das Produkt immer im Haus; kalte Temperaturen k\u00f6nnen zu geringf\u00fcgiger Kristallisation f\u00fchren.<\/p>\n<p><strong>Core7-Basiselemente sollten in einem Bereich mit hoher Str\u00f6mung dosiert werden, vorzugsweise im Algenrefugium. Wichtig zu beachten ist, dass das Core7 Reef keinen Algenfilter ben\u00f6tigt.<\/strong><\/p>\n","protected":false},"excerpt":{"rendered":"<p>Triton CORE7 Base Elements 4x 5ltr Liquid reeady to use version<\/p>\n","protected":false},"featured_media":83246,"template":"","meta":[],"pwb-brand":[2181],"product_cat":[1391,1392],"product_tag":[],"class_list":{"0":"post-85885","1":"product","2":"type-product","3":"status-publish","4":"has-post-thumbnail","6":"pwb-brand-triton","7":"product_cat-ergaenzungen","8":"product_cat-triton-de","10":"first","11":"instock","12":"sale","13":"taxable","14":"shipping-taxable","15":"purchasable","16":"product-type-simple"},"acf":[],"brands":[{"id":2181,"name":"Triton","slug":"triton"}],"_links":{"self":[{"href":"https:\/\/www.seaflowerstore.com\/de\/wp-json\/wp\/v2\/product\/85885","targetHints":{"allow":["GET"]}}],"collection":[{"href":"https:\/\/www.seaflowerstore.com\/de\/wp-json\/wp\/v2\/product"}],"about":[{"href":"https:\/\/www.seaflowerstore.com\/de\/wp-json\/wp\/v2\/types\/product"}],"wp:featuredmedia":[{"embeddable":true,"href":"https:\/\/www.seaflowerstore.com\/de\/wp-json\/wp\/v2\/media\/83246"}],"wp:attachment":[{"href":"https:\/\/www.seaflowerstore.com\/de\/wp-json\/wp\/v2\/media?parent=85885"}],"wp:term":[{"taxonomy":"pwb-brand","embeddable":true,"href":"https:\/\/www.seaflowerstore.com\/de\/wp-json\/wp\/v2\/pwb-brand?post=85885"},{"taxonomy":"product_cat","embeddable":true,"href":"https:\/\/www.seaflowerstore.com\/de\/wp-json\/wp\/v2\/product_cat?post=85885"},{"taxonomy":"product_tag","embeddable":true,"href":"https:\/\/www.seaflowerstore.com\/de\/wp-json\/wp\/v2\/product_tag?post=85885"}],"curies":[{"name":"wp","href":"https:\/\/api.w.org\/{rel}","templated":true}]}}