{"id":85889,"date":"2020-11-01T14:12:35","date_gmt":"2020-11-01T12:17:40","guid":{"rendered":"https:\/\/www.seaflowerstore.com\/nl\/t-meter-ii\/"},"modified":"2024-03-19T15:41:53","modified_gmt":"2024-03-19T14:41:53","slug":"t-meter-ii","status":"publish","type":"product","link":"https:\/\/www.seaflowerstore.com\/de\/t-meter-ii\/","title":{"rendered":"T-meter II"},"content":{"rendered":"<h2>T-meter II External aquarium thermometer to attach to the aquarium pane (outside) or in the furniture<\/h2>\n<p>Das T-Meter II ist ein fantastisches externes Aquarienthermometer, das Sie einfach an der Au\u00dfenseite Ihres Aquariums oder sogar in Ihren M\u00f6beln anbringen k\u00f6nnen. Hier sind einige seiner gro\u00dfartigen Funktionen:<\/p>\n<ul>\n<li>Kompaktes Design, das einfach zu bedienen ist<\/li>\n<li>Gro\u00dfes LCD-Display, das die Wassertemperatur deutlich anzeigt<\/li>\n<li>Separater Knopf zum Ausschalten des Displays, der hilft, Strom zu sparen<\/li>\n<li>Externer Temperatursensor, der diskret im Aquarium versteckt werden kann<\/li>\n<li>Anzeigeoptionen zur Auswahl zwischen Celsius (\u00baC) oder Fahrenheit (\u00baF)<\/li>\n<li>Einfache Befestigung an der Aquarienscheibe mit Saugn\u00e4pfen<\/li>\n<li>Kann auch an der Unterseite Ihrer M\u00f6bel befestigt werden<\/li>\n<\/ul>\n<p><strong>Messbereich:<\/strong> +5 bis +45 \u00baC (+41 bis +113 \u00baF)<\/p>\n<p><strong>Messschritte:<\/strong> 0,1 \u00baC \/ 0,1 \u00baF<\/p>\n<p><strong>Messgenauigkeit:<\/strong> \u00b1 1 \u00baC (2 \u00baF)<\/p>\n<p><strong>Stromversorgung:<\/strong> 1,5 V (AG13 \/ LR44)<\/p>\n<p><strong>Hinweis:<\/strong> Tauchen Sie die Anzeigeeinheit bitte nicht in Wasser, nur der Sensor ist wasserdicht.<\/p>\n<p><strong>Displaymeldungen:<\/strong> Zeigt das Display \u201eH \u00b0C\u201c an, bedeutet dies, dass die Temperatur \u00fcber dem Messbereich liegt. Zeigt es \u201eL \u00b0C\u201c an, bedeutet dies, dass die Temperatur unter dem Messbereich liegt.<\/p>\n","protected":false},"excerpt":{"rendered":"<p>T-meter II External aquarium thermometer to attach to the aquarium pane (outside) or in the furniture<\/p>\n","protected":false},"featured_media":83235,"template":"","meta":[],"pwb-brand":[2149],"product_cat":[1536,1421],"product_tag":[],"class_list":{"0":"post-85889","1":"product","2":"type-product","3":"status-publish","4":"has-post-thumbnail","6":"pwb-brand-aqua-medic","7":"product_cat-thermometer","8":"product_cat-aqua-medic-de","10":"first","11":"outofstock","12":"taxable","13":"shipping-taxable","14":"purchasable","15":"product-type-simple"},"acf":[],"brands":[{"id":2149,"name":"Aqua Medic","slug":"aqua-medic"}],"_links":{"self":[{"href":"https:\/\/www.seaflowerstore.com\/de\/wp-json\/wp\/v2\/product\/85889","targetHints":{"allow":["GET"]}}],"collection":[{"href":"https:\/\/www.seaflowerstore.com\/de\/wp-json\/wp\/v2\/product"}],"about":[{"href":"https:\/\/www.seaflowerstore.com\/de\/wp-json\/wp\/v2\/types\/product"}],"wp:featuredmedia":[{"embeddable":true,"href":"https:\/\/www.seaflowerstore.com\/de\/wp-json\/wp\/v2\/media\/83235"}],"wp:attachment":[{"href":"https:\/\/www.seaflowerstore.com\/de\/wp-json\/wp\/v2\/media?parent=85889"}],"wp:term":[{"taxonomy":"pwb-brand","embeddable":true,"href":"https:\/\/www.seaflowerstore.com\/de\/wp-json\/wp\/v2\/pwb-brand?post=85889"},{"taxonomy":"product_cat","embeddable":true,"href":"https:\/\/www.seaflowerstore.com\/de\/wp-json\/wp\/v2\/product_cat?post=85889"},{"taxonomy":"product_tag","embeddable":true,"href":"https:\/\/www.seaflowerstore.com\/de\/wp-json\/wp\/v2\/product_tag?post=85889"}],"curies":[{"name":"wp","href":"https:\/\/api.w.org\/{rel}","templated":true}]}}