{"id":85893,"date":"2020-10-14T20:50:58","date_gmt":"2020-10-14T16:56:33","guid":{"rendered":"https:\/\/www.seaflowerstore.com\/nl\/hanna-hi781-nitrate-lr-checker-marine\/"},"modified":"2024-03-19T15:41:47","modified_gmt":"2024-03-19T14:41:47","slug":"hanna-hi781-nitrate-lr-checker-marine","status":"publish","type":"product","link":"https:\/\/www.seaflowerstore.com\/de\/hanna-hi781-nitrate-lr-checker-marine\/","title":{"rendered":"Hanna HI781 Nitrate LR checker (Marine)"},"content":{"rendered":"<h2>Hanna HI781 Nitrate LR checker measures nitrate in the range of 0-5ppm (0-50ppm after dilution) in marine water<\/h2>\n<p>Nitrate entstehen auf nat\u00fcrliche Weise durch den Zerfall organischer Mikroorganismen oder durch den Einsatz von D\u00fcngemitteln. Wenn Nitrat zu Nitrit reduziert wird, kann es sich leicht binden und Stoffe bilden, die f\u00fcr Mensch und Tier sch\u00e4dlich sind. F\u00fcr Nitrat im Wasser wurde weltweit eine maximale Konzentration von 45 mg\/l festgelegt.<\/p>\n<p>Der HI781 Checker bietet eine einfache, genaue und kosteng\u00fcnstige L\u00f6sung zur Messung von Nitrat im Meerwasser. Er wurde als zuverl\u00e4ssige Alternative zu herk\u00f6mmlichen chemischen Testkits entwickelt und liefert schnelle und zuverl\u00e4ssige Messergebnisse in nur wenigen einfachen Schritten. Der Checker ist komfortabel gestaltet, leicht zu halten, tragbar und verf\u00fcgt \u00fcber ein gro\u00dfes Display f\u00fcr m\u00fcheloses Ablesen.<\/p>\n<ul>\n<li>Genauer als chemische Testkits<\/li>\n<li>Praktisches Taschenformat<\/li>\n<li>Gut lesbares Display<\/li>\n<li>Einfache Ein-Knopf-Bedienung<\/li>\n<li>Automatische Abschaltfunktion<\/li>\n<li>Funktioniert mit einer einzigen AAA-Batterie<\/li>\n<\/ul>\n<h4><strong>Spezifikationen HI781<\/strong><\/h4>\n<ul>\n<li>Anwendung: Meerwasser<\/li>\n<li>Bereich: 0,00 bis 5,00 ppm (NO3) und 0-50 ppm nach Verd\u00fcnnung mit nitratfreiem Meerwasser (<strong>NICHT enthalten<\/strong>)<\/li>\n<li>Aufl\u00f6sung: 0,01 ppm<\/li>\n<li>Genauigkeit: \u00b1 0,25 ppm \u00b1 2 % des Messwerts bei 25 \u00b0C<\/li>\n<li>Lichtquelle: LED bei 525 nm<\/li>\n<li>Lichtdetektor: Silikon-Fotozelle<\/li>\n<li>Methode: kolorimetrisch<\/li>\n<li>Umgebung: 0 bis 50 \u00b0C, RH max. 95 % nicht kondensierend<\/li>\n<li>Batterie: 1 x 1,5 V AAA<\/li>\n<li>Automatische Abschaltung nach 10 Minuten Nichtbenutzung<\/li>\n<li>Abmessungen: 86,0 x 61,0 x 37,5 mm<\/li>\n<li>Gewicht: 64 g<\/li>\n<\/ul>\n<p>Wenn Sie den Nitrattest HI781 zur Messung von Nitratwerten \u00fcber 5 ppm verwenden m\u00f6chten, k\u00f6nnen Sie die Wasserprobe mit nitratfreiem Meerwasser verd\u00fcnnen. Dies l\u00e4sst sich ganz einfach durch Mischen von Osmosewasser mit einer kleinen Menge Meersalz herstellen.<\/p>\n<p><strong>Erkl\u00e4rung f\u00fcr Messungen \u00fcber 5 ppm<\/strong><\/p>\n","protected":false},"excerpt":{"rendered":"<p>Hanna HI781 Nitrate LR checker measures nitrate in the range of 0-5ppm (0-50ppm after dilution) in marine water<\/p>\n","protected":false},"featured_media":83213,"template":"","meta":[],"pwb-brand":[2229],"product_cat":[1400],"product_tag":[],"class_list":{"0":"post-85893","1":"product","2":"type-product","3":"status-publish","4":"has-post-thumbnail","6":"pwb-brand-hanna-instruments","7":"product_cat-tester","9":"first","10":"instock","11":"taxable","12":"shipping-taxable","13":"purchasable","14":"product-type-simple"},"acf":[],"brands":[{"id":2229,"name":"Hanna Instruments","slug":"hanna-instruments"}],"_links":{"self":[{"href":"https:\/\/www.seaflowerstore.com\/de\/wp-json\/wp\/v2\/product\/85893","targetHints":{"allow":["GET"]}}],"collection":[{"href":"https:\/\/www.seaflowerstore.com\/de\/wp-json\/wp\/v2\/product"}],"about":[{"href":"https:\/\/www.seaflowerstore.com\/de\/wp-json\/wp\/v2\/types\/product"}],"wp:featuredmedia":[{"embeddable":true,"href":"https:\/\/www.seaflowerstore.com\/de\/wp-json\/wp\/v2\/media\/83213"}],"wp:attachment":[{"href":"https:\/\/www.seaflowerstore.com\/de\/wp-json\/wp\/v2\/media?parent=85893"}],"wp:term":[{"taxonomy":"pwb-brand","embeddable":true,"href":"https:\/\/www.seaflowerstore.com\/de\/wp-json\/wp\/v2\/pwb-brand?post=85893"},{"taxonomy":"product_cat","embeddable":true,"href":"https:\/\/www.seaflowerstore.com\/de\/wp-json\/wp\/v2\/product_cat?post=85893"},{"taxonomy":"product_tag","embeddable":true,"href":"https:\/\/www.seaflowerstore.com\/de\/wp-json\/wp\/v2\/product_tag?post=85893"}],"curies":[{"name":"wp","href":"https:\/\/api.w.org\/{rel}","templated":true}]}}