{"id":85905,"date":"2020-10-01T12:57:51","date_gmt":"2020-10-01T09:00:49","guid":{"rendered":"https:\/\/www.seaflowerstore.com\/nl\/wave-air-pump-mouse-5-epsilon\/"},"modified":"2024-03-19T15:41:29","modified_gmt":"2024-03-19T14:41:29","slug":"wave-air-pump-mouse-5-epsilon","status":"publish","type":"product","link":"https:\/\/www.seaflowerstore.com\/de\/wave-air-pump-mouse-5-epsilon\/","title":{"rendered":"Wave Air Pump Mouse 5 Epsilon"},"content":{"rendered":"<h2>Wave Air Pump Mouse 5 Epsilon with 4 ltr \/ min<\/h2>\n<p>Die Wave Air Pump Mouse 5 Epsilon ist eine <strong>einfache und kompakte<\/strong> Aquarienluftpumpe, die einen beeindruckenden Luftstrom von <strong>4 Litern pro Minute<\/strong> liefert. Sie verf\u00fcgt \u00fcber <strong>zwei Luftschlauchanschl\u00fcsse<\/strong>, was die Bedienung erleichtert.<\/p>\n<p><strong>Abmessungen:<\/strong> 13 x 7 x 5,5 H cm<\/p>\n<p><strong>Leistung:<\/strong> 4 Watt<\/p>\n","protected":false},"excerpt":{"rendered":"<p>Wave Air Pump Mouse 5 Epsilon with 4 ltr \/ min<\/p>\n","protected":false},"featured_media":83182,"template":"","meta":[],"pwb-brand":[2167],"product_cat":[1489],"product_tag":[],"class_list":{"0":"post-85905","1":"product","2":"type-product","3":"status-publish","4":"has-post-thumbnail","6":"pwb-brand-wave","7":"product_cat-luftpumpen","9":"first","10":"instock","11":"sale","12":"taxable","13":"shipping-taxable","14":"purchasable","15":"product-type-simple"},"acf":[],"brands":[{"id":2167,"name":"Wave","slug":"wave"}],"_links":{"self":[{"href":"https:\/\/www.seaflowerstore.com\/de\/wp-json\/wp\/v2\/product\/85905","targetHints":{"allow":["GET"]}}],"collection":[{"href":"https:\/\/www.seaflowerstore.com\/de\/wp-json\/wp\/v2\/product"}],"about":[{"href":"https:\/\/www.seaflowerstore.com\/de\/wp-json\/wp\/v2\/types\/product"}],"wp:featuredmedia":[{"embeddable":true,"href":"https:\/\/www.seaflowerstore.com\/de\/wp-json\/wp\/v2\/media\/83182"}],"wp:attachment":[{"href":"https:\/\/www.seaflowerstore.com\/de\/wp-json\/wp\/v2\/media?parent=85905"}],"wp:term":[{"taxonomy":"pwb-brand","embeddable":true,"href":"https:\/\/www.seaflowerstore.com\/de\/wp-json\/wp\/v2\/pwb-brand?post=85905"},{"taxonomy":"product_cat","embeddable":true,"href":"https:\/\/www.seaflowerstore.com\/de\/wp-json\/wp\/v2\/product_cat?post=85905"},{"taxonomy":"product_tag","embeddable":true,"href":"https:\/\/www.seaflowerstore.com\/de\/wp-json\/wp\/v2\/product_tag?post=85905"}],"curies":[{"name":"wp","href":"https:\/\/api.w.org\/{rel}","templated":true}]}}