{"id":85909,"date":"2020-10-01T09:16:43","date_gmt":"2020-10-01T07:16:43","guid":{"rendered":"https:\/\/www.seaflowerstore.com\/nl\/wave-air-pump-mouse-1-alpha\/"},"modified":"2024-03-19T15:41:26","modified_gmt":"2024-03-19T14:41:26","slug":"wave-air-pump-mouse-1-alpha","status":"publish","type":"product","link":"https:\/\/www.seaflowerstore.com\/de\/wave-air-pump-mouse-1-alpha\/","title":{"rendered":"Wave Air Pump Mouse 1 Alpha"},"content":{"rendered":"<h2>Wave Air Pump Mouse 1 Alpha with 1.3 ltr \/ min<\/h2>\n<p>Die <strong>Wave Air Pump Mouse 1 Alpha<\/strong> ist eine kompakte und effiziente Aquarienluftpumpe, die einen Luftstrom von <strong>1,3 Litern pro Minute<\/strong> liefert. Sie ist benutzerfreundlich gestaltet und daher sowohl f\u00fcr Anf\u00e4nger als auch f\u00fcr erfahrene Aquarianer eine gute Wahl.<\/p>\n<p><strong>Abmessungen:<\/strong> 8,5 x 5 x 4 H cm<\/p>\n<p><strong>Leistung:<\/strong> 2,2 Watt<\/p>\n","protected":false},"excerpt":{"rendered":"<p>Wave Air Pump Mouse 1 Alpha with 1.3 ltr \/ min<\/p>\n","protected":false},"featured_media":83176,"template":"","meta":[],"pwb-brand":[2167],"product_cat":[1537],"product_tag":[],"class_list":{"0":"post-85909","1":"product","2":"type-product","3":"status-publish","4":"has-post-thumbnail","6":"pwb-brand-wave","7":"product_cat-aquarientechnik","9":"first","10":"instock","11":"taxable","12":"shipping-taxable","13":"purchasable","14":"product-type-simple"},"acf":[],"brands":[{"id":2167,"name":"Wave","slug":"wave"}],"_links":{"self":[{"href":"https:\/\/www.seaflowerstore.com\/de\/wp-json\/wp\/v2\/product\/85909","targetHints":{"allow":["GET"]}}],"collection":[{"href":"https:\/\/www.seaflowerstore.com\/de\/wp-json\/wp\/v2\/product"}],"about":[{"href":"https:\/\/www.seaflowerstore.com\/de\/wp-json\/wp\/v2\/types\/product"}],"wp:featuredmedia":[{"embeddable":true,"href":"https:\/\/www.seaflowerstore.com\/de\/wp-json\/wp\/v2\/media\/83176"}],"wp:attachment":[{"href":"https:\/\/www.seaflowerstore.com\/de\/wp-json\/wp\/v2\/media?parent=85909"}],"wp:term":[{"taxonomy":"pwb-brand","embeddable":true,"href":"https:\/\/www.seaflowerstore.com\/de\/wp-json\/wp\/v2\/pwb-brand?post=85909"},{"taxonomy":"product_cat","embeddable":true,"href":"https:\/\/www.seaflowerstore.com\/de\/wp-json\/wp\/v2\/product_cat?post=85909"},{"taxonomy":"product_tag","embeddable":true,"href":"https:\/\/www.seaflowerstore.com\/de\/wp-json\/wp\/v2\/product_tag?post=85909"}],"curies":[{"name":"wp","href":"https:\/\/api.w.org\/{rel}","templated":true}]}}