{"id":85910,"date":"2020-09-29T17:46:54","date_gmt":"2020-09-29T15:46:54","guid":{"rendered":"https:\/\/www.seaflowerstore.com\/nl\/ai-nero-3-wave-pump\/"},"modified":"2024-03-19T15:41:25","modified_gmt":"2024-03-19T14:41:25","slug":"ai-nero-3-wave-pump","status":"publish","type":"product","link":"https:\/\/www.seaflowerstore.com\/de\/ai-nero-3-wave-pump\/","title":{"rendered":"Ai nero 3 wave pump"},"content":{"rendered":"<h2>Ai nero 3 wave pump with a capacity of 7500 liters \/ hour<\/h2>\n<p>Wir stellen alle gro\u00dfartigen Funktionen des Nero 5 vor, jetzt in einer kompakten Version erh\u00e4ltlich!<\/p>\n<p><strong>Eigenschaften:<\/strong><\/p>\n<ul>\n<li>Fast halb so gro\u00df wie der Nero 5 \u2013 perfekt f\u00fcr Nanotanks!<\/li>\n<li>Kompakt und dennoch leistungsstark; liefert bis zu 7500 Liter pro Stunde.<\/li>\n<li>F\u00fcnf Durchflussmodi:\n<ul>\n<li><strong>Zuf\u00e4llig:<\/strong> Simuliert energiereiche Riffumgebungen durch zuf\u00e4llige Variation der Durchflussraten im Tagesverlauf.<\/li>\n<li><strong>Puls:<\/strong> Erzeugt wellenf\u00f6rmige hohe und niedrige Str\u00f6mungen, um nat\u00fcrliche Wellenmuster mit einstellbaren Pulsintervallen und maximalen Durchflussraten nachzuahmen.<\/li>\n<li><strong>Konstant:<\/strong> Sorgt f\u00fcr einen gleichm\u00e4\u00dfigen Durchfluss bei der von Ihnen gew\u00e4hlten Intensit\u00e4t.<\/li>\n<li><strong>Zeitplan:<\/strong> Passen Sie die Pumpenmodi mit der MyAi-App an unterschiedliche Tageszeiten an.<\/li>\n<li><strong>F\u00f6rderung:<\/strong> Pausieren Sie die Pumpe einfach f\u00fcr 10 Minuten, indem Sie die Bet\u00e4tigungstaste 2-5 Sekunden lang gedr\u00fcckt halten.<\/li>\n<\/ul>\n<\/li>\n<li>Einfache Installation; einfach einstecken und schon kann es losgehen.<\/li>\n<li>Legen Sie \u00fcber die MyAi-App mit Bluetooth LE einen Zeitplan fest, der den Anforderungen Ihres Tanks entspricht; keine Internetverbindung erforderlich.<\/li>\n<li>Verf\u00fcgt \u00fcber ein magnetisches Montagesystem zur einfachen Positionierung Ihrer Pumpe.<\/li>\n<li>Bietet ein breites Str\u00f6mungsmuster mit der M\u00f6glichkeit, die Str\u00f6mung in einem Bereich von 15 Grad auf allen Seiten zu lenken.<\/li>\n<li>Enth\u00e4lt einen Fischschutz, um neugierige oder langsam schwimmende Fische vor dem Pumpenpropeller zu sch\u00fctzen.<\/li>\n<\/ul>\n<p><strong>Spezifikationen:<\/strong><\/p>\n<ul>\n<li>Maximale Glasdicke = 13 mm oder 0,5 Zoll<\/li>\n<li>Abmessungen des Pumpenteils im Aquarium: 60 mm Durchmesser und 40 mm Dicke<\/li>\n<li>Durchflussrate = bis zu 7500 l\/h<\/li>\n<li>Spannung = 100\u2013240 VAC, 50\/60 Hz, 1 A<\/li>\n<li>Stromverbrauch = variabel, max. 20 W<\/li>\n<\/ul>\n<p><strong>Lieferumfang:<\/strong><\/p>\n<ul>\n<li>Ai Nero 3 Pumpe<\/li>\n<li>Ai Nero 3 Controller<\/li>\n<li>Ai Nero 3 Fish Guard<\/li>\n<li>Magnetisches Befestigungssystem<\/li>\n<li>Netzteil<\/li>\n<li>Benutzerhandbuch<\/li>\n<\/ul>\n","protected":false},"excerpt":{"rendered":"<p>Ai nero 3 wave pump with a capacity of 7500 liters \/ hour<\/p>\n","protected":false},"featured_media":83173,"template":"","meta":[],"pwb-brand":[2175],"product_cat":[1388,1383],"product_tag":[],"class_list":{"0":"post-85910","1":"product","2":"type-product","3":"status-publish","4":"has-post-thumbnail","6":"pwb-brand-aqua-illumination","7":"product_cat-stroemungspumpen","8":"product_cat-aqua-illumination-de","10":"first","11":"outofstock","12":"taxable","13":"shipping-taxable","14":"purchasable","15":"product-type-simple"},"acf":[],"brands":[{"id":2175,"name":"Aqua Illumination","slug":"aqua-illumination"}],"_links":{"self":[{"href":"https:\/\/www.seaflowerstore.com\/de\/wp-json\/wp\/v2\/product\/85910","targetHints":{"allow":["GET"]}}],"collection":[{"href":"https:\/\/www.seaflowerstore.com\/de\/wp-json\/wp\/v2\/product"}],"about":[{"href":"https:\/\/www.seaflowerstore.com\/de\/wp-json\/wp\/v2\/types\/product"}],"wp:featuredmedia":[{"embeddable":true,"href":"https:\/\/www.seaflowerstore.com\/de\/wp-json\/wp\/v2\/media\/83173"}],"wp:attachment":[{"href":"https:\/\/www.seaflowerstore.com\/de\/wp-json\/wp\/v2\/media?parent=85910"}],"wp:term":[{"taxonomy":"pwb-brand","embeddable":true,"href":"https:\/\/www.seaflowerstore.com\/de\/wp-json\/wp\/v2\/pwb-brand?post=85910"},{"taxonomy":"product_cat","embeddable":true,"href":"https:\/\/www.seaflowerstore.com\/de\/wp-json\/wp\/v2\/product_cat?post=85910"},{"taxonomy":"product_tag","embeddable":true,"href":"https:\/\/www.seaflowerstore.com\/de\/wp-json\/wp\/v2\/product_tag?post=85910"}],"curies":[{"name":"wp","href":"https:\/\/api.w.org\/{rel}","templated":true}]}}