{"id":85912,"date":"2020-09-12T14:34:36","date_gmt":"2020-09-12T12:34:36","guid":{"rendered":"https:\/\/www.seaflowerstore.com\/nl\/tropic-marin-a-elements\/"},"modified":"2024-03-19T15:41:30","modified_gmt":"2024-03-19T14:41:30","slug":"tropic-marin-a-elements","status":"publish","type":"product","link":"https:\/\/www.seaflowerstore.com\/de\/tropic-marin-a-elements\/","title":{"rendered":"Tropic Marin A ELEMENTS"},"content":{"rendered":"<h2>Tropic Marin A ELEMENTS Essential anionic trace element supplements for marine aquariums<\/h2>\n<p>Willkommen in der Welt von <strong>Tropic Marin A ELEMENTS<\/strong>, wo wir essentielle anionische und kationische Spurenelementpr\u00e4parate anbieten, die speziell f\u00fcr Meerwasseraquarien entwickelt wurden. Neben Calcium und Karbonath\u00e4rte ben\u00f6tigt das Korallenwachstum auch eine Vielzahl essentieller Spurenelemente. Diese Elemente spielen eine entscheidende Rolle im Stoffwechsel und der Skelettstruktur von Wirbellosen.<\/p>\n<p>Obwohl Meerwasser Spurenelemente in winzigen Mengen enth\u00e4lt, werden sie schnell durch das Korallenwachstum und andere biologische Prozesse verbraucht. Daher ist eine regelm\u00e4\u00dfige Erg\u00e4nzung dieser Spurenelemente unerl\u00e4sslich.<\/p>\n<p>Nach umfangreichen wissenschaftlichen Analysen von Wasser- und Korallenskelettproben haben wir <strong>Tropic Marin K+ ELEMENTS<\/strong> und <strong>A- ELEMENTS<\/strong> entwickelt. Diese Produkte enthalten die notwendigen kationischen und anionischen Spurenelemente f\u00fcr Riffaquarien, alle in optimal dosierten Mengen.<\/p>\n<p><strong>Vorteile von Tropic Marin A ELEMENTS:<\/strong><\/p>\n<ul>\n<li>Essentielle anionische und kationische Spurenelement-Erg\u00e4nzungen in fl\u00fcssiger Form.<\/li>\n<li>Ein komplettes Profil essentieller Spurenelemente mit nur zwei L\u00f6sungen.<\/li>\n<li>K+ ELEMENTS enth\u00e4lt Kationen von Spurenelementen wie Barium, Chrom, Kobalt, Eisen, Kupfer, Mangan, Nickel, Strontium und Zink in rein mineralischer Form.<\/li>\n<li>A- ELEMENTS enth\u00e4lt Anionen von Spurenelementen wie Brom, Fluor, Jod, Lithium, Molybd\u00e4n, Selen und Vanadium in rein mineralischer Form.<\/li>\n<li>Unterst\u00fctzt optimales Wachstum und nat\u00fcrliche F\u00e4rbung von Korallen und Wirbellosen.<\/li>\n<li>Verhindert das Ausbleichen von Korallen durch bei Spurenelementmangel.<\/li>\n<li>Einfache Anwendung \u2013 sowohl f\u00fcr manuelle Dosierung als auch f\u00fcr Dosierpumpen geeignet.<\/li>\n<\/ul>\n<p><strong>Anwendung:<\/strong><\/p>\n<p>F\u00fcr eine vollst\u00e4ndige Spurenelementversorgung empfehlen wir die Verwendung beider Spurenelementl\u00f6sungen. Die empfohlene Dosierung lautet:<\/p>\n<p>T\u00e4glich 1 ml jeder Spurenelementl\u00f6sung pro 100 Liter Wasservolumen des Aquariensystems zugeben. Bitte achten Sie darauf, dass die Spurenelementl\u00f6sung nicht in direkten Kontakt mit den Tieren kommt.<\/p>\n<p>Der Bedarf an Spurenelementen steigt mit zunehmender Aquarienbesatzdichte. In stark besetzten Aquarien kann die Dosierung bis zur unten angegebenen Maximaldosis erh\u00f6ht werden.<\/p>\n<p><strong>Maximale Dosierung:<\/strong> \u00dcberschreiten Sie nicht eine Dosierung von 2 ml pro 100 Liter (25 Gallonen) Aquarienwasservolumen pro Tag.<\/p>\n<p>Zur einfachen Ermittlung der erforderlichen Dosierung f\u00fcr Ihr Aquarium verwenden Sie bitte unseren neuen Dosierungsrechner:<\/p>\n<ul>\n<li><a href=\"https:\/\/www.tropic-marin-smartinfo.com\/en\/minerals\/a-elements.html#open-5\" rel=\"nofollow noopener\" target=\"_blank\">A-ELEMENTE<\/a><\/li>\n<li><a href=\"https:\/\/www.tropic-marin-smartinfo.com\/en\/minerals\/k-elements.html#open-5\" rel=\"nofollow noopener\" target=\"_blank\">K+ELEMENTE<\/a><\/li>\n<\/ul>\n","protected":false},"excerpt":{"rendered":"<p>Tropic Marin A ELEMENTS Essential anionic trace element supplements for marine aquariums<\/p>\n","protected":false},"featured_media":83166,"template":"","meta":[],"pwb-brand":[2151],"product_cat":[1391,515],"product_tag":[],"class_list":{"0":"post-85912","1":"product","2":"type-product","3":"status-publish","4":"has-post-thumbnail","6":"pwb-brand-tropic-marin","7":"product_cat-ergaenzungen","8":"product_cat-additives","9":"pa_content-1000-ml","10":"pa_content-500-ml","11":"pa_inhoud-1000-ml-de","12":"pa_inhoud-200-ml-de","13":"pa_inhoud-500-ml-de","15":"first","16":"instock","17":"taxable","18":"shipping-taxable","19":"purchasable","20":"product-type-variable"},"acf":[],"brands":[{"id":2151,"name":"Tropic Marin","slug":"tropic-marin"}],"_links":{"self":[{"href":"https:\/\/www.seaflowerstore.com\/de\/wp-json\/wp\/v2\/product\/85912","targetHints":{"allow":["GET"]}}],"collection":[{"href":"https:\/\/www.seaflowerstore.com\/de\/wp-json\/wp\/v2\/product"}],"about":[{"href":"https:\/\/www.seaflowerstore.com\/de\/wp-json\/wp\/v2\/types\/product"}],"wp:featuredmedia":[{"embeddable":true,"href":"https:\/\/www.seaflowerstore.com\/de\/wp-json\/wp\/v2\/media\/83166"}],"wp:attachment":[{"href":"https:\/\/www.seaflowerstore.com\/de\/wp-json\/wp\/v2\/media?parent=85912"}],"wp:term":[{"taxonomy":"pwb-brand","embeddable":true,"href":"https:\/\/www.seaflowerstore.com\/de\/wp-json\/wp\/v2\/pwb-brand?post=85912"},{"taxonomy":"product_cat","embeddable":true,"href":"https:\/\/www.seaflowerstore.com\/de\/wp-json\/wp\/v2\/product_cat?post=85912"},{"taxonomy":"product_tag","embeddable":true,"href":"https:\/\/www.seaflowerstore.com\/de\/wp-json\/wp\/v2\/product_tag?post=85912"}],"curies":[{"name":"wp","href":"https:\/\/api.w.org\/{rel}","templated":true}]}}