{"id":85916,"date":"2020-08-28T20:17:56","date_gmt":"2020-08-28T18:17:56","guid":{"rendered":"https:\/\/www.seaflowerstore.com\/nl\/calcean-aragonite-calcium-feed-coarse-22-kg\/"},"modified":"2024-03-19T15:41:17","modified_gmt":"2024-03-19T14:41:17","slug":"calcean-aragonite-calcium-feed-coarse-22-kg","status":"publish","type":"product","link":"https:\/\/www.seaflowerstore.com\/de\/calcean-aragonite-calcium-feed-coarse-22-kg\/","title":{"rendered":"Calcean Aragonite Calcium Feed &#8211; Coarse 2,2 kg"},"content":{"rendered":"<h2>Calcean Aragonite Calcium Feed &#8211; Coarse 2,2 kg<\/h2>\n<h2>alcean Aragonit-Kalziumfutter \u2013 grob, 2,2 kg, hervorragend f\u00fcr H\u00fchner<\/h2>\n<p>Warum ist Oolitic Aragonit-Kalziumfutter anderen Formen von Kalziumpr\u00e4paraten \u00fcberlegen? Lassen Sie uns das untersuchen.<\/p>\n<p>Oolitic Aragonit stellt die reinste Form von nat\u00fcrlich ausgef\u00e4lltem Kalziumkarbonat dar, das im Ozean vorkommt. Es weist eine einzigartige Kristallstruktur mit orthorhombischen, bipyramidalen Kristallen auf. Diese Struktur f\u00fchrt zu einer extrem gro\u00dfen Oberfl\u00e4che und einem hohen Seitenverh\u00e4ltnis, was die Bioverf\u00fcgbarkeit von Kalzium verbessert und es f\u00fcr H\u00fchner im Vergleich zu anderen Kalziumquellen leichter absorbierbar macht.<\/p>\n<ul>\n<li><strong>Hochverdaulich und phosphorfrei<\/strong><\/li>\n<li><strong>Reich an nat\u00fcrlich vorkommenden Aminos\u00e4uren<\/strong><\/li>\n<li><strong>Wichtig f\u00fcr die Integrit\u00e4t der Eierschale<\/strong><\/li>\n<\/ul>\n<p><strong>Zutaten:<\/strong> Oolithisches Aragonit-Kalziumcarbonat<\/p>\n<p><strong>Garantierte Analyse:<\/strong> Kalzium (min. bis max.) 34 % bis 42 %, Aminos\u00e4uren (Glutamin- und Asparagins\u00e4ure) 2\u20133 %<\/p>\n","protected":false},"excerpt":{"rendered":"<p>Calcean Aragonite Calcium Feed &#8211; Coarse 2,2 kg excellent for chickens<\/p>\n","protected":false},"featured_media":83160,"template":"","meta":[],"pwb-brand":[2297],"product_cat":[1534],"product_tag":[],"class_list":{"0":"post-85916","1":"product","2":"type-product","3":"status-publish","4":"has-post-thumbnail","6":"pwb-brand-calcean","7":"product_cat-verschiedene","9":"first","10":"instock","11":"taxable","12":"shipping-taxable","13":"purchasable","14":"product-type-simple"},"acf":[],"brands":[{"id":2297,"name":"Calcean","slug":"calcean"}],"_links":{"self":[{"href":"https:\/\/www.seaflowerstore.com\/de\/wp-json\/wp\/v2\/product\/85916","targetHints":{"allow":["GET"]}}],"collection":[{"href":"https:\/\/www.seaflowerstore.com\/de\/wp-json\/wp\/v2\/product"}],"about":[{"href":"https:\/\/www.seaflowerstore.com\/de\/wp-json\/wp\/v2\/types\/product"}],"wp:featuredmedia":[{"embeddable":true,"href":"https:\/\/www.seaflowerstore.com\/de\/wp-json\/wp\/v2\/media\/83160"}],"wp:attachment":[{"href":"https:\/\/www.seaflowerstore.com\/de\/wp-json\/wp\/v2\/media?parent=85916"}],"wp:term":[{"taxonomy":"pwb-brand","embeddable":true,"href":"https:\/\/www.seaflowerstore.com\/de\/wp-json\/wp\/v2\/pwb-brand?post=85916"},{"taxonomy":"product_cat","embeddable":true,"href":"https:\/\/www.seaflowerstore.com\/de\/wp-json\/wp\/v2\/product_cat?post=85916"},{"taxonomy":"product_tag","embeddable":true,"href":"https:\/\/www.seaflowerstore.com\/de\/wp-json\/wp\/v2\/product_tag?post=85916"}],"curies":[{"name":"wp","href":"https:\/\/api.w.org\/{rel}","templated":true}]}}