{"id":85918,"date":"2020-08-28T18:41:54","date_gmt":"2020-08-28T16:41:54","guid":{"rendered":"https:\/\/www.seaflowerstore.com\/nl\/calcean-african-cichlid\/"},"modified":"2024-03-19T15:41:19","modified_gmt":"2024-03-19T14:41:19","slug":"calcean-african-cichlid","status":"publish","type":"product","link":"https:\/\/www.seaflowerstore.com\/de\/calcean-african-cichlid\/","title":{"rendered":"Calcean African Cichlid"},"content":{"rendered":"<h2>Calcean African Cichlid Aragonite substrate for African Cichlid Aquariums<\/h2>\n<p><strong>Nicht f\u00fcr Meerwasseraquarien geeignet.<\/strong> Aus oolithischem Aragonit gewonnenes Calciumcarbonat ist biogen und kommt in der Natur vor. Durch die Verwendung dieses hervorragenden und langlebigen Substrats k\u00f6nnen Sie zum Schutz des Riffs beitragen. Bitte denken Sie daran, die Korallenriffe der Welt zu retten, indem Sie auf die Verwendung von Korallensand verzichten.<\/p>\n<p>Bahamasand ist ein rauer, nat\u00fcrlich erneuerbarer oolithischer Aragonitsand, der bis zu 98 % reines Calciumcarbonat enth\u00e4lt. Die K\u00f6rner sind OOLIT (eif\u00f6rmig) und glatt. Er ist geschmacks- und geruchslos, staubfrei und haltbar. In Kombination mit seiner nahezu chemischen Reinheit, seiner gleichm\u00e4\u00dfigen Gr\u00f6\u00dfe und seiner feink\u00f6rnigen Struktur bietet bahamasischer Aragonit zahlreiche Vorteile, was ihn zu einer erstklassigen Wahl als Calciumcarbonatquelle macht.<\/p>\n","protected":false},"excerpt":{"rendered":"<p>Calcean African Cichlid Aragonite substrate for African Cichlid Aquariums<\/p>\n","protected":false},"featured_media":83158,"template":"","meta":[],"pwb-brand":[2297],"product_cat":[1491,1492],"product_tag":[],"class_list":{"0":"post-85918","1":"product","2":"type-product","3":"status-publish","4":"has-post-thumbnail","6":"pwb-brand-calcean","7":"product_cat-aquariumboden","8":"product_cat-suesswasser","9":"pa_content-45-kg","10":"pa_content-9-kg","11":"pa_inhoud-45-kg-de","12":"pa_inhoud-9-kg-de","14":"first","15":"outofstock","16":"taxable","17":"shipping-taxable","18":"product-type-variable"},"acf":[],"brands":[{"id":2297,"name":"Calcean","slug":"calcean"}],"_links":{"self":[{"href":"https:\/\/www.seaflowerstore.com\/de\/wp-json\/wp\/v2\/product\/85918","targetHints":{"allow":["GET"]}}],"collection":[{"href":"https:\/\/www.seaflowerstore.com\/de\/wp-json\/wp\/v2\/product"}],"about":[{"href":"https:\/\/www.seaflowerstore.com\/de\/wp-json\/wp\/v2\/types\/product"}],"wp:featuredmedia":[{"embeddable":true,"href":"https:\/\/www.seaflowerstore.com\/de\/wp-json\/wp\/v2\/media\/83158"}],"wp:attachment":[{"href":"https:\/\/www.seaflowerstore.com\/de\/wp-json\/wp\/v2\/media?parent=85918"}],"wp:term":[{"taxonomy":"pwb-brand","embeddable":true,"href":"https:\/\/www.seaflowerstore.com\/de\/wp-json\/wp\/v2\/pwb-brand?post=85918"},{"taxonomy":"product_cat","embeddable":true,"href":"https:\/\/www.seaflowerstore.com\/de\/wp-json\/wp\/v2\/product_cat?post=85918"},{"taxonomy":"product_tag","embeddable":true,"href":"https:\/\/www.seaflowerstore.com\/de\/wp-json\/wp\/v2\/product_tag?post=85918"}],"curies":[{"name":"wp","href":"https:\/\/api.w.org\/{rel}","templated":true}]}}