{"id":85922,"date":"2020-08-28T17:53:16","date_gmt":"2020-08-28T15:53:16","guid":{"rendered":"https:\/\/www.seaflowerstore.com\/nl\/marine-accents-ocean-300ml\/"},"modified":"2024-03-19T15:41:13","modified_gmt":"2024-03-19T14:41:13","slug":"marine-accents-ocean-300ml","status":"publish","type":"product","link":"https:\/\/www.seaflowerstore.com\/de\/marine-accents-ocean-300ml\/","title":{"rendered":"Marine Accents Ocean &#8211; 300ml"},"content":{"rendered":"<h2>Calcean Marine Accents Ocean &#8211; 300ml unique accents will complement any reef structure<\/h2>\n<p>F\u00fcgen Sie diese Meeresakzente jedem Salzwasser- oder Buntbarschaquarium hinzu, um einen spektakul\u00e4ren Effekt zu erzielen. Jedes St\u00fcck versteinerter Aragonit und jede Muschel ist eine einzigartige nat\u00fcrliche Skulptur.<\/p>\n<p>Diese einzigartigen Akzente werten jede Riffstruktur auf. Wir empfehlen, sie im Vordergrund Ihres Aquariums zu platzieren und sie in zuf\u00e4lligen Abst\u00e4nden zu verteilen, um den besten optischen Eindruck zu erzielen.<\/p>\n","protected":false},"excerpt":{"rendered":"<p>Calcean Marine Accents 300ml unique accents will complement any reef structure<\/p>\n","protected":false},"featured_media":83156,"template":"","meta":[],"pwb-brand":[2297],"product_cat":[1534],"product_tag":[],"class_list":{"0":"post-85922","1":"product","2":"type-product","3":"status-publish","4":"has-post-thumbnail","6":"pwb-brand-calcean","7":"product_cat-verschiedene","9":"first","10":"outofstock","11":"taxable","12":"shipping-taxable","13":"purchasable","14":"product-type-simple"},"acf":[],"brands":[{"id":2297,"name":"Calcean","slug":"calcean"}],"_links":{"self":[{"href":"https:\/\/www.seaflowerstore.com\/de\/wp-json\/wp\/v2\/product\/85922","targetHints":{"allow":["GET"]}}],"collection":[{"href":"https:\/\/www.seaflowerstore.com\/de\/wp-json\/wp\/v2\/product"}],"about":[{"href":"https:\/\/www.seaflowerstore.com\/de\/wp-json\/wp\/v2\/types\/product"}],"wp:featuredmedia":[{"embeddable":true,"href":"https:\/\/www.seaflowerstore.com\/de\/wp-json\/wp\/v2\/media\/83156"}],"wp:attachment":[{"href":"https:\/\/www.seaflowerstore.com\/de\/wp-json\/wp\/v2\/media?parent=85922"}],"wp:term":[{"taxonomy":"pwb-brand","embeddable":true,"href":"https:\/\/www.seaflowerstore.com\/de\/wp-json\/wp\/v2\/pwb-brand?post=85922"},{"taxonomy":"product_cat","embeddable":true,"href":"https:\/\/www.seaflowerstore.com\/de\/wp-json\/wp\/v2\/product_cat?post=85922"},{"taxonomy":"product_tag","embeddable":true,"href":"https:\/\/www.seaflowerstore.com\/de\/wp-json\/wp\/v2\/product_tag?post=85922"}],"curies":[{"name":"wp","href":"https:\/\/api.w.org\/{rel}","templated":true}]}}