{"id":85933,"date":"2020-07-23T11:42:11","date_gmt":"2020-07-23T07:52:03","guid":{"rendered":"https:\/\/www.seaflowerstore.com\/nl\/jebao-wifi-doser-3-4\/"},"modified":"2025-08-14T20:37:43","modified_gmt":"2025-08-14T18:37:43","slug":"jebao-wifi-doser-3-4","status":"publish","type":"product","link":"https:\/\/www.seaflowerstore.com\/de\/jebao-wifi-doser-3-4\/","title":{"rendered":"Jebao WiFi Doser 3.4"},"content":{"rendered":"<h2>Jebao WiFi Doser 3.4 super handy dosing pump<\/h2>\n<p>Der Jecod WiFi Doser 3.4 ist eine praktische Dosierpumpe der Marke Jecod \/ Jebao. Dieses innovative Ger\u00e4t verf\u00fcgt \u00fcber WiFi-Konnektivit\u00e4t und ist ohne Display oder Tasten am Geh\u00e4use konzipiert, wodurch es kompakt und einfach \u00fcber Ihr Smartphone oder Tablet zu bedienen ist. Es eignet sich perfekt f\u00fcr die t\u00e4gliche Dosierung Ihrer Aquarienzus\u00e4tze und ist daher nicht nur f\u00fcr Meerwasseraquarien, sondern auch f\u00fcr S\u00fc\u00dfwasseraquarien geeignet.<\/p>\n<p><strong>Spezifikationen:<\/strong><\/p>\n<ul>\n<li>Modell: Doser 3.4<\/li>\n<li>Leistung: 7,5 W<\/li>\n<li>Spannung: 12 V<\/li>\n<li>F\u00f6rderh\u00f6he Hmax: 1,5 m<\/li>\n<li>Max. Durchflussrate: 50 ml\/min<\/li>\n<li>Kan\u00e4le: 4<\/li>\n<li>Max. Temperatur: 35 \u2103<\/li>\n<\/ul>\n<p><strong>Eigenschaften:<\/strong><\/p>\n<ul>\n<li>WiFi-Steuerungsfunktion<\/li>\n<li>Automatische Dosierung mit hoher Pr\u00e4zision<\/li>\n<li>Sicherheitskleinspannung<\/li>\n<li>Automatisch\/manuell Dosierung<\/li>\n<\/ul>\n<p><strong>Lieferumfang:<\/strong><\/p>\n<ul>\n<li>1 x WiFi-Dosierpumpe Jecod Doser WiFi 3.4<\/li>\n<li>1 x zus\u00e4tzlicher Pumpenkopf<\/li>\n<li>1 x Netzteil + Kabel<\/li>\n<li>1 x Benutzerhandbuch<\/li>\n<\/ul>\n","protected":false},"excerpt":{"rendered":"<p>Jebao WiFi Doser 3.4 super handy dosing pump<\/p>\n","protected":false},"featured_media":83119,"template":"","meta":[],"pwb-brand":[2187],"product_cat":[1406],"product_tag":[],"class_list":{"0":"post-85933","1":"product","2":"type-product","3":"status-publish","4":"has-post-thumbnail","6":"pwb-brand-jebao-jecod","7":"product_cat-dosierpumpen","9":"first","10":"outofstock","11":"taxable","12":"shipping-taxable","13":"purchasable","14":"product-type-simple"},"acf":[],"brands":[{"id":2187,"name":"Jebao \/ Jecod","slug":"jebao-jecod"}],"_links":{"self":[{"href":"https:\/\/www.seaflowerstore.com\/de\/wp-json\/wp\/v2\/product\/85933","targetHints":{"allow":["GET"]}}],"collection":[{"href":"https:\/\/www.seaflowerstore.com\/de\/wp-json\/wp\/v2\/product"}],"about":[{"href":"https:\/\/www.seaflowerstore.com\/de\/wp-json\/wp\/v2\/types\/product"}],"wp:featuredmedia":[{"embeddable":true,"href":"https:\/\/www.seaflowerstore.com\/de\/wp-json\/wp\/v2\/media\/83119"}],"wp:attachment":[{"href":"https:\/\/www.seaflowerstore.com\/de\/wp-json\/wp\/v2\/media?parent=85933"}],"wp:term":[{"taxonomy":"pwb-brand","embeddable":true,"href":"https:\/\/www.seaflowerstore.com\/de\/wp-json\/wp\/v2\/pwb-brand?post=85933"},{"taxonomy":"product_cat","embeddable":true,"href":"https:\/\/www.seaflowerstore.com\/de\/wp-json\/wp\/v2\/product_cat?post=85933"},{"taxonomy":"product_tag","embeddable":true,"href":"https:\/\/www.seaflowerstore.com\/de\/wp-json\/wp\/v2\/product_tag?post=85933"}],"curies":[{"name":"wp","href":"https:\/\/api.w.org\/{rel}","templated":true}]}}