{"id":85936,"date":"2020-07-01T12:00:17","date_gmt":"2020-07-01T10:00:17","guid":{"rendered":"https:\/\/www.seaflowerstore.com\/nl\/flipper-cleaner-nano-float\/"},"modified":"2024-03-20T16:23:56","modified_gmt":"2024-03-20T15:23:56","slug":"flipper-cleaner-nano-float","status":"publish","type":"product","link":"https:\/\/www.seaflowerstore.com\/de\/flipper-cleaner-nano-float\/","title":{"rendered":"Flipper Cleaner Nano Float"},"content":{"rendered":"<h2>Flipper Cleaner Nano Float Magnet Cleaner (new model, it floats)<\/h2>\n<p style=\"text-align: justify\">Der neue, kompakte Flipper ist f\u00fcr Glasst\u00e4rken bis 6 mm ausgelegt und damit ein vielseitiges Werkzeug f\u00fcr Ihre Aquarienpflege.<\/p>\n<p><strong>Abmessungen<\/strong><\/p>\n<ul>\n<li>Griff: 76 x 38 x 13 mm<\/li>\n<li>Magnet: 95 x 48 x 12 mm (inkl. F\u00fc\u00dfe und Klinge)<\/li>\n<\/ul>\n<p>Das patentierte Design erm\u00f6glicht es Ihnen, den Magneten in Ihrem Aquarium durch einfaches Drehen des \u00e4u\u00dferen Griffs zu drehen. Eine Seite verf\u00fcgt \u00fcber ein gro\u00dfes, weiches Reinigungspad f\u00fcr die t\u00e4gliche Pflege, w\u00e4hrend die andere Seite eine Edelstahlklinge zum Entfernen hartn\u00e4ckiger Algen besitzt. Mit dem Flipper Cleaner k\u00f6nnen Sie kristallklares Glas pflegen, ohne sich die H\u00e4nde nass zu machen!<\/p>\n<p>Der Flipper Cleaner ist dank seiner vertikalen Ausrichtung leicht zu entnehmen. Das Nano-Modell ist mit einer Klinge aus rostfreiem Stahl ausgestattet.<\/p>\n<h4>Warum drehen?<\/h4>\n<p>Die Verwendung von Magneten, die nur ein Messer haben, kann die t\u00e4gliche Wartung verl\u00e4ngern und die Messer neigen dazu, sich schnell abzunutzen. Das Entfernen hartn\u00e4ckiger Algen wird mit einem Magneten, der nur ein Reinigungspad hat, deutlich schwieriger. Der Flipper Cleaner ist einzigartig, da er beide Funktionen bietet!<\/p>\n<p>Die Verwendung des Flippers ist unkompliziert, wenn Sie erst einmal verstanden haben, wie er funktioniert. Lesen Sie die Anweisungen vor der Verwendung sorgf\u00e4ltig durch oder sehen Sie sich das Anleitungsvideo an. Drehen Sie den Flipper dort, wo die Str\u00f6mung minimal ist und nahe an der Wasseroberfl\u00e4che.<\/p>\n<ul>\n<li>Die maximale Glasdicke f\u00fcr das Nano-Modell betr\u00e4gt 6 mm.<\/li>\n<li>Die Klingen sind aus rostfreiem Stahl 316 gefertigt und daher sehr rostbest\u00e4ndig. Der Flipper kann im Aquarium verbleiben und die Klinge sollte je nach Nutzung monatelang effektiv funktionieren.<\/li>\n<li>Der Flipper Cleaner Nano kann auch bei gew\u00f6lbten Fenstern verwendet werden.<\/li>\n<\/ul>\n","protected":false},"excerpt":{"rendered":"<p>Flipper Cleaner Nano Float Magnet Cleaner (new model, it floats) is suitable for glass thicknesses up to 6mm<\/p>\n","protected":false},"featured_media":83069,"template":"","meta":[],"pwb-brand":[2247],"product_cat":[1428],"product_tag":[],"class_list":{"0":"post-85936","1":"product","2":"type-product","3":"status-publish","4":"has-post-thumbnail","6":"pwb-brand-flipper","7":"product_cat-algenmagnet","9":"first","10":"outofstock","11":"taxable","12":"shipping-taxable","13":"purchasable","14":"product-type-simple"},"acf":[],"brands":[{"id":2247,"name":"Flipper","slug":"flipper"}],"_links":{"self":[{"href":"https:\/\/www.seaflowerstore.com\/de\/wp-json\/wp\/v2\/product\/85936","targetHints":{"allow":["GET"]}}],"collection":[{"href":"https:\/\/www.seaflowerstore.com\/de\/wp-json\/wp\/v2\/product"}],"about":[{"href":"https:\/\/www.seaflowerstore.com\/de\/wp-json\/wp\/v2\/types\/product"}],"wp:featuredmedia":[{"embeddable":true,"href":"https:\/\/www.seaflowerstore.com\/de\/wp-json\/wp\/v2\/media\/83069"}],"wp:attachment":[{"href":"https:\/\/www.seaflowerstore.com\/de\/wp-json\/wp\/v2\/media?parent=85936"}],"wp:term":[{"taxonomy":"pwb-brand","embeddable":true,"href":"https:\/\/www.seaflowerstore.com\/de\/wp-json\/wp\/v2\/pwb-brand?post=85936"},{"taxonomy":"product_cat","embeddable":true,"href":"https:\/\/www.seaflowerstore.com\/de\/wp-json\/wp\/v2\/product_cat?post=85936"},{"taxonomy":"product_tag","embeddable":true,"href":"https:\/\/www.seaflowerstore.com\/de\/wp-json\/wp\/v2\/product_tag?post=85936"}],"curies":[{"name":"wp","href":"https:\/\/api.w.org\/{rel}","templated":true}]}}