{"id":85943,"date":"2020-05-24T13:58:49","date_gmt":"2020-05-24T11:58:49","guid":{"rendered":"https:\/\/www.seaflowerstore.com\/nl\/octo-classic-110-s-space-saving-skimmer\/"},"modified":"2024-03-19T15:32:24","modified_gmt":"2024-03-19T14:32:24","slug":"octo-classic-110-s-space-saving-skimmer","status":"publish","type":"product","link":"https:\/\/www.seaflowerstore.com\/de\/octo-classic-110-s-space-saving-skimmer\/","title":{"rendered":"Octo Classic 110-S Space Saving Skimmer"},"content":{"rendered":"<h2>Octo Classic 110-S Space Saving Skimmer for reef tanks up to 500 liter<\/h2>\n<p><strong>Wussten Sie schon?<\/strong> Wir sind der erste Eiwei\u00dfabsch\u00e4umerhersteller weltweit, der seine eigenen Absch\u00e4umerpumpen entwickelt und produziert. Unsere Pumpen sind speziell daf\u00fcr konstruiert, die Effizienz unserer Eiwei\u00dfabsch\u00e4umer zu verbessern.<\/p>\n<p><strong>Produktname:<\/strong> Classic Space Saving Skimmers<\/p>\n<p><strong>Modell\/Typ:<\/strong> Space Saving Skimmers (SSS)<\/p>\n<p><strong>Serie:<\/strong> OCTO<\/p>\n<p><strong>Funktionen und Vorteile<\/strong><\/p>\n<ul>\n<li>Ultrakompakt mit \u00fcberlegener Leistung<\/li>\n<li>Aquatrance-Pumpen, speziell f\u00fcr Eiwei\u00dfabsch\u00e4umer entwickelt<\/li>\n<li>Einfache Wartung<\/li>\n<li>Ausgang f\u00fcr blasenfreien Abfluss ausgelegt<\/li>\n<li>Leiser Betrieb<\/li>\n<li>Hochwertige handgefertigte Acrylkonstruktion<\/li>\n<li>Beliebt bei Profis und Hobbyisten<\/li>\n<\/ul>\n<p><strong>\u00dcberblick<\/strong><\/p>\n<p>Dieser Absch\u00e4umer ist erschwinglich, leistungsstark und bietet eine ultrakompaktes Design. Mit seiner geringen Stellfl\u00e4che ist der Classic Space Saving Skimmer (Classic-S) der OCTO-Serie der perfekte Eiwei\u00dfabsch\u00e4umer f\u00fcr Aquarien mit begrenztem Sumpfraum. Er verf\u00fcgt \u00fcber ein hochwertiges Geh\u00e4use aus gegossenem Acryl, l\u00e4sst sich zur Wartung leicht zerlegen und wird mit unserer Aquatrance-Pumpe betrieben. Eine separate F\u00f6rderpumpe ist nicht erforderlich, da das Wasser direkt aus dem Sumpf entnommen wird.<\/p>\n<p><strong>Technische Daten:<\/strong><\/p>\n<ul>\n<li>Nass\/Trocken: Nass<\/li>\n<li>Pumpenleistung: 8 W<\/li>\n<li>Becherdurchmesser: 120 mm<\/li>\n<li>Halsdurchmesser: 60 mm<\/li>\n<li>Grundfl\u00e4che: 200 mm x 155 mm<\/li>\n<li>H\u00f6he: 485 mm<\/li>\n<li>Ausgangsgr\u00f6\u00dfe: 32 mm<\/li>\n<li>Tankvolumen: 500 l<\/li>\n<\/ul>\n<p><strong>Absch\u00e4umerpumpe:<\/strong><\/p>\n<ul>\n<li>Modell: AQ-1000s<\/li>\n<li>Nass\/Trocken: Beide<\/li>\n<li>Lufteinlass: 420 l\/PH<\/li>\n<li>Leistung: 8 W<\/li>\n<li>Maximale Durchflussrate: 350 LPH<\/li>\n<li>Anschlussgr\u00f6\u00dfe (Auslass): 25 mm<\/li>\n<\/ul>\n","protected":false},"excerpt":{"rendered":"<p>Octo Classic 110-S Space Saving Skimmer for reef tanks up to 500liter<\/p>\n","protected":false},"featured_media":83021,"template":"","meta":[],"pwb-brand":[2295],"product_cat":[1494],"product_tag":[],"class_list":{"0":"post-85943","1":"product","2":"type-product","3":"status-publish","4":"has-post-thumbnail","6":"pwb-brand-reef-octopus","7":"product_cat-eiwitafschuerzen","8":"pa_show-myparcel-options-male-de","10":"first","11":"outofstock","12":"taxable","13":"shipping-taxable","14":"purchasable","15":"product-type-simple"},"acf":[],"brands":[{"id":2295,"name":"Reef OCTOpus","slug":"reef-octopus"}],"_links":{"self":[{"href":"https:\/\/www.seaflowerstore.com\/de\/wp-json\/wp\/v2\/product\/85943","targetHints":{"allow":["GET"]}}],"collection":[{"href":"https:\/\/www.seaflowerstore.com\/de\/wp-json\/wp\/v2\/product"}],"about":[{"href":"https:\/\/www.seaflowerstore.com\/de\/wp-json\/wp\/v2\/types\/product"}],"wp:featuredmedia":[{"embeddable":true,"href":"https:\/\/www.seaflowerstore.com\/de\/wp-json\/wp\/v2\/media\/83021"}],"wp:attachment":[{"href":"https:\/\/www.seaflowerstore.com\/de\/wp-json\/wp\/v2\/media?parent=85943"}],"wp:term":[{"taxonomy":"pwb-brand","embeddable":true,"href":"https:\/\/www.seaflowerstore.com\/de\/wp-json\/wp\/v2\/pwb-brand?post=85943"},{"taxonomy":"product_cat","embeddable":true,"href":"https:\/\/www.seaflowerstore.com\/de\/wp-json\/wp\/v2\/product_cat?post=85943"},{"taxonomy":"product_tag","embeddable":true,"href":"https:\/\/www.seaflowerstore.com\/de\/wp-json\/wp\/v2\/product_tag?post=85943"}],"curies":[{"name":"wp","href":"https:\/\/api.w.org\/{rel}","templated":true}]}}