{"id":85957,"date":"2020-05-12T11:12:39","date_gmt":"2020-05-12T09:12:39","guid":{"rendered":"https:\/\/www.seaflowerstore.com\/nl\/triton-core7-reef-supplements-4x-5ltr-liquid\/"},"modified":"2024-03-19T15:32:22","modified_gmt":"2024-03-19T14:32:22","slug":"triton-core7-reef-supplements-4x-5ltr-liquid","status":"publish","type":"product","link":"https:\/\/www.seaflowerstore.com\/de\/triton-core7-reef-supplements-4x-5ltr-liquid\/","title":{"rendered":"Triton CORE7 Reef Supplements 4x 5ltr Liquid"},"content":{"rendered":"<h2>Triton CORE7 Reef Supplements 4x 5ltr Liquid No diluting necessary<\/h2>\n<p>Wir stellen unsere <strong>Triton CORE7 Reef Supplements<\/strong> vor! Dieses Produkt wird in vier Beh\u00e4ltern geliefert, die jeweils 5 Liter Premium-Fl\u00fcssigkeit enthalten. <strong>Keine Verd\u00fcnnung erforderlich<\/strong>, was es f\u00fcr Sie unglaublich praktisch macht. Diese neuen Beh\u00e4lter ersetzen die schwereren 10-Liter-Ger\u00e4te, die zwar beliebt, aber etwas umst\u00e4ndlich zu handhaben waren.<\/p>\n<p>Sie k\u00f6nnen sie m\u00fchelos verwenden, um Ihre Dosierbeh\u00e4lter aufzuf\u00fcllen und die verbleibende Fl\u00fcssigkeit in den Beh\u00e4ltern mit Schraubverschluss aufzubewahren.<\/p>\n<p>CORE7 stellt die n\u00e4chste Generation von Dosierl\u00f6sungen dar, die speziell entwickelt wurden, um Wasserparameter zu erg\u00e4nzen und aufrechtzuerhalten, die dem nat\u00fcrlichen Meerwasser f\u00fcr Riffaquarien sehr nahe kommen, und zwar nach der TRITON-Methode der Riffpflege. Dieses Produkt verbessert die urspr\u00fcngliche Base Elements-Reihe in mehreren wesentlichen Punkten.<\/p>\n<p>Was CORE7 wirklich revolution\u00e4r macht, ist seine Konzentration; es ist die konzentrierteste L\u00f6sung, die jemals entwickelt wurde. Keine andere Erg\u00e4nzungsmethode auf der Welt kann mit ihrem Wert und ihrer Stabilit\u00e4t mithalten. Sie m\u00fcssen CORE7 nicht verd\u00fcnnen, da es direkt aus der Flasche verwendet werden kann. Das spart Platz und erspart Ihnen den Aufwand und die Unordnung, die bei der Zubereitung entstehen k\u00f6nnen.<\/p>\n<p>Zus\u00e4tzlich wurden CORE7-L\u00f6sungen f\u00fcr eine h\u00f6here Stabilit\u00e4t neu formuliert und enthalten jetzt einen erh\u00f6hten pH-Wert, um das Korallenwachstum zu f\u00f6rdern. Jahrelange wissenschaftliche Forschung, kombiniert mit Daten aus Zehntausenden von ICP-Aquarien-Meerwassertests, haben zur Entwicklung dieser einzigartigen Elementerg\u00e4nzungsmittel gef\u00fchrt.<\/p>\n<p>Bei Verwendung gem\u00e4\u00df der TRITON-Methode sorgen diese L\u00f6sungen f\u00fcr das wesentliche nat\u00fcrliche Gleichgewicht von Makro- und Spurenelementen, das f\u00fcr ein bl\u00fchendes Riffaquarium erforderlich ist, w\u00e4hrend gleichzeitig ein ionisches Ungleichgewicht verhindert und die Notwendigkeit regelm\u00e4\u00dfiger Wasserwechsel entf\u00e4llt.<\/p>\n<p><strong>Hinweis:<\/strong> Aufgrund der hohen Konzentration dieser Produkte kann es w\u00e4hrend des Versands zu Kristallisation oder Niederschlag kommen. Dies ist v\u00f6llig normal und das Produkt bleibt vollst\u00e4ndig verwendbar. Sie k\u00f6nnen die L\u00f6sung leicht wieder in einen vollst\u00e4ndig fl\u00fcssigen Zustand versetzen, indem Sie den Beh\u00e4lter in hei\u00dfes Wasser stellen und umr\u00fchren, um etwaigen Niederschlag aufzul\u00f6sen. Um Niederschl\u00e4ge zu vermeiden, lagern Sie das Produkt bitte immer im Innenbereich, da kalte Temperaturen zu geringf\u00fcgiger Kristallisation f\u00fchren k\u00f6nnen.<\/p>\n<p><strong>Core7 Base Element sollte in einem Bereich mit hoher Str\u00f6mung dosiert werden, vorzugsweise im Algenrefugium. Das Core7 Reef ben\u00f6tigt keinen Algenfilter.<\/strong><\/p>\n","protected":false},"excerpt":{"rendered":"<p>Triton CORE7 Reef Supplements 4x 5ltr Liquid No diluting necessary<\/p>\n","protected":false},"featured_media":82967,"template":"","meta":[],"pwb-brand":[2181],"product_cat":[1391,1392],"product_tag":[],"class_list":{"0":"post-85957","1":"product","2":"type-product","3":"status-publish","4":"has-post-thumbnail","6":"pwb-brand-triton","7":"product_cat-ergaenzungen","8":"product_cat-triton-de","9":"pa_show-myparcel-options-male-de","11":"first","12":"instock","13":"sale","14":"taxable","15":"shipping-taxable","16":"purchasable","17":"product-type-simple"},"acf":[],"brands":[{"id":2181,"name":"Triton","slug":"triton"}],"_links":{"self":[{"href":"https:\/\/www.seaflowerstore.com\/de\/wp-json\/wp\/v2\/product\/85957","targetHints":{"allow":["GET"]}}],"collection":[{"href":"https:\/\/www.seaflowerstore.com\/de\/wp-json\/wp\/v2\/product"}],"about":[{"href":"https:\/\/www.seaflowerstore.com\/de\/wp-json\/wp\/v2\/types\/product"}],"wp:featuredmedia":[{"embeddable":true,"href":"https:\/\/www.seaflowerstore.com\/de\/wp-json\/wp\/v2\/media\/82967"}],"wp:attachment":[{"href":"https:\/\/www.seaflowerstore.com\/de\/wp-json\/wp\/v2\/media?parent=85957"}],"wp:term":[{"taxonomy":"pwb-brand","embeddable":true,"href":"https:\/\/www.seaflowerstore.com\/de\/wp-json\/wp\/v2\/pwb-brand?post=85957"},{"taxonomy":"product_cat","embeddable":true,"href":"https:\/\/www.seaflowerstore.com\/de\/wp-json\/wp\/v2\/product_cat?post=85957"},{"taxonomy":"product_tag","embeddable":true,"href":"https:\/\/www.seaflowerstore.com\/de\/wp-json\/wp\/v2\/product_tag?post=85957"}],"curies":[{"name":"wp","href":"https:\/\/api.w.org\/{rel}","templated":true}]}}