{"id":85959,"date":"2020-05-07T18:54:42","date_gmt":"2020-05-07T16:54:42","guid":{"rendered":"https:\/\/www.seaflowerstore.com\/nl\/aquaforest-lab-components-pro-3x5-ltr\/"},"modified":"2024-03-19T15:32:20","modified_gmt":"2024-03-19T14:32:20","slug":"aquaforest-lab-components-pro-3x5-ltr","status":"publish","type":"product","link":"https:\/\/www.seaflowerstore.com\/de\/aquaforest-lab-components-pro-3x5-ltr\/","title":{"rendered":"Aquaforest LAB Components Pro 3&#215;5 Ltr"},"content":{"rendered":"<h2>Aquaforest LAB Component Pro 3&#215;5 Ltr <strong>fluids intended for dosing in equal amounts to your tank<\/strong><\/h2>\n<p>Nach jahrelanger Forschung und Tests hat Aquaforest die effizientesten Produktformeln und eine einzigartige Aquaforest-Probiotika-Methode entwickelt. Wir sind stolz darauf, eine der wenigen Marken zu sein, die Produkte anbieten k\u00f6nnen, die selbst f\u00fcr die anspruchsvollsten Korallenarten entwickelt wurden. Alle unsere Produkte werden in der EU aus sorgf\u00e4ltig ausgew\u00e4hlten Komponenten und unter strenger Laboraufsicht hergestellt, um sicherzustellen, dass wir die h\u00f6chsten Standards erf\u00fcllen.<\/p>\n<p>Die chemische Zusammensetzung von Components Pro basiert auf der von H.W. Balling entwickelten Methode, angereichert mit essentiellen Mikroelementen f\u00fcr das ordnungsgem\u00e4\u00dfe Funktionieren eines Meerwasseraquariums. Dadurch k\u00f6nnen wir <strong>drei Fl\u00fcssigkeiten bereitstellen, die f\u00fcr die regelm\u00e4\u00dfige Dosierung in gleichen Mengen vorgesehen sind<\/strong>, um den Bedarf der Korallen an Magnesium, Kalzium und anderen lebenswichtigen Elementen zu decken. Diese Elemente k\u00f6nnen zu Hause schwierig herzustellen sein und erfordern eine sorgf\u00e4ltige, systematische Dosierung. Die Aufrechterhaltung angemessener Magnesium- und Kalziumwerte hilft auch dabei, wichtige Mikroelemente in einem Riffaquarium stabil zu halten (Ca 380\u2013460 ppm, Mg 1180\u20131460 ppm).<\/p>\n<p>F\u00fcr Becken mit einer durchschnittlichen Anzahl von Steinkorallen betr\u00e4gt die empfohlene Dosis etwa 12 ml t\u00e4glich pro 100 Liter Wasser.<\/p>\n<ul>\n<li><strong>Komponente 1 Pro enth\u00e4lt:<\/strong> Ca, Sr, Ba, Co, Mn, Cu, Fe, Zn, Ni, Cr, Mo (25 ml\/100 l [27 US gal] erh\u00f6hen den Ca-Wert um 9 ppm).<\/li>\n<li><strong>Komponente 2 Pro enth\u00e4lt:<\/strong> HCO3, F, I (25 ml\/100 l [27 US gal] erh\u00f6hen den KH um 1,3 dKH, Alk 0,46 meq\/l).<\/li>\n<li><strong>Komponente 3 Pro enth\u00e4lt:<\/strong> Mg, Mineralsalze und S, K, B, Sr, Li (25 ml\/100 l [27 US gal] erh\u00f6hen den Mg-Gehalt um 0,76 ppm).<\/li>\n<\/ul>\n<p><strong>Was ist das Besondere an diesem Produkt?<\/strong><\/p>\n<ul>\n<li>Der wirksamste Satz wichtiger Elemente<\/li>\n<li>Auf Erfahrung basierende Formel<\/li>\n<li>Die konzentriertesten Fl\u00fcssigkeiten, um alle Bed\u00fcrfnisse des Aquariums zu erf\u00fcllen<\/li>\n<li>Sorgt f\u00fcr Ionengleichgewicht<\/li>\n<\/ul>\n<p><strong>Dosierung:<\/strong> F\u00fcr einen durchschnittlichen Korallenbesatz: 12 ml t\u00e4glich\/100 Liter (27 US gal) Wasser.<\/p>\n<p><strong>Gut zu wissen:<\/strong> Am besten ist es f\u00fcr Ihre Korallen, die Tagesdosis in so viele kleine Dosen wie m\u00f6glich aufzuteilen.<\/p>\n","protected":false},"excerpt":{"rendered":"<p>Aquaforest LAB Components Pro 3&#215;5 Ltr fluids intended for dosing in equal amounts to your reeftank<\/p>\n","protected":false},"featured_media":82962,"template":"","meta":[],"pwb-brand":[2199],"product_cat":[1414,1391],"product_tag":[],"class_list":{"0":"post-85959","1":"product","2":"type-product","3":"status-publish","4":"has-post-thumbnail","6":"pwb-brand-aquaforest","7":"product_cat-aquaforest-de","8":"product_cat-ergaenzungen","9":"pa_show-myparcel-options-male-de","11":"first","12":"instock","13":"sale","14":"taxable","15":"shipping-taxable","16":"purchasable","17":"product-type-simple"},"acf":[],"brands":[{"id":2199,"name":"Aquaforest","slug":"aquaforest"}],"_links":{"self":[{"href":"https:\/\/www.seaflowerstore.com\/de\/wp-json\/wp\/v2\/product\/85959","targetHints":{"allow":["GET"]}}],"collection":[{"href":"https:\/\/www.seaflowerstore.com\/de\/wp-json\/wp\/v2\/product"}],"about":[{"href":"https:\/\/www.seaflowerstore.com\/de\/wp-json\/wp\/v2\/types\/product"}],"wp:featuredmedia":[{"embeddable":true,"href":"https:\/\/www.seaflowerstore.com\/de\/wp-json\/wp\/v2\/media\/82962"}],"wp:attachment":[{"href":"https:\/\/www.seaflowerstore.com\/de\/wp-json\/wp\/v2\/media?parent=85959"}],"wp:term":[{"taxonomy":"pwb-brand","embeddable":true,"href":"https:\/\/www.seaflowerstore.com\/de\/wp-json\/wp\/v2\/pwb-brand?post=85959"},{"taxonomy":"product_cat","embeddable":true,"href":"https:\/\/www.seaflowerstore.com\/de\/wp-json\/wp\/v2\/product_cat?post=85959"},{"taxonomy":"product_tag","embeddable":true,"href":"https:\/\/www.seaflowerstore.com\/de\/wp-json\/wp\/v2\/product_tag?post=85959"}],"curies":[{"name":"wp","href":"https:\/\/api.w.org\/{rel}","templated":true}]}}