{"id":85960,"date":"2020-05-07T18:43:46","date_gmt":"2020-05-07T16:43:46","guid":{"rendered":"https:\/\/www.seaflowerstore.com\/nl\/aquaforest-gel-fix-2x20g\/"},"modified":"2024-03-19T15:32:19","modified_gmt":"2024-03-19T14:32:19","slug":"aquaforest-gel-fix-2x20g","status":"publish","type":"product","link":"https:\/\/www.seaflowerstore.com\/de\/aquaforest-gel-fix-2x20g\/","title":{"rendered":"Aquaforest Gel Fix 2x20G"},"content":{"rendered":"<h2>Aquaforest Gel Fix 2x20G coral glue<\/h2>\n<p>AF Gel Fix ist ein schnelles und zuverl\u00e4ssiges Gel, das sich perfekt zum Aufkleben von Korallenfragmenten eignet. Dieses Produkt wurde speziell f\u00fcr das pr\u00e4zise Verkleben kleiner Elemente entwickelt. Dank der Dicke von AF Gel Fix wird das Befestigen von Korallenfragmenten an Felsen oder St\u00f6pseln zum Kinderspiel.<\/p>\n<p>Au\u00dferdem ist das Gel frei von Giftstoffen, die Meereslebewesen schaden k\u00f6nnten, und es h\u00e4rtet in nur 10 Sekunden aus.<\/p>\n<p><strong>Anwendung<\/strong><\/p>\n<ul>\n<li>Sch\u00fctteln Sie die Flasche vor Gebrauch.<\/li>\n<li>Tragen Sie eine kleine Menge AF Gel Fix auf die Oberfl\u00e4che auf, an der Sie das Fragment anbringen m\u00f6chten.<\/li>\n<li>Kleben Sie das Fragment sofort an die gew\u00fcnschte Stelle.<\/li>\n<li>Lassen Sie es 3 Minuten trocknen.<\/li>\n<\/ul>\n<p>Nach dieser Zeit k\u00f6nnen Sie das Korallenfragment sicher in Ihr Aquarium legen.<\/p>\n","protected":false},"excerpt":{"rendered":"<p>Aquaforest Gel Fix 2x20G coral glue<\/p>\n","protected":false},"featured_media":82961,"template":"","meta":[],"pwb-brand":[2199],"product_cat":[1405,1414,1461],"product_tag":[],"class_list":{"0":"post-85960","1":"product","2":"type-product","3":"status-publish","4":"has-post-thumbnail","6":"pwb-brand-aquaforest","7":"product_cat-korallenkleber-versiegelungsmittel","8":"product_cat-aquaforest-de","9":"product_cat-schneidzubehoer","10":"pa_show-myparcel-options-male-de","12":"first","13":"instock","14":"taxable","15":"shipping-taxable","16":"purchasable","17":"product-type-simple"},"acf":[],"brands":[{"id":2199,"name":"Aquaforest","slug":"aquaforest"}],"_links":{"self":[{"href":"https:\/\/www.seaflowerstore.com\/de\/wp-json\/wp\/v2\/product\/85960","targetHints":{"allow":["GET"]}}],"collection":[{"href":"https:\/\/www.seaflowerstore.com\/de\/wp-json\/wp\/v2\/product"}],"about":[{"href":"https:\/\/www.seaflowerstore.com\/de\/wp-json\/wp\/v2\/types\/product"}],"wp:featuredmedia":[{"embeddable":true,"href":"https:\/\/www.seaflowerstore.com\/de\/wp-json\/wp\/v2\/media\/82961"}],"wp:attachment":[{"href":"https:\/\/www.seaflowerstore.com\/de\/wp-json\/wp\/v2\/media?parent=85960"}],"wp:term":[{"taxonomy":"pwb-brand","embeddable":true,"href":"https:\/\/www.seaflowerstore.com\/de\/wp-json\/wp\/v2\/pwb-brand?post=85960"},{"taxonomy":"product_cat","embeddable":true,"href":"https:\/\/www.seaflowerstore.com\/de\/wp-json\/wp\/v2\/product_cat?post=85960"},{"taxonomy":"product_tag","embeddable":true,"href":"https:\/\/www.seaflowerstore.com\/de\/wp-json\/wp\/v2\/product_tag?post=85960"}],"curies":[{"name":"wp","href":"https:\/\/api.w.org\/{rel}","templated":true}]}}