{"id":85964,"date":"2020-05-06T14:30:34","date_gmt":"2020-05-06T12:30:34","guid":{"rendered":"https:\/\/www.seaflowerstore.com\/nl\/tunze-care-bacter\/"},"modified":"2024-03-19T15:32:11","modified_gmt":"2024-03-19T14:32:11","slug":"tunze-care-bacter","status":"publish","type":"product","link":"https:\/\/www.seaflowerstore.com\/de\/tunze-care-bacter\/","title":{"rendered":"Tunze Care Bacter"},"content":{"rendered":"<h2>Tunze Care Bacter contains bacteria on a substrate of powdered Maerl gravel, which keep fresh or seawater aquaria clean<\/h2>\n<p><strong>Wirkungsweise:<\/strong><\/p>\n<ol>\n<li>Es reduziert deutlich verschiedene Gr\u00fcn- und Fadenalgen und verlangsamt so das Wachstum auf Aquarienscheiben. Die eingebrachten Bakterien konkurrieren mit diesen Algen.<\/li>\n<li>Nitrat- und Phosphatverbindungen nehmen ab, da die Bakterien diese Verbindungen als Nahrung aufnehmen. Korallen verdauen sie oder sie werden am Ende ihres Lebenszyklus durch einen Absch\u00e4umer oder Filter entfernt.<\/li>\n<li>Korallen und Fische werden vitaler. Die Bakterien und anderen Bestandteile st\u00e4rken die Abwehrkr\u00e4fte und senken das Risiko von Krankheiten, insbesondere Vibrio-Infektionen.<\/li>\n<li>Das Aquarium erscheint deutlich sauberer und organischer Detritus\/M\u00fcll wird deutlich reduziert. Die Bakterien verwerten den Detritus\/M\u00fcll als Nahrung.<\/li>\n<\/ol>\n<p>Das Produkt enth\u00e4lt nicht pathogene Bakterien, die f\u00fcr Mensch und Umwelt unbedenklich sind. Es enth\u00e4lt keine giftigen Stoffe und es besteht keine Gefahr einer \u00dcberdosierung. Bitte beachten Sie jedoch, dass das Produkt nicht zum Verzehr geeignet ist. Augenkontakt vermeiden und f\u00fcr Kinder unzug\u00e4nglich aufbewahren.<\/p>\n<p><strong>Anwendung:<\/strong><\/p>\n<p>F\u00fcr die Erstanwendung empfehlen wir eine \u201eSchockimpfung\u201c (Messl\u00f6ffel im Lieferumfang enthalten) f\u00fcr effektive und schnelle Ergebnisse:<\/p>\n<ul>\n<li><strong>F\u00fcr Aquarien von 500 bis 1.000 Liter:<\/strong> 10 ml pro Woche (entspricht 4 Messl\u00f6ffeln) f\u00fcr 2 Wochen.<\/li>\n<li><strong>F\u00fcr Aquarien von 100 bis 500 Liter:<\/strong> 5 ml pro Woche (entspricht 2 Messl\u00f6ffeln) f\u00fcr 2 Wochen.<\/li>\n<li><strong>F\u00fcr Aquarien von 30 bis 100 Liter:<\/strong> 2,5 ml (0,08 fl.oz) pro Woche (entspricht 1 Messl\u00f6ffel) f\u00fcr 2 Wochen.<\/li>\n<\/ul>\n<p>W\u00e4hrend der Dosierungsdauer empfehlen wir, das vorhandene mechanische Filtersystem und die Meerwasserabsch\u00e4umung f\u00fcr 10 Minuten vor\u00fcbergehend auszuschalten und die Dosis direkt in das Aquarienbiotop zu injizieren.<\/p>\n<p><strong>Normale Dosierung nach der ersten Impfung:<\/strong><\/p>\n<ul>\n<li><strong>F\u00fcr Aquarien von 500 bis 1.000 Litern (132 bis 264 USgal.):<\/strong> 2,5 ml pro Woche (entspricht 1 Messl\u00f6ffel).<\/li>\n<li><strong>F\u00fcr Aquarien von 30 bis 500 Litern (26 bis 132 USgal.):<\/strong> 1,25 ml pro Woche (entspricht 1\/2 Messl\u00f6ffel).<\/li>\n<\/ul>\n<p>Auch hier empfehlen wir, das vorhandene mechanische Filtersystem auszuschalten System und Meerwasserabsch\u00e4umung f\u00fcr 10 Minuten w\u00e4hrend der Dosierung, wobei die Dosis direkt in das Aquariumbiotop injiziert wird. Die Konzentration betr\u00e4gt 10<sup>9<\/sup> KBE\/g und der Inhalt betr\u00e4gt 40 ml (1,33 oz).<\/p>\n","protected":false},"excerpt":{"rendered":"<p>Tunze Care Bacter contains bacteria on a substrate of powdered Maerl gravel, which keep fresh or seawater aquaria clean<\/p>\n","protected":false},"featured_media":82951,"template":"","meta":[],"pwb-brand":[2123],"product_cat":[1484,1486],"product_tag":[],"class_list":{"0":"post-85964","1":"product","2":"type-product","3":"status-publish","4":"has-post-thumbnail","6":"pwb-brand-tunze","7":"product_cat-bakterien","8":"product_cat-zusatzstoffe","9":"pa_show-myparcel-options-male-de","11":"first","12":"instock","13":"taxable","14":"shipping-taxable","15":"purchasable","16":"product-type-simple"},"acf":[],"brands":[{"id":2123,"name":"Tunze","slug":"tunze"}],"_links":{"self":[{"href":"https:\/\/www.seaflowerstore.com\/de\/wp-json\/wp\/v2\/product\/85964","targetHints":{"allow":["GET"]}}],"collection":[{"href":"https:\/\/www.seaflowerstore.com\/de\/wp-json\/wp\/v2\/product"}],"about":[{"href":"https:\/\/www.seaflowerstore.com\/de\/wp-json\/wp\/v2\/types\/product"}],"wp:featuredmedia":[{"embeddable":true,"href":"https:\/\/www.seaflowerstore.com\/de\/wp-json\/wp\/v2\/media\/82951"}],"wp:attachment":[{"href":"https:\/\/www.seaflowerstore.com\/de\/wp-json\/wp\/v2\/media?parent=85964"}],"wp:term":[{"taxonomy":"pwb-brand","embeddable":true,"href":"https:\/\/www.seaflowerstore.com\/de\/wp-json\/wp\/v2\/pwb-brand?post=85964"},{"taxonomy":"product_cat","embeddable":true,"href":"https:\/\/www.seaflowerstore.com\/de\/wp-json\/wp\/v2\/product_cat?post=85964"},{"taxonomy":"product_tag","embeddable":true,"href":"https:\/\/www.seaflowerstore.com\/de\/wp-json\/wp\/v2\/product_tag?post=85964"}],"curies":[{"name":"wp","href":"https:\/\/api.w.org\/{rel}","templated":true}]}}