{"id":85965,"date":"2020-05-05T08:04:55","date_gmt":"2020-05-05T06:04:55","guid":{"rendered":"https:\/\/www.seaflowerstore.com\/nl\/tunze-care-booster\/"},"modified":"2024-03-19T15:32:02","modified_gmt":"2024-03-19T14:32:02","slug":"tunze-care-booster","status":"publish","type":"product","link":"https:\/\/www.seaflowerstore.com\/de\/tunze-care-booster\/","title":{"rendered":"Tunze Care Booster"},"content":{"rendered":"<h2>Tunze Care Booster to make your Care Magnet float<\/h2>\n<p>Der Tunze Care Booster wird mit 2 Schwimmern und 4 Clips geliefert, die speziell f\u00fcr die Modelle Care Magnet long, strong und strong+ entwickelt wurden.<\/p>\n<p>Dieser innovative Care Booster garantiert, dass der innere Reinigungsmagnet des Care Magnet sofort an die Oberfl\u00e4che schwimmt, wenn er sich vom \u00e4u\u00dferen Magneten l\u00f6st.<\/p>\n<p>Zus\u00e4tzlich k\u00f6nnen Sie den Care Booster als praktische Griffhilfe f\u00fcr den \u00e4u\u00dferen Magneten verwenden und so Ihre Reinigungsaufgaben noch einfacher gestalten.<\/p>\n","protected":false},"excerpt":{"rendered":"<p>Tunze Care Booster to make your Care Magnet float<\/p>\n","protected":false},"featured_media":82937,"template":"","meta":[],"pwb-brand":[2123],"product_cat":[1428],"product_tag":[],"class_list":{"0":"post-85965","1":"product","2":"type-product","3":"status-publish","4":"has-post-thumbnail","6":"pwb-brand-tunze","7":"product_cat-algenmagnet","8":"pa_show-myparcel-options-male-de","10":"first","11":"instock","12":"taxable","13":"shipping-taxable","14":"purchasable","15":"product-type-simple"},"acf":[],"brands":[{"id":2123,"name":"Tunze","slug":"tunze"}],"_links":{"self":[{"href":"https:\/\/www.seaflowerstore.com\/de\/wp-json\/wp\/v2\/product\/85965","targetHints":{"allow":["GET"]}}],"collection":[{"href":"https:\/\/www.seaflowerstore.com\/de\/wp-json\/wp\/v2\/product"}],"about":[{"href":"https:\/\/www.seaflowerstore.com\/de\/wp-json\/wp\/v2\/types\/product"}],"wp:featuredmedia":[{"embeddable":true,"href":"https:\/\/www.seaflowerstore.com\/de\/wp-json\/wp\/v2\/media\/82937"}],"wp:attachment":[{"href":"https:\/\/www.seaflowerstore.com\/de\/wp-json\/wp\/v2\/media?parent=85965"}],"wp:term":[{"taxonomy":"pwb-brand","embeddable":true,"href":"https:\/\/www.seaflowerstore.com\/de\/wp-json\/wp\/v2\/pwb-brand?post=85965"},{"taxonomy":"product_cat","embeddable":true,"href":"https:\/\/www.seaflowerstore.com\/de\/wp-json\/wp\/v2\/product_cat?post=85965"},{"taxonomy":"product_tag","embeddable":true,"href":"https:\/\/www.seaflowerstore.com\/de\/wp-json\/wp\/v2\/product_tag?post=85965"}],"curies":[{"name":"wp","href":"https:\/\/api.w.org\/{rel}","templated":true}]}}