{"id":85966,"date":"2020-05-04T15:20:11","date_gmt":"2020-05-04T13:20:11","guid":{"rendered":"https:\/\/www.seaflowerstore.com\/nl\/tunze-stream-3\/"},"modified":"2024-03-19T15:32:00","modified_gmt":"2024-03-19T14:32:00","slug":"tunze-stream-3","status":"publish","type":"product","link":"https:\/\/www.seaflowerstore.com\/de\/tunze-stream-3\/","title":{"rendered":"Tunze Stream 3+"},"content":{"rendered":"<h2>Tunze Stream 3+ For aquariums up to 3000 liters<\/h2>\n<p>Die neue Tunze Stream 3+ ist f\u00fcr Becken mit einer <strong>Glasst\u00e4rke von bis zu 19 mm<\/strong> konzipiert.<\/strong> Dieses Modell verf\u00fcgt \u00fcber einen einstellbaren und abnehmbaren Str\u00f6mungswinkel, mit dem Sie die Str\u00f6mung in Ihrem Aquarium individuell anpassen k\u00f6nnen. Sie kann sogar vertikal und diskret in einer Ecke oder tiefer im Becken platziert werden.<\/p>\n<p>Ausgestattet mit einem akustisch optimierten Niederfrequenzpropeller bietet diese Pumpe eine hervorragende hydraulische Leistung. Der gro\u00dfe Saugkorb, komplett mit einem robusten, leicht abnehmbaren Verschlusshaken, kann mit einem Schutzgitter zur Sicherheit von Kleintieren und Anemonen versehen werden.<\/p>\n<p>Eine Hybridhalterung, die Saugnapf und Magnet kombiniert, sorgt f\u00fcr sicheren Halt. Das eingebaute verschlei\u00dffreie Magnetlager bietet eine ber\u00fchrungslose radiale Unterst\u00fctzung und minimiert so effektiv das Motorger\u00e4usch. Der Stream 3+ verf\u00fcgt \u00fcber ein robustes Au\u00dfengeh\u00e4use mit Hochglanzoberfl\u00e4che.<\/p>\n<ul>\n<li><strong>F\u00fcr Aquarien bis 3000 Liter<\/strong><\/li>\n<li>Umw\u00e4lzleistung: 2500 l\/h bis ca. 15000 l\/h<\/li>\n<li>Energieverbrauch: 3,5 bis maximal 50 W<\/li>\n<li>Stromversorgung: 100 &#8211; 240 V \/ 50 &#8211; 60 Hz<\/li>\n<li>Kabell\u00e4nge: 5 m<\/li>\n<li>Abmessungen (L x B x H): 93 x 70,6 x 184 mm<\/li>\n<li>Silence Magnet Holder geeignet f\u00fcr Glasst\u00e4rken von 19 mm<\/li>\n<li>Inklusive Str\u00f6mungsabweiser, Schutzgitter und Str\u00f6mungsgleichrichter<\/li>\n<\/ul>\n<p><strong>Elektronisch steuerbare Synchronmotorpumpen &#8211; Turbelle\u00ae Controller enthalten<\/strong><\/p>\n<p>Mit dem Turbelle\u00ae Controller k\u00f6nnen Sie die variable Pumpenleistung mit Funktionen wie Wellensimulation und oszillierender Str\u00f6mung einstellen. Er sucht automatisch nach der Resonanzfrequenz bei oszillierender Str\u00f6mung und enth\u00e4lt einen praktischen Futtertimer. Sie k\u00f6nnen ihn direkt an einen Multicontroller oder SmartController 7000 anschlie\u00dfen, sodass er in Verbindung mit anderen Pumpen funktioniert, beispielsweise im Ebbe-\/Flutmodus.<\/p>\n<p>Wenn Sie das Moonlight 7097.050 (nicht enthalten) an den Turbelle\u00ae Controller anschlie\u00dfen, wird der Nachtmodus automatisch aktiviert. Wenn Sie diesen Controller au\u00dferdem \u00fcber das Kabel 7092.300 an einen zweiten Controller anschlie\u00dfen, k\u00f6nnen Sie eine weitere Pumpe f\u00fcr Effekte wie Wellensimulation oder oszillierende Str\u00f6mung steuern. Mit dem Y-Adapterkabel 7090.300 k\u00f6nnen Sie sogar einen dritten Controller hinzuf\u00fcgen.<\/p>\n<p><strong>Turbelle\u00ae stream3 \u2013 Passen Sie Ihren Stream individuell an<\/strong><\/p>\n<p>Die Turbelle\u00ae stream 3 erf\u00fcllt mit ihrem kompakten, leistungsstarken und vielseitigen Design die Anforderungen der modernen Aquaristikbranche. Dank ihres speziellen magnetgelagerten Pumpenantriebs arbeitet sie leise und ist daher energieeffizient.<\/p>\n<p>Durch dieses innovative Design f\u00fcgt sie sich nahtlos in jede Aquarienumgebung ein. Die Stream 3 arbeitet auch bei h\u00f6heren Leistungsstufen ger\u00e4uschlos und kann mit einem Verbrauchsbereich von nur 3,5 bis 50 W zwischen 2.500 (660 USgal.\/h) und 15.000 l\/h (3.962 USgal.\/h) liefern.<\/p>\n<p>Sie wird komplett mit dem Turbelle\u00ae-Controller und einem 5 m langen Kabel geliefert. Der Silence-Magnethalter erm\u00f6glicht eine sichere Befestigung an jedem beliebigen Punkt der Aquarienscheibe. Der Str\u00f6mungsgleichrichter verl\u00e4ngert die Str\u00f6mungsl\u00e4nge um mehr als 3 Meter (118 Zoll) und ist somit ideal f\u00fcr l\u00e4ngere Aquarien. Die 0,8-Hz-FishCare-Funktion hilft, Verletzungen von Fischen und anderen Lebewesen zu vermeiden. Dar\u00fcber hinaus f\u00fchrt die Pumpe alle 24 Stunden automatisch einen 8-sek\u00fcndigen R\u00fccksp\u00fclvorgang durch und h\u00e4lt so eine Kapazit\u00e4t von 30 % Effizienz aufrecht.<\/p>\n","protected":false},"excerpt":{"rendered":"<p>Tunze Turbelle Stream 3+ For aquariums up to 3000 liters<\/p>\n","protected":false},"featured_media":127904,"template":"","meta":[],"pwb-brand":[2123],"product_cat":[1388],"product_tag":[],"class_list":{"0":"post-85966","1":"product","2":"type-product","3":"status-publish","4":"has-post-thumbnail","6":"pwb-brand-tunze","7":"product_cat-stroemungspumpen","8":"pa_show-myparcel-options-male-de","10":"first","11":"instock","12":"taxable","13":"shipping-taxable","14":"purchasable","15":"product-type-simple"},"acf":[],"brands":[{"id":2123,"name":"Tunze","slug":"tunze"}],"_links":{"self":[{"href":"https:\/\/www.seaflowerstore.com\/de\/wp-json\/wp\/v2\/product\/85966","targetHints":{"allow":["GET"]}}],"collection":[{"href":"https:\/\/www.seaflowerstore.com\/de\/wp-json\/wp\/v2\/product"}],"about":[{"href":"https:\/\/www.seaflowerstore.com\/de\/wp-json\/wp\/v2\/types\/product"}],"wp:featuredmedia":[{"embeddable":true,"href":"https:\/\/www.seaflowerstore.com\/de\/wp-json\/wp\/v2\/media\/127904"}],"wp:attachment":[{"href":"https:\/\/www.seaflowerstore.com\/de\/wp-json\/wp\/v2\/media?parent=85966"}],"wp:term":[{"taxonomy":"pwb-brand","embeddable":true,"href":"https:\/\/www.seaflowerstore.com\/de\/wp-json\/wp\/v2\/pwb-brand?post=85966"},{"taxonomy":"product_cat","embeddable":true,"href":"https:\/\/www.seaflowerstore.com\/de\/wp-json\/wp\/v2\/product_cat?post=85966"},{"taxonomy":"product_tag","embeddable":true,"href":"https:\/\/www.seaflowerstore.com\/de\/wp-json\/wp\/v2\/product_tag?post=85966"}],"curies":[{"name":"wp","href":"https:\/\/api.w.org\/{rel}","templated":true}]}}