{"id":85969,"date":"2020-05-01T22:07:49","date_gmt":"2020-05-01T20:07:49","guid":{"rendered":"https:\/\/www.seaflowerstore.com\/nl\/red-sea-reef-energy-ab-250ml\/"},"modified":"2024-03-19T15:31:58","modified_gmt":"2024-03-19T14:31:58","slug":"red-sea-reef-energy-ab-250ml","status":"publish","type":"product","link":"https:\/\/www.seaflowerstore.com\/de\/red-sea-reef-energy-ab-250ml\/","title":{"rendered":"Red Sea Reef Energy AB+ 250ml"},"content":{"rendered":"<h2>Red Sea Reef Energy AB+ 250ml All-In-One Coral Superfood<\/h2>\n<p>Wir stellen Ihnen ein All-in-One-Superfood vor, f\u00fcr das Ihre Korallen Ihnen sicherlich dankbar sein werden. Dieses Produkt f\u00f6rdert besseres Wachstum, verbesserte Widerstandsf\u00e4higkeit, leuchtende Farben und eine benutzerfreundliche Erfahrung mit automatischen Dosierern, w\u00e4hrend gleichzeitig das \u00dcbersch\u00f6pfen minimiert wird.<\/p>\n<p>Basierend auf umfangreichen Untersuchungen ist Reef Energy Plus ein verbessertes Erg\u00e4nzungsmittel, das alle wesentlichen N\u00e4hrstoffkomponenten liefert, die Weich-, LPS-, SPS- und nicht-photosynthetische Korallen f\u00fcr Vitalit\u00e4t, Wachstum und F\u00e4rbung ben\u00f6tigen.<\/p>\n<p><strong>Maximales Wachstum<\/strong><\/p>\n<p>Mit Reef Energy Plus werden Ihre Korallen im Vergleich zur urspr\u00fcnglichen zweiteiligen Formel schneller wachsen. Unsere langfristigen Labortests haben eine bemerkenswerte Steigerung der Wachstumsrate um 15 % mit Reef Energy Plus gezeigt.<\/p>\n<p><strong>Benutzerfreundlichkeit mit automatischer Dosierung<\/strong><\/p>\n<p>Das F\u00fcttern Ihrer Korallen war noch nie so einfach. Sie k\u00f6nnen einen automatischen Dosierer verwenden, um Ihren Korallen Reef Energy Plus zuzuf\u00fchren, da die <strong>neue All-in-One-Formel ungek\u00fchlt und unger\u00fchrt bis zu einer Woche gelagert werden kann, ohne dass die Wirksamkeit der kombinierten Komponenten beeintr\u00e4chtigt wird. Nach dem \u00d6ffnen sollte das Produkt gek\u00fchlt werden und ist nach der ersten Verwendung bis zu einem Jahr haltbar.<\/strong><\/p>\n<ul>\n<li>Um ein Verderben zu verhindern, lassen Sie Reef Energy Plus nicht l\u00e4nger als eine Woche ungek\u00fchlt stehen.<\/li>\n<li>Achten Sie darauf, den Dosierbeh\u00e4lter zwischen den Nachf\u00fcllungen mit Seifenwasser zu waschen.<\/li>\n<\/ul>\n<p><strong>Minimales \u00dcbersch\u00f6pfen<\/strong><\/p>\n<p>Diese neue Formel reduziert das \u00dcbersch\u00f6pfen nach der F\u00fctterung erheblich.<\/p>\n<p><strong>H\u00f6chste energetische Effizienz<\/strong><\/p>\n<p>Reef Energy Plus besteht aus einem organischen Komplex aus gel\u00f6sten und suspendierten einfachen Bausteinen, darunter Kohlenhydrate, Aminos\u00e4uren, Fetts\u00e4uren und Vitamine. Dadurch k\u00f6nnen die Korallen diese N\u00e4hrstoffe direkt aufnehmen und verbrauchen, was zu einer optimalen energetischen Effizienz f\u00fchrt.<\/p>\n<p><strong>Keine Restabf\u00e4lle<\/strong><\/p>\n<p>Jede Komponente von Reef Energy Plus wird von den Korallen f\u00fcr ihre Stoffwechselprozesse wie Proteinproduktion und Weichgeweberegeneration genutzt, sodass kein unn\u00f6tiges organisches Material das Aquarium verschmutzt.<\/p>\n<p>* Wenn Sie LED-Beleuchtung verwenden, sollten Sie eine Erh\u00f6hung der Dosierung in Erw\u00e4gung ziehen, wenn die Korallen nicht wachsen, auch wenn keine Anzeichen einer Photoinhibition vorliegen.<\/p>\n","protected":false},"excerpt":{"rendered":"<p>Red Sea Reef Energy AB+ 250ml all-In-One Coral Superfood<\/p>\n","protected":false},"featured_media":82924,"template":"","meta":[],"pwb-brand":[2125],"product_cat":[1436,1391,1404],"product_tag":[],"class_list":{"0":"post-85969","1":"product","2":"type-product","3":"status-publish","4":"has-post-thumbnail","6":"pwb-brand-red-sea","7":"product_cat-korallenfutter","8":"product_cat-ergaenzungen","9":"product_cat-redsea-de","10":"pa_show-myparcel-options-male-de","12":"first","13":"instock","14":"taxable","15":"shipping-taxable","16":"purchasable","17":"product-type-simple"},"acf":[],"brands":[{"id":2125,"name":"Red Sea","slug":"red-sea"}],"_links":{"self":[{"href":"https:\/\/www.seaflowerstore.com\/de\/wp-json\/wp\/v2\/product\/85969","targetHints":{"allow":["GET"]}}],"collection":[{"href":"https:\/\/www.seaflowerstore.com\/de\/wp-json\/wp\/v2\/product"}],"about":[{"href":"https:\/\/www.seaflowerstore.com\/de\/wp-json\/wp\/v2\/types\/product"}],"wp:featuredmedia":[{"embeddable":true,"href":"https:\/\/www.seaflowerstore.com\/de\/wp-json\/wp\/v2\/media\/82924"}],"wp:attachment":[{"href":"https:\/\/www.seaflowerstore.com\/de\/wp-json\/wp\/v2\/media?parent=85969"}],"wp:term":[{"taxonomy":"pwb-brand","embeddable":true,"href":"https:\/\/www.seaflowerstore.com\/de\/wp-json\/wp\/v2\/pwb-brand?post=85969"},{"taxonomy":"product_cat","embeddable":true,"href":"https:\/\/www.seaflowerstore.com\/de\/wp-json\/wp\/v2\/product_cat?post=85969"},{"taxonomy":"product_tag","embeddable":true,"href":"https:\/\/www.seaflowerstore.com\/de\/wp-json\/wp\/v2\/product_tag?post=85969"}],"curies":[{"name":"wp","href":"https:\/\/api.w.org\/{rel}","templated":true}]}}