{"id":85970,"date":"2020-05-01T22:02:48","date_gmt":"2020-05-01T20:02:48","guid":{"rendered":"https:\/\/www.seaflowerstore.com\/nl\/red-sea-reef-energy-ab-1000ml\/"},"modified":"2025-07-02T13:38:51","modified_gmt":"2025-07-02T11:38:51","slug":"red-sea-reef-energy-ab-1000ml","status":"publish","type":"product","link":"https:\/\/www.seaflowerstore.com\/de\/red-sea-reef-energy-ab-1000ml\/","title":{"rendered":"Red Sea Reef Energy AB+ 1000ml"},"content":{"rendered":"<h2>Red Sea Reef Energy AB+ 1000ml All-In-One Coral Superfood<\/h2>\n<p>Wir stellen Ihnen ein All-in-One-Superfood vor, das Ihre Korallen absolut lieben werden. Dieses Produkt f\u00f6rdert besseres Wachstum, verbessert die Widerstandsf\u00e4higkeit und l\u00e4sst die Farben heller erscheinen. Es ist zudem benutzerfreundlich mit automatischer Dosierung und minimalem \u00dcbersch\u00e4umen. Basierend auf unseren umfangreichen Forschungsarbeiten ist Reef Energy Plus ein fortschrittliches Erg\u00e4nzungsmittel, das alle wichtigen N\u00e4hrstoffe liefert, die Weichkorallen, LPS- und SPS-Korallen sowie nicht-photosynthetische Korallen zum Gedeihen ben\u00f6tigen.<\/p>\n<p><strong>Maximales Wachstum<\/strong><\/p>\n<p>Mit Reef Energy Plus wachsen Ihre Korallen schneller als mit der urspr\u00fcnglichen zweiteiligen Formel. Unsere Langzeitlabortests ergaben eine bemerkenswerte Steigerung der Wachstumsrate um 15 % mit dieser verbesserten Formel.<\/p>\n<p><strong>Benutzerfreundlichkeit mit automatischer Dosierung<\/strong><\/p>\n<p>Das F\u00fcttern Ihrer Korallen war noch nie so einfach. Sie k\u00f6nnen Reef Energy Plus problemlos mit einem automatischen Dosierer verwenden, da die <strong>neue All-in-One-Formel bis zu einer Woche ungek\u00fchlt und unger\u00fchrt stehen bleiben kann, ohne an Wirksamkeit zu verlieren. K\u00fchlen Sie das Produkt jedoch nach dem \u00d6ffnen, und es kann nach der ersten Verwendung bis zu einem Jahr gelagert werden.<\/strong> Um ein Verderben zu verhindern, lassen Sie Reef Energy Plus nicht l\u00e4nger als eine Woche ungek\u00fchlt stehen. Denken Sie au\u00dferdem daran, den Dosierbeh\u00e4lter zwischen den Nachf\u00fcllungen mit Seifenlauge zu waschen.<\/p>\n<p><strong>Minimale \u00dcbersch\u00e4umung<\/strong><\/p>\n<p>Die neue Formel ist so konzipiert, dass die \u00dcbersch\u00e4umung nach der F\u00fctterung minimiert wird.<\/p>\n<p><strong>H\u00f6chste energetische Effizienz<\/strong><\/p>\n<p>Reef Energy Plus enth\u00e4lt einen organischen Komplex aus gel\u00f6sten und suspendierten einfachen Bausteinen, darunter Kohlenhydrate, Aminos\u00e4uren, Fetts\u00e4uren und Vitamine. Dies erm\u00f6glicht eine direkte Absorption und Nutzung durch die Korallen und sorgt f\u00fcr h\u00f6chste energetische Effizienz.<\/p>\n<p><strong>Kein Restm\u00fcll<\/strong><\/p>\n<p>Jede Komponente von Reef Energy Plus wird vollst\u00e4ndig von den Korallen f\u00fcr lebenswichtige Stoffwechselprozesse wie Proteinproduktion und Weichgeweberegeneration verbraucht und genutzt. So wird sichergestellt, dass Ihr Aquarium nicht unn\u00f6tig mit organischem Material belastet wird. Wenn Sie LED-Beleuchtung verwenden, sollten Sie die Dosis erh\u00f6hen, wenn Sie feststellen, dass Ihre Korallen nicht wachsen, auch wenn keine Anzeichen von Photoinhibition vorliegen.<\/p>\n","protected":false},"excerpt":{"rendered":"<p>Red Sea Reef Energy AB+ 1000ml all-In-One Coral Superfood<\/p>\n","protected":false},"featured_media":82921,"template":"","meta":[],"pwb-brand":[2125],"product_cat":[1391,1436,1404],"product_tag":[],"class_list":{"0":"post-85970","1":"product","2":"type-product","3":"status-publish","4":"has-post-thumbnail","6":"pwb-brand-red-sea","7":"product_cat-ergaenzungen","8":"product_cat-korallenfutter","9":"product_cat-redsea-de","10":"pa_show-myparcel-options-male-de","12":"first","13":"instock","14":"taxable","15":"shipping-taxable","16":"purchasable","17":"product-type-simple"},"acf":[],"brands":[{"id":2125,"name":"Red Sea","slug":"red-sea"}],"_links":{"self":[{"href":"https:\/\/www.seaflowerstore.com\/de\/wp-json\/wp\/v2\/product\/85970","targetHints":{"allow":["GET"]}}],"collection":[{"href":"https:\/\/www.seaflowerstore.com\/de\/wp-json\/wp\/v2\/product"}],"about":[{"href":"https:\/\/www.seaflowerstore.com\/de\/wp-json\/wp\/v2\/types\/product"}],"wp:featuredmedia":[{"embeddable":true,"href":"https:\/\/www.seaflowerstore.com\/de\/wp-json\/wp\/v2\/media\/82921"}],"wp:attachment":[{"href":"https:\/\/www.seaflowerstore.com\/de\/wp-json\/wp\/v2\/media?parent=85970"}],"wp:term":[{"taxonomy":"pwb-brand","embeddable":true,"href":"https:\/\/www.seaflowerstore.com\/de\/wp-json\/wp\/v2\/pwb-brand?post=85970"},{"taxonomy":"product_cat","embeddable":true,"href":"https:\/\/www.seaflowerstore.com\/de\/wp-json\/wp\/v2\/product_cat?post=85970"},{"taxonomy":"product_tag","embeddable":true,"href":"https:\/\/www.seaflowerstore.com\/de\/wp-json\/wp\/v2\/product_tag?post=85970"}],"curies":[{"name":"wp","href":"https:\/\/api.w.org\/{rel}","templated":true}]}}