{"id":85972,"date":"2020-04-29T12:56:47","date_gmt":"2020-04-29T10:56:47","guid":{"rendered":"https:\/\/www.seaflowerstore.com\/nl\/aqua-medic-rust-protect-100ml\/"},"modified":"2024-03-19T15:31:54","modified_gmt":"2024-03-19T14:31:54","slug":"aqua-medic-rust-protect-100ml","status":"publish","type":"product","link":"https:\/\/www.seaflowerstore.com\/de\/aqua-medic-rust-protect-100ml\/","title":{"rendered":"Aqua Medic Rust Protect 100ml"},"content":{"rendered":"<h2>Aqua Medic Rust Protect 100ml is an anti-rust and maintenance spray for metal parts<\/h2>\n<p>Bei einem Aquarium mit offenem Filtersystem, wie beispielsweise einem Filtersumpf, lassen sich Verschlei\u00df und Korrosion an den Scharnieren durch Spritzwasser und Kondenswasser nur schwer vermeiden. Bei richtiger Anwendung von <strong>Aqua Medic Rust Protect<\/strong> hilft der von ihm erzeugte Schutzfilm jedoch dabei, Feuchtigkeit von den Metallteilen fernzuhalten, wodurch die Korrosionsgefahr deutlich verringert wird.<\/p>\n<p><strong>Wichtige Vorteile von Rust Protect:<\/strong><\/p>\n<ul>\n<li>Best\u00e4ndig gegen Salzwasser<\/li>\n<li>Tropft nicht<\/li>\n<li>H\u00e4rtet nicht aus<\/li>\n<li>Reduziert den Verschlei\u00df<\/li>\n<li>Bietet Schutz vor Korrosion<\/li>\n<li>Lang anhaltende Wirksamkeit<\/li>\n<\/ul>\n<p>F\u00fcr optimale Ergebnisse empfehlen wir die regelm\u00e4\u00dfige Anwendung dieses Produkts.<\/p>\n<p><strong>Sicherheitshinweise:<\/strong> Bitte beachten Sie, dass Rust Protect nicht mit dem Wasser oder dem Luftzirkulationssystem des Aquariums in Ber\u00fchrung kommen darf.<\/p>\n","protected":false},"excerpt":{"rendered":"<p>Aqua Medic Rust Protect 100ml is an anti-rust and maintenance spray for metal parts<\/p>\n","protected":false},"featured_media":82916,"template":"","meta":[],"pwb-brand":[2149],"product_cat":[1421,1488,1430,741],"product_tag":[],"class_list":{"0":"post-85972","1":"product","2":"type-product","3":"status-publish","4":"has-post-thumbnail","6":"pwb-brand-aqua-medic","7":"product_cat-aqua-medic-de","8":"product_cat-pflege","9":"product_cat-reinigungsmittel","10":"product_cat-brands","11":"pa_show-myparcel-options-male-de","13":"first","14":"instock","15":"taxable","16":"shipping-taxable","17":"purchasable","18":"product-type-simple"},"acf":[],"brands":[{"id":2149,"name":"Aqua Medic","slug":"aqua-medic"}],"_links":{"self":[{"href":"https:\/\/www.seaflowerstore.com\/de\/wp-json\/wp\/v2\/product\/85972","targetHints":{"allow":["GET"]}}],"collection":[{"href":"https:\/\/www.seaflowerstore.com\/de\/wp-json\/wp\/v2\/product"}],"about":[{"href":"https:\/\/www.seaflowerstore.com\/de\/wp-json\/wp\/v2\/types\/product"}],"wp:featuredmedia":[{"embeddable":true,"href":"https:\/\/www.seaflowerstore.com\/de\/wp-json\/wp\/v2\/media\/82916"}],"wp:attachment":[{"href":"https:\/\/www.seaflowerstore.com\/de\/wp-json\/wp\/v2\/media?parent=85972"}],"wp:term":[{"taxonomy":"pwb-brand","embeddable":true,"href":"https:\/\/www.seaflowerstore.com\/de\/wp-json\/wp\/v2\/pwb-brand?post=85972"},{"taxonomy":"product_cat","embeddable":true,"href":"https:\/\/www.seaflowerstore.com\/de\/wp-json\/wp\/v2\/product_cat?post=85972"},{"taxonomy":"product_tag","embeddable":true,"href":"https:\/\/www.seaflowerstore.com\/de\/wp-json\/wp\/v2\/product_tag?post=85972"}],"curies":[{"name":"wp","href":"https:\/\/api.w.org\/{rel}","templated":true}]}}