{"id":85973,"date":"2020-04-29T12:23:36","date_gmt":"2020-04-29T10:23:36","guid":{"rendered":"https:\/\/www.seaflowerstore.com\/nl\/aqua-medic-no3-reduct\/"},"modified":"2024-03-19T15:31:51","modified_gmt":"2024-03-19T14:31:51","slug":"aqua-medic-no3-reduct","status":"publish","type":"product","link":"https:\/\/www.seaflowerstore.com\/de\/aqua-medic-no3-reduct\/","title":{"rendered":"Aqua Medic NO3 reduct"},"content":{"rendered":"<h2>Aqua Medic NO3 reduction 500ml nitrate + phosphate control<\/h2>\n<p><strong>Aqua Medic NO3-Reduktion<\/strong> wurde entwickelt, um den Nitrat- und Phosphatgehalt in Ihrem Aquarium effektiv zu regulieren. Es enth\u00e4lt eine sorgf\u00e4ltig ausgew\u00e4hlte Zusammensetzung von Kohlenstoffquellen, um die Reduzierung dieser N\u00e4hrstoffe zu unterst\u00fctzen.<\/p>\n<p>Hier sind einige wichtige Vorteile:<\/p>\n<ul>\n<li>F\u00f6rdert das Korallenwachstum<\/li>\n<li>Verbessert Polypenwachstum und -farbe<\/li>\n<li>Verhindert unerw\u00fcnschtes Algenwachstum durch effektive N\u00e4hrstoffkontrolle<\/li>\n<\/ul>\n<p><strong>Dosierung:<\/strong> Verwenden Sie t\u00e4glich 2 ml NO3-Reduktion pro 100 Liter Aquarienwasser.<\/p>\n<p>Dieses Produkt enth\u00e4lt organische Komponenten, die als zus\u00e4tzliche Kohlenstoffquelle f\u00fcr n\u00fctzliche Bakterien dienen und deren Wachstum f\u00f6rdern. Diese Bakterien dienen als Nahrung f\u00fcr Korallen oder k\u00f6nnen durch Absch\u00e4umen entfernt werden. Dar\u00fcber hinaus werden alle zuvor absorbierten N\u00e4hrstoffe allm\u00e4hlich abgebaut, was zu einem R\u00fcckgang der Nitrat- und Phosphatwerte in Ihrem Aquarienwasser f\u00fchrt.<\/p>\n<p>Korallen nutzen diese Bakterien als zus\u00e4tzliche Nahrung, was ihre Farbe verbessert und das Polypenwachstum f\u00f6rdert.<\/p>\n","protected":false},"excerpt":{"rendered":"<p>Aqua Medic NO3 reduction 500ml nitrate + phosphate control<\/p>\n","protected":false},"featured_media":82911,"template":"","meta":[],"pwb-brand":[2149],"product_cat":[1421,1453],"product_tag":[],"class_list":{"0":"post-85973","1":"product","2":"type-product","3":"status-publish","4":"has-post-thumbnail","6":"pwb-brand-aqua-medic","7":"product_cat-aqua-medic-de","8":"product_cat-nitrat-und-phosphatentferner","9":"pa_show-myparcel-options-male-de","11":"first","12":"outofstock","13":"taxable","14":"shipping-taxable","15":"purchasable","16":"product-type-simple"},"acf":[],"brands":[{"id":2149,"name":"Aqua Medic","slug":"aqua-medic"}],"_links":{"self":[{"href":"https:\/\/www.seaflowerstore.com\/de\/wp-json\/wp\/v2\/product\/85973","targetHints":{"allow":["GET"]}}],"collection":[{"href":"https:\/\/www.seaflowerstore.com\/de\/wp-json\/wp\/v2\/product"}],"about":[{"href":"https:\/\/www.seaflowerstore.com\/de\/wp-json\/wp\/v2\/types\/product"}],"wp:featuredmedia":[{"embeddable":true,"href":"https:\/\/www.seaflowerstore.com\/de\/wp-json\/wp\/v2\/media\/82911"}],"wp:attachment":[{"href":"https:\/\/www.seaflowerstore.com\/de\/wp-json\/wp\/v2\/media?parent=85973"}],"wp:term":[{"taxonomy":"pwb-brand","embeddable":true,"href":"https:\/\/www.seaflowerstore.com\/de\/wp-json\/wp\/v2\/pwb-brand?post=85973"},{"taxonomy":"product_cat","embeddable":true,"href":"https:\/\/www.seaflowerstore.com\/de\/wp-json\/wp\/v2\/product_cat?post=85973"},{"taxonomy":"product_tag","embeddable":true,"href":"https:\/\/www.seaflowerstore.com\/de\/wp-json\/wp\/v2\/product_tag?post=85973"}],"curies":[{"name":"wp","href":"https:\/\/api.w.org\/{rel}","templated":true}]}}