{"id":85978,"date":"2020-04-22T14:45:35","date_gmt":"2020-04-22T12:45:35","guid":{"rendered":"https:\/\/www.seaflowerstore.com\/nl\/marco-rocks-foundation-rock-per-kilo\/"},"modified":"2025-10-23T21:51:38","modified_gmt":"2025-10-23T19:51:38","slug":"marco-rocks-foundation-rock-per-kilo","status":"publish","type":"product","link":"https:\/\/www.seaflowerstore.com\/de\/marco-rocks-foundation-rock-per-kilo\/","title":{"rendered":"Marco Rocks Foundation Rock per kilo"},"content":{"rendered":"<h2>Marco Rocks Foundation Rock are flat-cut stones on one side. These are ideal stones to use as base of your reefscape<\/h2>\n<p>Die geschnittenen Natursteine \u200b\u200bsind auf einer Seite flach geschnitten, was sie perfekt f\u00fcr den Aufbau Ihrer Rifflandschaft macht. Die flache Seite des Steins minimiert die Punktspannung auf dem Glas, was f\u00fcr die Langlebigkeit Ihres Aquariums wichtig ist.<\/p>\n<p>In diesen Steinen finden Sie h\u00e4ufig versteinerte alte Korallen, die Ihrem Aufbau eine einzigartige Note verleihen. Seien Sie versichert, der Stein ist frei von Sch\u00e4dlingen und unerw\u00fcnschten Substanzen.<\/p>\n<p>Egal, ob Sie ein reines Fischbecken, ein Riffbecken oder ein S\u00fc\u00dfwasserbecken bauen, dieser Stein ist eine gro\u00dfartige Erg\u00e4nzung. Er ist hochpor\u00f6s und hat eine sch\u00f6ne Form.<\/p>\n<p>MarcoRocks Key Largo ist ein Naturstein, der aus dem Land eines ausgestorbenen Riffsystems stammt, das w\u00e4hrend der Entstehung der Landmasse Floridas vergraben wurde. Unser Key Largo Rock ist ein umweltfreundliches Produkt, da er nicht von einem lebenden Riff geerntet wurde, wodurch sichergestellt wird, dass er keine negativen Auswirkungen auf unser empfindliches Riff und das Meeres\u00f6kosystem hat.<\/p>\n<p>Dank unserer einzigartigen Reinigungs- und Verarbeitungsmethoden erhalten Sie atemberaubende Steine, die v\u00f6llig sch\u00e4dlingsfrei und organisch sind und somit eine sichere Wahl f\u00fcr Ihr Aquarium darstellen.<\/p>\n<p>MarcoRocks ist eine bevorzugte Wahl f\u00fcr viele \u00f6ffentliche Aquarien, Aquakulturanlagen und individuelle Tankbauer auf der ganzen Welt.<\/p>\n<p><strong>Abh\u00e4ngig von der gew\u00fcnschten Kilozahl w\u00e4hlen wir verschiedene Steine \u200b\u200baus, um eine wundersch\u00f6ne Landschaft zu schaffen. Jeder Stein wiegt ungef\u00e4hr 2 kg oder 4\/5 kg.<\/strong><\/p>\n","protected":false},"excerpt":{"rendered":"<p>Marco Rocks Foundation Rock are flat-cut stones on one side. These are ideal stones to use as base of your reefscape<\/p>\n","protected":false},"featured_media":82882,"template":"","meta":[],"pwb-brand":[2263],"product_cat":[1386],"product_tag":[],"class_list":{"0":"post-85978","1":"product","2":"type-product","3":"status-publish","4":"has-post-thumbnail","6":"pwb-brand-marco-rocks","7":"product_cat-steine","8":"pa_inhoud-1-kg-de","9":"pa_show-myparcel-options-male-de","11":"first","12":"instock","13":"taxable","14":"shipping-taxable","15":"purchasable","16":"product-type-simple"},"acf":[],"brands":[{"id":2263,"name":"Marco Rocks","slug":"marco-rocks"}],"_links":{"self":[{"href":"https:\/\/www.seaflowerstore.com\/de\/wp-json\/wp\/v2\/product\/85978","targetHints":{"allow":["GET"]}}],"collection":[{"href":"https:\/\/www.seaflowerstore.com\/de\/wp-json\/wp\/v2\/product"}],"about":[{"href":"https:\/\/www.seaflowerstore.com\/de\/wp-json\/wp\/v2\/types\/product"}],"wp:featuredmedia":[{"embeddable":true,"href":"https:\/\/www.seaflowerstore.com\/de\/wp-json\/wp\/v2\/media\/82882"}],"wp:attachment":[{"href":"https:\/\/www.seaflowerstore.com\/de\/wp-json\/wp\/v2\/media?parent=85978"}],"wp:term":[{"taxonomy":"pwb-brand","embeddable":true,"href":"https:\/\/www.seaflowerstore.com\/de\/wp-json\/wp\/v2\/pwb-brand?post=85978"},{"taxonomy":"product_cat","embeddable":true,"href":"https:\/\/www.seaflowerstore.com\/de\/wp-json\/wp\/v2\/product_cat?post=85978"},{"taxonomy":"product_tag","embeddable":true,"href":"https:\/\/www.seaflowerstore.com\/de\/wp-json\/wp\/v2\/product_tag?post=85978"}],"curies":[{"name":"wp","href":"https:\/\/api.w.org\/{rel}","templated":true}]}}