{"id":85979,"date":"2020-04-17T17:32:31","date_gmt":"2020-04-17T17:32:31","guid":{"rendered":"https:\/\/www.seaflowerstore.com\/nl\/red-sea-reef-energy-ab-500ml\/"},"modified":"2024-03-19T15:31:23","modified_gmt":"2024-03-19T14:31:23","slug":"red-sea-reef-energy-ab-500ml","status":"publish","type":"product","link":"https:\/\/www.seaflowerstore.com\/de\/red-sea-reef-energy-ab-500ml\/","title":{"rendered":"Red Sea Reef Energy AB+ 500ml"},"content":{"rendered":"<h2>Red Sea Reef Energy AB+ 500ml All-In-One Coral Superfood<\/h2>\n<p>Wir stellen Ihnen ein All-in-One-Superfood vor, das Ihre Korallen absolut lieben werden! Dieses Produkt sorgt f\u00fcr verbessertes Wachstum, verbesserte Widerstandsf\u00e4higkeit, leuchtende Farben und ist dank automatischer Dosierer unglaublich einfach zu verwenden, w\u00e4hrend gleichzeitig das Absch\u00f6pfen minimiert wird.<\/p>\n<p>Basierend auf umfangreichen Forschungsarbeiten ist Reef Energy Plus ein umfassendes Erg\u00e4nzungsmittel, das alle wichtigen N\u00e4hrstoffe liefert, die Ihre Weich-, LPS-, SPS- und nicht-photosynthetischen Korallen f\u00fcr Vitalit\u00e4t, Wachstum und F\u00e4rbung ben\u00f6tigen.<\/p>\n<p><strong>Maximales Wachstum<\/strong><\/p>\n<p>Mit Reef Energy Plus k\u00f6nnen Ihre Korallen im Vergleich zur urspr\u00fcnglichen zweiteiligen Formel sogar noch schneller wachsen. Unsere langfristigen Labortests haben eine bemerkenswerte Steigerung der Wachstumsrate um 15 % mit Reef Energy Plus gezeigt.<\/p>\n<p><strong>Benutzerfreundlichkeit mit automatischer Dosierung<\/strong><\/p>\n<p>Das F\u00fcttern Ihrer Korallen war noch nie so einfach. Sie k\u00f6nnen mit Reef Energy Plus einen automatischen Dosierer verwenden, da die <strong>neue All-in-One-Formel bis zu einer Woche ungek\u00fchlt und unger\u00fchrt stehen bleiben kann, ohne an Wirksamkeit zu verlieren. Nach dem \u00d6ffnen sollte sie gek\u00fchlt werden und kann nach dem ersten Gebrauch bis zu einem Jahr gelagert werden.<\/strong> Bitte denken Sie daran, Reef Energy Plus nicht l\u00e4nger als eine Woche ungek\u00fchlt stehen zu lassen, um Verderben zu vermeiden, und achten Sie darauf, den Dosierbeh\u00e4lter zwischen den Nachf\u00fcllungen mit Seifenlauge zu waschen.<\/p>\n<p><strong>Minimales \u00dcbersch\u00f6pfen<\/strong><\/p>\n<p>Die neue Formel ist so konzipiert, dass das \u00dcbersch\u00f6pfen nach der F\u00fctterung Ihrer Korallen minimiert wird.<\/p>\n<p><strong>H\u00f6chste energetische Effizienz<\/strong><\/p>\n<p>Dieses Produkt besteht aus einem organischen Komplex aus gel\u00f6sten und suspendierten einfachen Bausteinen, darunter Kohlenhydrate, Aminos\u00e4uren, Fetts\u00e4uren und Vitamine. Reef Energy Plus kann direkt von den Korallen aufgenommen und verbraucht werden und bietet ihnen h\u00f6chste Energieeffizienz.<\/p>\n<p><strong>Keine Restabf\u00e4lle<\/strong><\/p>\n<p>Jede Komponente von Reef Energy Plus wird von den Korallen vollst\u00e4ndig f\u00fcr ihre Stoffwechselprozesse wie Proteinproduktion und Weichgeweberegeneration genutzt, sodass kein unn\u00f6tiges organisches Material \u00fcbrig bleibt, das Ihr Aquarium verschmutzen k\u00f6nnte.<\/p>\n<p>* Wenn Sie LED-Beleuchtung verwenden, sollten Sie eine Erh\u00f6hung der Dosierung in Betracht ziehen, wenn Ihre Korallen nicht wachsen, auch wenn keine Anzeichen einer Photoinhibition vorliegen.<\/p>\n","protected":false},"excerpt":{"rendered":"<p>Red Sea Reef Energy AB+ 500ml all-In-One Coral Superfood<\/p>\n","protected":false},"featured_media":82879,"template":"","meta":[],"pwb-brand":[2125],"product_cat":[1391,1436,1404],"product_tag":[],"class_list":{"0":"post-85979","1":"product","2":"type-product","3":"status-publish","4":"has-post-thumbnail","6":"pwb-brand-red-sea","7":"product_cat-ergaenzungen","8":"product_cat-korallenfutter","9":"product_cat-redsea-de","10":"pa_show-myparcel-options-male-de","12":"first","13":"instock","14":"taxable","15":"shipping-taxable","16":"purchasable","17":"product-type-simple"},"acf":[],"brands":[{"id":2125,"name":"Red Sea","slug":"red-sea"}],"_links":{"self":[{"href":"https:\/\/www.seaflowerstore.com\/de\/wp-json\/wp\/v2\/product\/85979","targetHints":{"allow":["GET"]}}],"collection":[{"href":"https:\/\/www.seaflowerstore.com\/de\/wp-json\/wp\/v2\/product"}],"about":[{"href":"https:\/\/www.seaflowerstore.com\/de\/wp-json\/wp\/v2\/types\/product"}],"wp:featuredmedia":[{"embeddable":true,"href":"https:\/\/www.seaflowerstore.com\/de\/wp-json\/wp\/v2\/media\/82879"}],"wp:attachment":[{"href":"https:\/\/www.seaflowerstore.com\/de\/wp-json\/wp\/v2\/media?parent=85979"}],"wp:term":[{"taxonomy":"pwb-brand","embeddable":true,"href":"https:\/\/www.seaflowerstore.com\/de\/wp-json\/wp\/v2\/pwb-brand?post=85979"},{"taxonomy":"product_cat","embeddable":true,"href":"https:\/\/www.seaflowerstore.com\/de\/wp-json\/wp\/v2\/product_cat?post=85979"},{"taxonomy":"product_tag","embeddable":true,"href":"https:\/\/www.seaflowerstore.com\/de\/wp-json\/wp\/v2\/product_tag?post=85979"}],"curies":[{"name":"wp","href":"https:\/\/api.w.org\/{rel}","templated":true}]}}