{"id":85983,"date":"2020-04-16T14:58:58","date_gmt":"2020-04-16T12:58:58","guid":{"rendered":"https:\/\/www.seaflowerstore.com\/nl\/nano-tech-bio-block-support\/"},"modified":"2025-05-24T17:19:29","modified_gmt":"2025-05-24T15:19:29","slug":"nano-tech-bio-block-support","status":"publish","type":"product","link":"https:\/\/www.seaflowerstore.com\/de\/nano-tech-bio-block-support\/","title":{"rendered":"Nano-Tech Bio block Support"},"content":{"rendered":"<h2>Support for the Maxspect Nano-Tech Bio-blocks<\/h2>\n<p>Diese Halterung ist eine gro\u00dfartige Erg\u00e4nzung, um zwei Maxspect Nano-Tech-Biobl\u00f6cke in Ihrem Filterbecken zu halten. Sie sorgt f\u00fcr einen guten Durchfluss \u00fcber die Bl\u00f6cke, wodurch die Gefahr einer Ablagerung von Ablagerungen darunter minimiert wird.<\/p>\n<p>Die Bl\u00f6cke werden gestapelt, was sie zu einer platzsparenden L\u00f6sung f\u00fcr Ihr Filterbecken macht.<\/p>\n","protected":false},"excerpt":{"rendered":"<p>Support for the Maxspect Nano-Tech Bio-blocks <strong>(Bio-blocks are not included)<\/strong><\/p>\n","protected":false},"featured_media":82863,"template":"","meta":[],"pwb-brand":[2161],"product_cat":[1442,1385,1483,1386],"product_tag":[],"class_list":{"0":"post-85983","1":"product","2":"type-product","3":"status-publish","4":"has-post-thumbnail","6":"pwb-brand-seaflower","7":"product_cat-3d-print-de","8":"product_cat-neue-produkte","9":"product_cat-refugium-de","10":"product_cat-steine","11":"pa_show-myparcel-options-male-de","13":"first","14":"instock","15":"taxable","16":"shipping-taxable","17":"purchasable","18":"product-type-simple"},"acf":[],"brands":[{"id":2161,"name":"Seaflower","slug":"seaflower"}],"_links":{"self":[{"href":"https:\/\/www.seaflowerstore.com\/de\/wp-json\/wp\/v2\/product\/85983","targetHints":{"allow":["GET"]}}],"collection":[{"href":"https:\/\/www.seaflowerstore.com\/de\/wp-json\/wp\/v2\/product"}],"about":[{"href":"https:\/\/www.seaflowerstore.com\/de\/wp-json\/wp\/v2\/types\/product"}],"wp:featuredmedia":[{"embeddable":true,"href":"https:\/\/www.seaflowerstore.com\/de\/wp-json\/wp\/v2\/media\/82863"}],"wp:attachment":[{"href":"https:\/\/www.seaflowerstore.com\/de\/wp-json\/wp\/v2\/media?parent=85983"}],"wp:term":[{"taxonomy":"pwb-brand","embeddable":true,"href":"https:\/\/www.seaflowerstore.com\/de\/wp-json\/wp\/v2\/pwb-brand?post=85983"},{"taxonomy":"product_cat","embeddable":true,"href":"https:\/\/www.seaflowerstore.com\/de\/wp-json\/wp\/v2\/product_cat?post=85983"},{"taxonomy":"product_tag","embeddable":true,"href":"https:\/\/www.seaflowerstore.com\/de\/wp-json\/wp\/v2\/product_tag?post=85983"}],"curies":[{"name":"wp","href":"https:\/\/api.w.org\/{rel}","templated":true}]}}