{"id":85999,"date":"2020-04-05T14:09:46","date_gmt":"2020-04-05T12:09:46","guid":{"rendered":"https:\/\/www.seaflowerstore.com\/nl\/aqua-medic-premium-line-600-osmosis-device\/"},"modified":"2024-03-19T15:31:14","modified_gmt":"2024-03-19T14:31:14","slug":"aqua-medic-premium-line-600-osmosis-device","status":"publish","type":"product","link":"https:\/\/www.seaflowerstore.com\/de\/aqua-medic-premium-line-600-osmosis-device\/","title":{"rendered":"Aqua Medic Premium line 600 osmosis device"},"content":{"rendered":"<h2>Aqua Medic Premium line 600 osmosis device 240 &#8211; 600 l \/ day<\/h2>\n<p>Das Osmoseger\u00e4t Aqua Medic Premium Line 600 ist f\u00fcr die Produktion von weichem und salzarmem Wasser f\u00fcr Salz- und S\u00fc\u00dfwasseraquarien sowie f\u00fcr die Bew\u00e4sserung von Terrarien und verschiedene andere Anwendungen konzipiert. Dieses Ger\u00e4t kann anorganische und organische Stoffe aus Ihrem Leitungswasser effektiv um bis zu etwa 98 % entfernen, wobei Nitrat und Silikat um etwa 70 % entfernt werden. Und das Beste daran: Dies wird ohne den Einsatz von zus\u00e4tzlichen Chemikalien erreicht.<\/p>\n<p><strong>Bitte beachten:<\/strong> Um zus\u00e4tzliche Silikate zu entfernen, muss ein separater DI-Filter erworben werden.<\/p>\n<p>Dieses Umkehrosmoseger\u00e4t Premium Line 600 ist ein hochwertiges, kompaktes und vielseitiges Ger\u00e4t. Es verf\u00fcgt \u00fcber zwei gro\u00dfe 10-Zoll-Vorfiltergeh\u00e4use und der Austausch des Filterinhalts (Aktivkohle und Sediment, 5 \u00b5m) ist ein Kinderspiel. Alle Komponenten, einschlie\u00dflich der Vorfiltergeh\u00e4use und des Membranmoduls, sind auf einer robusten, pulverbeschichteten Konsole montiert.<\/p>\n<p>Der Feinfilter ist darauf ausgelegt, Verunreinigungen gr\u00f6\u00dfer als 5 \u00b5m aus dem Wasser zu entfernen, w\u00e4hrend der Aktivkohle-Vorfilter effektiv Chlor eliminiert und so daf\u00fcr sorgt, dass die Membran gesch\u00fctzt bleibt. Die beiden Membranen dienen als Herzst\u00fcck des Systems und spielen eine entscheidende Rolle bei der Bestimmung der endg\u00fcltigen Wasserreinheit. Wir verwenden in unseren Ger\u00e4ten ausschlie\u00dflich TFC (Polyamid \/ Polysulfon) Membranen der neuesten Generation.<\/p>\n<p>Dieses System verf\u00fcgt au\u00dferdem \u00fcber ein Sp\u00fclventil und das Verh\u00e4ltnis von Abwasser zu Reinwasser betr\u00e4gt ca. 3-4:1 (Abwasser: Reinwasser), wobei die Salzentfernungsrate mit ca. 98% beeindruckend ist.<\/p>\n<p>Das Osmoseger\u00e4t Aqua Medic Premium line 600 wird mit folgenden Komponenten geliefert:<\/p>\n<ul>\n<li>Sedimentvorfilter 10&#8243; mit 5 \u00b5m Porengr\u00f6\u00dfe<\/li>\n<li>Aktivkohlefilter<\/li>\n<li>Zwei Umkehrosmosemembranen mit hochwertiger synthetischer Membran (Polyamid \/ Polysulfon) mit einer Kapazit\u00e4t von jeweils 120 &#8211; 300 Litern<\/li>\n<li>Sp\u00fclventil: Mit diesem Ventil k\u00f6nnen Sie das Verh\u00e4ltnis von Durchdringung zu Konzentrat auf 1:3 &#8211; 1:4 einstellen<\/li>\n<li>Wasseranschlussverschraubung (3\/4&#8243; &#8211; f\u00fcr ein Wasserhahn) mit einem 3 m langen Schlauch<\/li>\n<\/ul>\n<p>Bitte beachten Sie, dass die t\u00e4gliche Leistung dieses Ger\u00e4tes vom Wasserdruck und der Wassertemperatur abh\u00e4ngt.<\/p>\n","protected":false},"excerpt":{"rendered":"<p>Aqua Medic Premium line 600 osmosis machine 240 &#8211; 600 l \/ day For the production of soft and salt water for salt and freshwater aquariums, for watering terrariums and many other purposes<\/p>\n","protected":false},"featured_media":82827,"template":"","meta":[],"pwb-brand":[2149],"product_cat":[1468],"product_tag":[],"class_list":{"0":"post-85999","1":"product","2":"type-product","3":"status-publish","4":"has-post-thumbnail","6":"pwb-brand-aqua-medic","7":"product_cat-osmose-ionenaustauscher","8":"pa_show-myparcel-options-male-de","10":"first","11":"instock","12":"taxable","13":"shipping-taxable","14":"purchasable","15":"product-type-simple"},"acf":[],"brands":[{"id":2149,"name":"Aqua Medic","slug":"aqua-medic"}],"_links":{"self":[{"href":"https:\/\/www.seaflowerstore.com\/de\/wp-json\/wp\/v2\/product\/85999","targetHints":{"allow":["GET"]}}],"collection":[{"href":"https:\/\/www.seaflowerstore.com\/de\/wp-json\/wp\/v2\/product"}],"about":[{"href":"https:\/\/www.seaflowerstore.com\/de\/wp-json\/wp\/v2\/types\/product"}],"wp:featuredmedia":[{"embeddable":true,"href":"https:\/\/www.seaflowerstore.com\/de\/wp-json\/wp\/v2\/media\/82827"}],"wp:attachment":[{"href":"https:\/\/www.seaflowerstore.com\/de\/wp-json\/wp\/v2\/media?parent=85999"}],"wp:term":[{"taxonomy":"pwb-brand","embeddable":true,"href":"https:\/\/www.seaflowerstore.com\/de\/wp-json\/wp\/v2\/pwb-brand?post=85999"},{"taxonomy":"product_cat","embeddable":true,"href":"https:\/\/www.seaflowerstore.com\/de\/wp-json\/wp\/v2\/product_cat?post=85999"},{"taxonomy":"product_tag","embeddable":true,"href":"https:\/\/www.seaflowerstore.com\/de\/wp-json\/wp\/v2\/product_tag?post=85999"}],"curies":[{"name":"wp","href":"https:\/\/api.w.org\/{rel}","templated":true}]}}