{"id":86000,"date":"2020-04-05T13:52:39","date_gmt":"2020-04-05T11:52:39","guid":{"rendered":"https:\/\/www.seaflowerstore.com\/nl\/aqua-medic-premium-line-300-osmosis-device\/"},"modified":"2024-03-19T15:31:12","modified_gmt":"2024-03-19T14:31:12","slug":"aqua-medic-premium-line-300-osmosis-device","status":"publish","type":"product","link":"https:\/\/www.seaflowerstore.com\/de\/aqua-medic-premium-line-300-osmosis-device\/","title":{"rendered":"Aqua Medic Premium line 300 osmosis device"},"content":{"rendered":"<h2>Aqua Medic Premium line 300 osmosis machine 120 &#8211; 300 l \/ day<\/h2>\n<p>Dieses Ger\u00e4t eignet sich perfekt zur Herstellung von weichem und salzarmem Wasser f\u00fcr Salz- und S\u00fc\u00dfwasseraquarien sowie zur Bew\u00e4sserung von Terrarien und vielen anderen Anwendungen. Mit diesem Ger\u00e4t k\u00f6nnen Sie anorganische und organische Stoffe aus Ihrem Leitungswasser effektiv um bis zu 98 % entfernen (Nitrat und Silikat werden um etwa 70 % reduziert). Das Beste daran ist, dass dieser Prozess keine zus\u00e4tzlichen Chemikalien erfordert. Bitte beachten Sie, dass ein <strong>separater DI-Filter erworben werden muss<\/strong>, um zus\u00e4tzliche Silikate zu entfernen.<\/p>\n<p>Die Umkehrosmose Premium Line 300 ist ein erstklassiges, kompaktes und vielseitiges Ger\u00e4t. Es verf\u00fcgt \u00fcber zwei gro\u00dfe 10-Zoll-Vorfiltergeh\u00e4use f\u00fcr eine einfache Wartung. Sie k\u00f6nnen den Filterinhalt, der Aktivkohle und einen Sedimentfilter mit einer Porengr\u00f6\u00dfe von 5 \u00b5m umfasst, schnell austauschen. Alle Komponenten, einschlie\u00dflich der Vorfiltergeh\u00e4use und des Membranmoduls, sind sicher auf einer robusten pulverbeschichteten Konsole montiert.<\/p>\n<p>Der Feinfilter entfernt effektiv Verunreinigungen gr\u00f6\u00dfer als 5 \u00b5m aus dem Wasser, w\u00e4hrend der Aktivkohle-Vorfilter Chlor eliminiert, um die Membran zu sch\u00fctzen. Die Membran selbst ist das Herzst\u00fcck des Systems und bestimmt die ultimative Wasserreinheit. Wir verwenden in unseren Ger\u00e4ten ausschlie\u00dflich moderne TFC-Membranen (Polyamid \/ Polysulfon).<\/p>\n<p>Dieses System enth\u00e4lt auch ein Sp\u00fclventil und das Verh\u00e4ltnis von Abwasser zu reinem Wasser betr\u00e4gt ungef\u00e4hr 3-4:1 (Abfall: Sauber). Der Salzentfernungsgrad liegt bei etwa 98 %.<\/p>\n<p>Das Ger\u00e4t wird komplett geliefert mit:<\/p>\n<ul>\n<li>Sedimentvorfilter, 10 Zoll mit 5 \u00b5m Porengr\u00f6\u00dfe<\/li>\n<li>Aktivkohlefilter<\/li>\n<li>Ein Umkehrosmosemodul mit hochwertiger synthetischer Membran (Polyamid \/ Polysulfon) mit einer Kapazit\u00e4t von 120 &#8211; 300 Litern<\/li>\n<li>Sp\u00fclventil: Mit diesem Ventil k\u00f6nnen Sie das Verh\u00e4ltnis von Abfall zu Konzentrat auf 1:3 &#8211; 1:4 einstellen<\/li>\n<li>Wasseranschlussst\u00fcck (3\/4 Zoll f\u00fcr einen Wasserhahn) mit einem 3 Meter langen Schlauch<\/li>\n<\/ul>\n<p>Beachten Sie, dass die t\u00e4gliche Leistung dieses Ger\u00e4ts je nach Wasserdruck und -temperatur variiert.<\/p>\n","protected":false},"excerpt":{"rendered":"<p>Aqua Medic Premium line 300 osmosis machine 120 &#8211; 300 l \/ day For the production of soft and salt water for salt and freshwater aquariums, for watering terrariums and many other purposes<\/p>\n","protected":false},"featured_media":82825,"template":"","meta":[],"pwb-brand":[2149],"product_cat":[1468],"product_tag":[],"class_list":{"0":"post-86000","1":"product","2":"type-product","3":"status-publish","4":"has-post-thumbnail","6":"pwb-brand-aqua-medic","7":"product_cat-osmose-ionenaustauscher","8":"pa_show-myparcel-options-male-de","10":"first","11":"instock","12":"taxable","13":"shipping-taxable","14":"purchasable","15":"product-type-simple"},"acf":[],"brands":[{"id":2149,"name":"Aqua Medic","slug":"aqua-medic"}],"_links":{"self":[{"href":"https:\/\/www.seaflowerstore.com\/de\/wp-json\/wp\/v2\/product\/86000","targetHints":{"allow":["GET"]}}],"collection":[{"href":"https:\/\/www.seaflowerstore.com\/de\/wp-json\/wp\/v2\/product"}],"about":[{"href":"https:\/\/www.seaflowerstore.com\/de\/wp-json\/wp\/v2\/types\/product"}],"wp:featuredmedia":[{"embeddable":true,"href":"https:\/\/www.seaflowerstore.com\/de\/wp-json\/wp\/v2\/media\/82825"}],"wp:attachment":[{"href":"https:\/\/www.seaflowerstore.com\/de\/wp-json\/wp\/v2\/media?parent=86000"}],"wp:term":[{"taxonomy":"pwb-brand","embeddable":true,"href":"https:\/\/www.seaflowerstore.com\/de\/wp-json\/wp\/v2\/pwb-brand?post=86000"},{"taxonomy":"product_cat","embeddable":true,"href":"https:\/\/www.seaflowerstore.com\/de\/wp-json\/wp\/v2\/product_cat?post=86000"},{"taxonomy":"product_tag","embeddable":true,"href":"https:\/\/www.seaflowerstore.com\/de\/wp-json\/wp\/v2\/product_tag?post=86000"}],"curies":[{"name":"wp","href":"https:\/\/api.w.org\/{rel}","templated":true}]}}