{"id":86009,"date":"2020-03-26T16:17:55","date_gmt":"2020-03-26T15:17:55","guid":{"rendered":"https:\/\/www.seaflowerstore.com\/nl\/octo-hy-4000w-water-blaster-pump\/"},"modified":"2024-03-19T15:31:03","modified_gmt":"2024-03-19T14:31:03","slug":"octo-hy-4000w-water-blaster-pump","status":"publish","type":"product","link":"https:\/\/www.seaflowerstore.com\/de\/octo-hy-4000w-water-blaster-pump\/","title":{"rendered":"Octo HY-4000w Water Blaster pump"},"content":{"rendered":"<h2>Octo HY-4000w Water Blaster pump with 4400LPH and 2,9m max height capacity<\/h2>\n<p>Die Umw\u00e4lzpumpe Reef Octopus Water Blaster ist speziell daf\u00fcr konzipiert, gro\u00dfe Wassermengen effizient zu bewegen. Sie verwendet moderne Seltenerdmagnete (Neodym), die deutlich mehr Leistung bieten als herk\u00f6mmliche Ferritmagnete, was sie zu einer besseren Wahl macht, auch wenn sie bis zu neunmal teurer sein kann.<\/p>\n<p>Diese Pumpe verf\u00fcgt \u00fcber eine integrierte digitale Platine, die eine konstante Durchflussrate gew\u00e4hrleistet und Sch\u00e4den vorbeugt, indem sie den Richtungsstart und die Drehzahl steuert. Unsere Water Blaster-Pumpe arbeitet leise, effizient und beh\u00e4lt w\u00e4hrend des Betriebs eine niedrige Temperatur.<\/p>\n<p>Ausgestattet mit einem Siliziumnitrid-Laufrad bietet diese Pumpe eine viel h\u00f6here Verschlei\u00dffestigkeit im Vergleich zu den Keramiken, die \u00fcblicherweise in anderen Pumpen zu finden sind. Es funktioniert sowohl bei N\u00e4sse als auch bei Trockenheit effektiv.<\/p>\n<p><strong>Technische Daten:<\/strong><\/p>\n<ul>\n<li>Spannung: 220 V\/60 Hz<\/li>\n<li>Leistung: 45 W<\/li>\n<li>Maximaler Wasserdurchfluss: 4400 l\/h<\/li>\n<li>Maximaler Druck: 2,9 m<\/li>\n<li>Harte Lot-\/Schlauchanschlussverbindungen<\/li>\n<li>Einlassgr\u00f6\u00dfe: 32 mm (1 Zoll) Einlass<\/li>\n<li>Auslassgr\u00f6\u00dfe: 25 mm (3\/4 Zoll) Auslass<\/li>\n<li>Abmessungen (L x B x H): 23 x 11,5 x 21 cm<\/li>\n<\/ul>\n","protected":false},"excerpt":{"rendered":"<p>Reef Octopus HY-4000w Water Blaster pump with 4400LPH and 2,9m max height capacity<\/p>\n","protected":false},"featured_media":82804,"template":"","meta":[],"pwb-brand":[2295],"product_cat":[1537],"product_tag":[],"class_list":{"0":"post-86009","1":"product","2":"type-product","3":"status-publish","4":"has-post-thumbnail","6":"pwb-brand-reef-octopus","7":"product_cat-aquarientechnik","8":"pa_show-myparcel-options-male-de","10":"first","11":"instock","12":"taxable","13":"shipping-taxable","14":"purchasable","15":"product-type-simple"},"acf":[],"brands":[{"id":2295,"name":"Reef OCTOpus","slug":"reef-octopus"}],"_links":{"self":[{"href":"https:\/\/www.seaflowerstore.com\/de\/wp-json\/wp\/v2\/product\/86009","targetHints":{"allow":["GET"]}}],"collection":[{"href":"https:\/\/www.seaflowerstore.com\/de\/wp-json\/wp\/v2\/product"}],"about":[{"href":"https:\/\/www.seaflowerstore.com\/de\/wp-json\/wp\/v2\/types\/product"}],"wp:featuredmedia":[{"embeddable":true,"href":"https:\/\/www.seaflowerstore.com\/de\/wp-json\/wp\/v2\/media\/82804"}],"wp:attachment":[{"href":"https:\/\/www.seaflowerstore.com\/de\/wp-json\/wp\/v2\/media?parent=86009"}],"wp:term":[{"taxonomy":"pwb-brand","embeddable":true,"href":"https:\/\/www.seaflowerstore.com\/de\/wp-json\/wp\/v2\/pwb-brand?post=86009"},{"taxonomy":"product_cat","embeddable":true,"href":"https:\/\/www.seaflowerstore.com\/de\/wp-json\/wp\/v2\/product_cat?post=86009"},{"taxonomy":"product_tag","embeddable":true,"href":"https:\/\/www.seaflowerstore.com\/de\/wp-json\/wp\/v2\/product_tag?post=86009"}],"curies":[{"name":"wp","href":"https:\/\/api.w.org\/{rel}","templated":true}]}}