{"id":86010,"date":"2020-03-26T16:09:53","date_gmt":"2020-03-26T15:09:53","guid":{"rendered":"https:\/\/www.seaflowerstore.com\/nl\/octo-hy-16000w-water-blaster-pump\/"},"modified":"2024-03-19T15:03:55","modified_gmt":"2024-03-19T14:03:55","slug":"octo-hy-16000w-water-blaster-pump","status":"publish","type":"product","link":"https:\/\/www.seaflowerstore.com\/de\/octo-hy-16000w-water-blaster-pump\/","title":{"rendered":"Octo HY-16000w Water Blaster pump"},"content":{"rendered":"<h2>Octo HY-16000w Water Blaster pump with 15.250LPH and 6.7m max height capacity<\/h2>\n<p>Die Umw\u00e4lzpumpe Reef Octopus Water Blaster ist speziell daf\u00fcr ausgelegt, eine betr\u00e4chtliche Menge Wasser zu bewegen. Sie verwendet einen Seltenerdmagneten, insbesondere Neodym, der im Vergleich zu einem herk\u00f6mmlichen Ferritmagneten deutlich mehr Leistung bietet und bis zu neunmal teurer sein kann. Eine integrierte digitale Platine sorgt f\u00fcr eine konstante Durchflussrate und sch\u00fctzt die Pumpe vor Sch\u00e4den, indem sie den Richtungsstart und die Drehzahl steuert.<\/p>\n<p>Unsere Water Blaster-Pumpe arbeitet leise, effizient und bei niedriger Temperatur. Sie verf\u00fcgt \u00fcber ein Siliziumnitrid-Laufrad, das viel verschlei\u00dffester ist als die Keramik, die \u00fcblicherweise in anderen Pumpen verwendet wird. Diese Pumpe kann sowohl in nassen als auch in trockenen Bedingungen betrieben werden, was sie sehr vielseitig macht.<\/p>\n<p><strong>Technische Daten:<\/strong><\/p>\n<ul>\n<li>Spannung: 220 V\/60 Hz<\/li>\n<li>Leistung: 250 W<\/li>\n<li>Max. Wasserdurchfluss: 15.250 l\/h<\/li>\n<li>Max. F\u00f6rderh\u00f6he: 6,7 m<\/li>\n<li>Harte Lot-\/Schlauchanschlussverbindungen<\/li>\n<li>Einlassgr\u00f6\u00dfe: 40 mm (1 1\/4 Zoll) Einlass<\/li>\n<li>Auslassgr\u00f6\u00dfe: 40 mm (1 1\/4 Zoll) Auslass<\/li>\n<li>Abmessungen (L x B x H): 24 x 13,5 x 23,2 cm<\/li>\n<\/ul>\n","protected":false},"excerpt":{"rendered":"<p>Reef Octopus HY-16000w Water Blaster pump with 15.250LPH and 6,7m max height capacity<\/p>\n","protected":false},"featured_media":82799,"template":"","meta":[],"pwb-brand":[2295],"product_cat":[1537],"product_tag":[],"class_list":{"0":"post-86010","1":"product","2":"type-product","3":"status-publish","4":"has-post-thumbnail","6":"pwb-brand-reef-octopus","7":"product_cat-aquarientechnik","8":"pa_show-myparcel-options-male-de","10":"first","11":"instock","12":"taxable","13":"shipping-taxable","14":"purchasable","15":"product-type-simple"},"acf":[],"brands":[{"id":2295,"name":"Reef OCTOpus","slug":"reef-octopus"}],"_links":{"self":[{"href":"https:\/\/www.seaflowerstore.com\/de\/wp-json\/wp\/v2\/product\/86010","targetHints":{"allow":["GET"]}}],"collection":[{"href":"https:\/\/www.seaflowerstore.com\/de\/wp-json\/wp\/v2\/product"}],"about":[{"href":"https:\/\/www.seaflowerstore.com\/de\/wp-json\/wp\/v2\/types\/product"}],"wp:featuredmedia":[{"embeddable":true,"href":"https:\/\/www.seaflowerstore.com\/de\/wp-json\/wp\/v2\/media\/82799"}],"wp:attachment":[{"href":"https:\/\/www.seaflowerstore.com\/de\/wp-json\/wp\/v2\/media?parent=86010"}],"wp:term":[{"taxonomy":"pwb-brand","embeddable":true,"href":"https:\/\/www.seaflowerstore.com\/de\/wp-json\/wp\/v2\/pwb-brand?post=86010"},{"taxonomy":"product_cat","embeddable":true,"href":"https:\/\/www.seaflowerstore.com\/de\/wp-json\/wp\/v2\/product_cat?post=86010"},{"taxonomy":"product_tag","embeddable":true,"href":"https:\/\/www.seaflowerstore.com\/de\/wp-json\/wp\/v2\/product_tag?post=86010"}],"curies":[{"name":"wp","href":"https:\/\/api.w.org\/{rel}","templated":true}]}}