{"id":86011,"date":"2020-03-26T16:01:53","date_gmt":"2020-03-26T15:01:53","guid":{"rendered":"https:\/\/www.seaflowerstore.com\/nl\/octo-hy-12500w-water-blaster-pump\/"},"modified":"2024-03-19T15:03:52","modified_gmt":"2024-03-19T14:03:52","slug":"octo-hy-12500w-water-blaster-pump","status":"publish","type":"product","link":"https:\/\/www.seaflowerstore.com\/de\/octo-hy-12500w-water-blaster-pump\/","title":{"rendered":"Octo HY-12500w Water Blaster pump"},"content":{"rendered":"<h2>Octo HY-12500w Water Blaster pump<\/h2>\n<p><strong>Die Reef Octopus HY-12500w Water Blaster-Pumpe<\/strong> ist mit ihrer beeindruckenden Kapazit\u00e4t von 12.500 Litern pro Stunde und einer maximalen H\u00f6he von 5,6 Metern daf\u00fcr ausgelegt, eine betr\u00e4chtliche Menge Wasser zu bewegen. Diese Pumpe verwendet Seltenerdmagnete (Neodym), die deutlich leistungsst\u00e4rker sind als herk\u00f6mmliche Ferritmagnete und bis zu neunmal teurer sein k\u00f6nnen.<\/p>\n<p>Die eingebaute digitale Platine sorgt f\u00fcr eine konstante Durchflussrate und sch\u00fctzt die Pumpe, indem sie den Richtungsstart und die Drehzahl steuert. Unsere Water Blaster-Pumpe arbeitet leise, effizient und h\u00e4lt eine niedrige Temperatur.<\/p>\n<p>Dank eines Siliziumnitrid-Laufrads ist diese Pumpe im Vergleich zu den Keramiken, die \u00fcblicherweise in anderen Pumpen verwendet werden, viel verschlei\u00dffester. Es ist vielseitig genug, um sowohl bei nassen als auch bei trockenen Bedingungen verwendet zu werden.<\/p>\n<p><strong>Technische Daten:<\/strong><\/p>\n<ul>\n<li>Spannung: 220 V\/60 Hz<\/li>\n<li>Leistung: 175 W<\/li>\n<li>Maximaler Wasserdurchfluss: 12.500 LPH<\/li>\n<li>Maximaler Druck: 5,6 m<\/li>\n<li>Harte Lot-\/Schlauchanschlussverbindungen<\/li>\n<li>Einlassgr\u00f6\u00dfe: 40 mm (1 1\/4 Zoll)<\/li>\n<li>Auslassgr\u00f6\u00dfe: 40 mm (1 1\/4 Zoll)<\/li>\n<li>Abmessungen (L x B x H): 24 x 13,5 x 23,2 cm<\/li>\n<\/ul>\n","protected":false},"excerpt":{"rendered":"<p>Reef Octopus HY-12500w Water Blaster pump with 12.500LPH and 5,6m max height capacity<\/p>\n","protected":false},"featured_media":82794,"template":"","meta":[],"pwb-brand":[2295],"product_cat":[1537],"product_tag":[],"class_list":{"0":"post-86011","1":"product","2":"type-product","3":"status-publish","4":"has-post-thumbnail","6":"pwb-brand-reef-octopus","7":"product_cat-aquarientechnik","8":"pa_show-myparcel-options-male-de","10":"first","11":"instock","12":"taxable","13":"shipping-taxable","14":"purchasable","15":"product-type-simple"},"acf":[],"brands":[{"id":2295,"name":"Reef OCTOpus","slug":"reef-octopus"}],"_links":{"self":[{"href":"https:\/\/www.seaflowerstore.com\/de\/wp-json\/wp\/v2\/product\/86011","targetHints":{"allow":["GET"]}}],"collection":[{"href":"https:\/\/www.seaflowerstore.com\/de\/wp-json\/wp\/v2\/product"}],"about":[{"href":"https:\/\/www.seaflowerstore.com\/de\/wp-json\/wp\/v2\/types\/product"}],"wp:featuredmedia":[{"embeddable":true,"href":"https:\/\/www.seaflowerstore.com\/de\/wp-json\/wp\/v2\/media\/82794"}],"wp:attachment":[{"href":"https:\/\/www.seaflowerstore.com\/de\/wp-json\/wp\/v2\/media?parent=86011"}],"wp:term":[{"taxonomy":"pwb-brand","embeddable":true,"href":"https:\/\/www.seaflowerstore.com\/de\/wp-json\/wp\/v2\/pwb-brand?post=86011"},{"taxonomy":"product_cat","embeddable":true,"href":"https:\/\/www.seaflowerstore.com\/de\/wp-json\/wp\/v2\/product_cat?post=86011"},{"taxonomy":"product_tag","embeddable":true,"href":"https:\/\/www.seaflowerstore.com\/de\/wp-json\/wp\/v2\/product_tag?post=86011"}],"curies":[{"name":"wp","href":"https:\/\/api.w.org\/{rel}","templated":true}]}}