{"id":86012,"date":"2020-03-26T15:40:43","date_gmt":"2020-03-26T14:40:43","guid":{"rendered":"https:\/\/www.seaflowerstore.com\/nl\/octo-hy-10000w-water-blaster-pump\/"},"modified":"2024-03-19T15:03:49","modified_gmt":"2024-03-19T14:03:49","slug":"octo-hy-10000w-water-blaster-pump","status":"publish","type":"product","link":"https:\/\/www.seaflowerstore.com\/de\/octo-hy-10000w-water-blaster-pump\/","title":{"rendered":"Octo HY-10000w Water Blaster pump"},"content":{"rendered":"<h2>Octo HY-10000w Water Blaster pump<\/h2>\n<h2>Reef Octopus HY-10000w Wasserstrahlpumpe mit 10.000 LPH und 4,7 m max. F\u00f6rderh\u00f6he<\/h2>\n<p>Die Reef Octopus Wasserstrahlpumpe wurde speziell daf\u00fcr entwickelt, eine betr\u00e4chtliche Menge Wasser effizient zu bewegen. Diese Pumpe verwendet Seltenerdmagnete, insbesondere Neodym, die deutlich mehr Leistung bieten als herk\u00f6mmliche Ferritmagnete und bis zu neunmal teurer sein k\u00f6nnen.<\/p>\n<p>Diese Pumpe verf\u00fcgt \u00fcber eine integrierte digitale Platine, sorgt f\u00fcr eine konstante Durchflussrate und sch\u00fctzt vor Sch\u00e4den, indem sie den Richtungsstart und die Drehzahl steuert. Sie werden es zu sch\u00e4tzen wissen, dass unsere Wasserstrahlpumpe leise, effizient und bei niedriger Temperatur arbeitet.<\/p>\n<p>Mit einem Siliziumnitrid-Laufrad ist diese Pumpe viel verschlei\u00dffester als die Keramik, die oft in anderen Pumpen zu finden ist. Es ist au\u00dferdem vielseitig genug, um sowohl bei nassen als auch bei trockenen Bedingungen zu funktionieren.<\/p>\n<p><strong>Technische Daten:<\/strong><\/p>\n<ul>\n<li>Spannung: 220 V\/60 Hz<\/li>\n<li>Leistung: 120 W<\/li>\n<li>Maximaler Wasserdurchfluss: 10.000 LPH<\/li>\n<li>Maximaler Druck: 4,7 m<\/li>\n<li>Harte Lot-\/Schlauchanschlussverbindungen<\/li>\n<li>Einlassgr\u00f6\u00dfe: 40 mm (1 1\/4 Zoll) Einlass<\/li>\n<li>Auslassgr\u00f6\u00dfe: 32 mm (1 Zoll) Auslass<\/li>\n<li>Abmessungen (L x B x H): 24 x 13,5 x 22 cm<\/li>\n<\/ul>\n","protected":false},"excerpt":{"rendered":"<p>Reef Octopus HY-10000w Water Blaster pump with 10.000LPH and 4,7m max height capacity<\/p>\n","protected":false},"featured_media":82789,"template":"","meta":[],"pwb-brand":[2295],"product_cat":[1537],"product_tag":[],"class_list":{"0":"post-86012","1":"product","2":"type-product","3":"status-publish","4":"has-post-thumbnail","6":"pwb-brand-reef-octopus","7":"product_cat-aquarientechnik","8":"pa_show-myparcel-options-male-de","10":"first","11":"instock","12":"taxable","13":"shipping-taxable","14":"purchasable","15":"product-type-simple"},"acf":[],"brands":[{"id":2295,"name":"Reef OCTOpus","slug":"reef-octopus"}],"_links":{"self":[{"href":"https:\/\/www.seaflowerstore.com\/de\/wp-json\/wp\/v2\/product\/86012","targetHints":{"allow":["GET"]}}],"collection":[{"href":"https:\/\/www.seaflowerstore.com\/de\/wp-json\/wp\/v2\/product"}],"about":[{"href":"https:\/\/www.seaflowerstore.com\/de\/wp-json\/wp\/v2\/types\/product"}],"wp:featuredmedia":[{"embeddable":true,"href":"https:\/\/www.seaflowerstore.com\/de\/wp-json\/wp\/v2\/media\/82789"}],"wp:attachment":[{"href":"https:\/\/www.seaflowerstore.com\/de\/wp-json\/wp\/v2\/media?parent=86012"}],"wp:term":[{"taxonomy":"pwb-brand","embeddable":true,"href":"https:\/\/www.seaflowerstore.com\/de\/wp-json\/wp\/v2\/pwb-brand?post=86012"},{"taxonomy":"product_cat","embeddable":true,"href":"https:\/\/www.seaflowerstore.com\/de\/wp-json\/wp\/v2\/product_cat?post=86012"},{"taxonomy":"product_tag","embeddable":true,"href":"https:\/\/www.seaflowerstore.com\/de\/wp-json\/wp\/v2\/product_tag?post=86012"}],"curies":[{"name":"wp","href":"https:\/\/api.w.org\/{rel}","templated":true}]}}