{"id":86013,"date":"2020-03-26T15:31:34","date_gmt":"2020-03-26T14:31:34","guid":{"rendered":"https:\/\/www.seaflowerstore.com\/nl\/octo-hy-7000w-water-blaster-pump\/"},"modified":"2024-03-19T15:03:46","modified_gmt":"2024-03-19T14:03:46","slug":"octo-hy-7000w-water-blaster-pump","status":"publish","type":"product","link":"https:\/\/www.seaflowerstore.com\/de\/octo-hy-7000w-water-blaster-pump\/","title":{"rendered":"Octo HY-7000w Water Blaster pump"},"content":{"rendered":"<h2>Octo HY-7000w Water Blaster pump<\/h2>\n<h2>Reef Octopus HY-7000w Wasserstrahlpumpe mit 7100 l\/h und 4,0 m max. F\u00f6rderh\u00f6he<\/h2>\n<p>Die Reef Octopus Wasserstrahlpumpe ist daf\u00fcr ausgelegt, eine betr\u00e4chtliche Menge Wasser effizient zu bewegen. Sie verwendet Seltenerdmagnete, insbesondere Neodym, die im Vergleich zu herk\u00f6mmlichen Ferritmagneten viel mehr Leistung bieten und bis zu neunmal teurer sein k\u00f6nnen. Eine integrierte digitale Platine sorgt f\u00fcr eine konstante Durchflussrate und sch\u00fctzt die Pumpe vor Sch\u00e4den, indem sie den Richtungsstart und die Drehzahl steuert.<\/p>\n<p>Diese Wasserstrahlpumpe arbeitet leise, effizient und bei niedriger Temperatur. Sie verf\u00fcgt \u00fcber ein Siliziumnitrid-Laufrad, das deutlich verschlei\u00dffester ist als die Keramik, die \u00fcblicherweise in anderen Pumpen verwendet wird. Dar\u00fcber hinaus kann es sowohl bei N\u00e4sse als auch bei Trockenheit effektiv funktionieren.<\/p>\n<p><strong>Technische Daten:<\/strong><\/p>\n<ul>\n<li>Spannung: 220 V\/60 Hz<\/li>\n<li>Leistung: 80 W<\/li>\n<li>Maximaler Wasserdurchfluss: 7100 l\/h<\/li>\n<li>Maximaler Druck: 4,0 m<\/li>\n<li>Harte Lot-\/Schlauchanschlussverbindungen<\/li>\n<li>Einlassgr\u00f6\u00dfe: 40 mm (1 1\/4 Zoll) Einlass<\/li>\n<li>Auslassgr\u00f6\u00dfe: 32 mm (1 Zoll) Auslass<\/li>\n<li>Abmessungen (L x B x H): 23 x 11,5 x 21 cm<\/li>\n<\/ul>\n","protected":false},"excerpt":{"rendered":"<p>Reef Octopus HY-7000w Water Blaster pump with 7100LPH and 4,0m max height capacity<\/p>\n","protected":false},"featured_media":82784,"template":"","meta":[],"pwb-brand":[2295],"product_cat":[1417],"product_tag":[],"class_list":{"0":"post-86013","1":"product","2":"type-product","3":"status-publish","4":"has-post-thumbnail","6":"pwb-brand-reef-octopus","7":"product_cat-druckerhohungspumpen","8":"pa_show-myparcel-options-male-de","10":"first","11":"instock","12":"taxable","13":"shipping-taxable","14":"purchasable","15":"product-type-simple"},"acf":[],"brands":[{"id":2295,"name":"Reef OCTOpus","slug":"reef-octopus"}],"_links":{"self":[{"href":"https:\/\/www.seaflowerstore.com\/de\/wp-json\/wp\/v2\/product\/86013","targetHints":{"allow":["GET"]}}],"collection":[{"href":"https:\/\/www.seaflowerstore.com\/de\/wp-json\/wp\/v2\/product"}],"about":[{"href":"https:\/\/www.seaflowerstore.com\/de\/wp-json\/wp\/v2\/types\/product"}],"wp:featuredmedia":[{"embeddable":true,"href":"https:\/\/www.seaflowerstore.com\/de\/wp-json\/wp\/v2\/media\/82784"}],"wp:attachment":[{"href":"https:\/\/www.seaflowerstore.com\/de\/wp-json\/wp\/v2\/media?parent=86013"}],"wp:term":[{"taxonomy":"pwb-brand","embeddable":true,"href":"https:\/\/www.seaflowerstore.com\/de\/wp-json\/wp\/v2\/pwb-brand?post=86013"},{"taxonomy":"product_cat","embeddable":true,"href":"https:\/\/www.seaflowerstore.com\/de\/wp-json\/wp\/v2\/product_cat?post=86013"},{"taxonomy":"product_tag","embeddable":true,"href":"https:\/\/www.seaflowerstore.com\/de\/wp-json\/wp\/v2\/product_tag?post=86013"}],"curies":[{"name":"wp","href":"https:\/\/api.w.org\/{rel}","templated":true}]}}