{"id":86014,"date":"2020-03-26T15:21:22","date_gmt":"2020-03-26T14:21:22","guid":{"rendered":"https:\/\/www.seaflowerstore.com\/nl\/octo-hy-5000w-water-blaster-pump\/"},"modified":"2024-03-19T15:03:42","modified_gmt":"2024-03-19T14:03:42","slug":"octo-hy-5000w-water-blaster-pump","status":"publish","type":"product","link":"https:\/\/www.seaflowerstore.com\/de\/octo-hy-5000w-water-blaster-pump\/","title":{"rendered":"Octo HY-5000w Water Blaster pump"},"content":{"rendered":"<h2>Octo HY-5000w Water Blaster pump<\/h2>\n<h2>Reef Octopus HY-5000w Wasserstrahlpumpe mit 5300 l\/h und 3,4 m max. F\u00f6rderh\u00f6he<\/h2>\n<p>Die Reef Octopus Wasserstrahlpumpe ist daf\u00fcr ausgelegt, eine betr\u00e4chtliche Menge Wasser effizient zu bewegen. Sie verwendet einen Seltenerdmagneten (Neodym), der viel mehr Leistung liefert als ein Standard-Ferritmagnet und bis zu neunmal teurer sein kann.<\/p>\n<p>Die eingebaute digitale Platine sorgt f\u00fcr eine konstante Durchflussrate und verhindert Sch\u00e4den an der Pumpe, indem sie den Richtungsstart und die Drehzahl steuert. Unsere Wasserstrahlpumpe arbeitet ger\u00e4uschlos, effizient und bleibt auf niedriger Temperatur.<\/p>\n<p>Sie verf\u00fcgt \u00fcber ein Siliziumnitrid-Laufrad, das im Vergleich zu den Keramiken, die normalerweise in anderen Pumpen verwendet werden, deutlich verschlei\u00dffester ist. Dar\u00fcber hinaus funktioniert es sowohl bei N\u00e4sse als auch bei Trockenheit.<\/p>\n<p><strong>Technische Daten:<\/strong><\/p>\n<ul>\n<li>Spannung: 220 V\/60 Hz<\/li>\n<li>Leistung: 60 W<\/li>\n<li>Maximaler Wasserdurchfluss: 5300 l\/h<\/li>\n<li>Maximaler Druck: 3,4 m<\/li>\n<li>Harte Lot-\/Schlauchanschlussverbindungen<\/li>\n<li>Einlassgr\u00f6\u00dfe: 40 mm (1 1\/4 Zoll) Einlass<\/li>\n<li>Auslassgr\u00f6\u00dfe: 32 mm (1 Zoll) Auslass<\/li>\n<li>Abmessungen (L x B x H): 23 x 11,5 x 21 cm<\/li>\n<\/ul>\n","protected":false},"excerpt":{"rendered":"<p>Reef Octopus HY-5000w Water Blaster pump with 5300LPH and 3,4m max height capacity<\/p>\n","protected":false},"featured_media":82779,"template":"","meta":[],"pwb-brand":[2295],"product_cat":[1537],"product_tag":[],"class_list":{"0":"post-86014","1":"product","2":"type-product","3":"status-publish","4":"has-post-thumbnail","6":"pwb-brand-reef-octopus","7":"product_cat-aquarientechnik","8":"pa_show-myparcel-options-male-de","10":"first","11":"instock","12":"taxable","13":"shipping-taxable","14":"purchasable","15":"product-type-simple"},"acf":[],"brands":[{"id":2295,"name":"Reef OCTOpus","slug":"reef-octopus"}],"_links":{"self":[{"href":"https:\/\/www.seaflowerstore.com\/de\/wp-json\/wp\/v2\/product\/86014","targetHints":{"allow":["GET"]}}],"collection":[{"href":"https:\/\/www.seaflowerstore.com\/de\/wp-json\/wp\/v2\/product"}],"about":[{"href":"https:\/\/www.seaflowerstore.com\/de\/wp-json\/wp\/v2\/types\/product"}],"wp:featuredmedia":[{"embeddable":true,"href":"https:\/\/www.seaflowerstore.com\/de\/wp-json\/wp\/v2\/media\/82779"}],"wp:attachment":[{"href":"https:\/\/www.seaflowerstore.com\/de\/wp-json\/wp\/v2\/media?parent=86014"}],"wp:term":[{"taxonomy":"pwb-brand","embeddable":true,"href":"https:\/\/www.seaflowerstore.com\/de\/wp-json\/wp\/v2\/pwb-brand?post=86014"},{"taxonomy":"product_cat","embeddable":true,"href":"https:\/\/www.seaflowerstore.com\/de\/wp-json\/wp\/v2\/product_cat?post=86014"},{"taxonomy":"product_tag","embeddable":true,"href":"https:\/\/www.seaflowerstore.com\/de\/wp-json\/wp\/v2\/product_tag?post=86014"}],"curies":[{"name":"wp","href":"https:\/\/api.w.org\/{rel}","templated":true}]}}