{"id":86015,"date":"2020-03-26T15:13:24","date_gmt":"2020-03-26T14:13:24","guid":{"rendered":"https:\/\/www.seaflowerstore.com\/nl\/octo-hy-3000w-water-blaster-pump\/"},"modified":"2024-03-19T15:03:39","modified_gmt":"2024-03-19T14:03:39","slug":"octo-hy-3000w-water-blaster-pump","status":"publish","type":"product","link":"https:\/\/www.seaflowerstore.com\/de\/octo-hy-3000w-water-blaster-pump\/","title":{"rendered":"Octo HY-3000w Water Blaster pump"},"content":{"rendered":"<h2>Octo HY-3000w Water Blaster pump<\/h2>\n<h2>Reef Octopus HY-3000w Wasserstrahlpumpe mit 3400 l\/h und 2,5 m max. F\u00f6rderh\u00f6he<\/h2>\n<p>Die Reef Octopus Wasserstrahlpumpe wurde speziell daf\u00fcr entwickelt, gro\u00dfe Wassermengen effizient zu bewegen. Sie verwendet Seltenerdmagnete (Neodym), die deutlich mehr Leistung liefern als herk\u00f6mmliche Ferritmagnete und daher bis zu neunmal teurer sind. Die integrierte digitale Platine sorgt f\u00fcr eine konstante Durchflussrate und verhindert potenzielle Sch\u00e4den, indem sie den Richtungsstart und die Drehzahl steuert.<\/p>\n<p>Diese Wasserstrahlpumpe arbeitet leise, effizient und bei niedriger Temperatur. Sie verf\u00fcgt \u00fcber ein Siliziumnitrid-Laufrad, das im Vergleich zu den in anderen Pumpen \u00fcblichen Keramiken viel verschlei\u00dffester ist. Dar\u00fcber hinaus kann es sowohl bei nassen als auch bei trockenen Bedingungen effektiv funktionieren.<\/p>\n<p><strong>Technische Daten:<\/strong><\/p>\n<ul>\n<li>Spannung: 220 V\/60 Hz<\/li>\n<li>Leistung: 35 W<\/li>\n<li>Maximaler Wasserdurchfluss: 3400 l\/h<\/li>\n<li>Maximaler Druck: 2,5 m<\/li>\n<li>Harte Lot-\/Schlauchanschlussverbindungen<\/li>\n<li>Einlassgr\u00f6\u00dfe: 32 mm (1 Zoll)<\/li>\n<li>Auslassgr\u00f6\u00dfe: 25 mm (3\/4 Zoll)<\/li>\n<li>Abmessungen (L x B x H): 21 x 11 x 20 cm<\/li>\n<\/ul>\n","protected":false},"excerpt":{"rendered":"<p>Reef Octopus HY-3000w Water Blaster pump with 3400LPH and 2,5m max height capacity<\/p>\n","protected":false},"featured_media":82774,"template":"","meta":[],"pwb-brand":[2295],"product_cat":[1537],"product_tag":[],"class_list":{"0":"post-86015","1":"product","2":"type-product","3":"status-publish","4":"has-post-thumbnail","6":"pwb-brand-reef-octopus","7":"product_cat-aquarientechnik","8":"pa_show-myparcel-options-male-de","10":"first","11":"instock","12":"taxable","13":"shipping-taxable","14":"purchasable","15":"product-type-simple"},"acf":[],"brands":[{"id":2295,"name":"Reef OCTOpus","slug":"reef-octopus"}],"_links":{"self":[{"href":"https:\/\/www.seaflowerstore.com\/de\/wp-json\/wp\/v2\/product\/86015","targetHints":{"allow":["GET"]}}],"collection":[{"href":"https:\/\/www.seaflowerstore.com\/de\/wp-json\/wp\/v2\/product"}],"about":[{"href":"https:\/\/www.seaflowerstore.com\/de\/wp-json\/wp\/v2\/types\/product"}],"wp:featuredmedia":[{"embeddable":true,"href":"https:\/\/www.seaflowerstore.com\/de\/wp-json\/wp\/v2\/media\/82774"}],"wp:attachment":[{"href":"https:\/\/www.seaflowerstore.com\/de\/wp-json\/wp\/v2\/media?parent=86015"}],"wp:term":[{"taxonomy":"pwb-brand","embeddable":true,"href":"https:\/\/www.seaflowerstore.com\/de\/wp-json\/wp\/v2\/pwb-brand?post=86015"},{"taxonomy":"product_cat","embeddable":true,"href":"https:\/\/www.seaflowerstore.com\/de\/wp-json\/wp\/v2\/product_cat?post=86015"},{"taxonomy":"product_tag","embeddable":true,"href":"https:\/\/www.seaflowerstore.com\/de\/wp-json\/wp\/v2\/product_tag?post=86015"}],"curies":[{"name":"wp","href":"https:\/\/api.w.org\/{rel}","templated":true}]}}