{"id":86016,"date":"2020-03-26T14:48:50","date_gmt":"2020-03-26T13:48:50","guid":{"rendered":"https:\/\/www.seaflowerstore.com\/nl\/octo-hy-2000w-water-blaster-pump\/"},"modified":"2024-03-19T15:03:36","modified_gmt":"2024-03-19T14:03:36","slug":"octo-hy-2000w-water-blaster-pump","status":"publish","type":"product","link":"https:\/\/www.seaflowerstore.com\/de\/octo-hy-2000w-water-blaster-pump\/","title":{"rendered":"Octo HY-2000w Water Blaster pump"},"content":{"rendered":"<h2>Octo HY-2000w Water Blaster pump<\/h2>\n<h2>Reef Octopus HY-2000w Wasserstrahlpumpe mit 2000 l\/h und 1,8 m max. F\u00f6rderh\u00f6he<\/h2>\n<p>Die Reef Octopus Wasserstrahlpumpe ist daf\u00fcr ausgelegt, eine betr\u00e4chtliche Menge Wasser effizient zu bewegen. Sie verwendet einen Seltenerdmagneten, insbesondere Neodym, der deutlich mehr Leistung liefert als herk\u00f6mmliche Ferritmagnete, obwohl er bis zu neunmal teurer sein kann.<\/p>\n<p>Eine integrierte digitale Platine sorgt f\u00fcr eine konstante Durchflussrate und sch\u00fctzt die Pumpe vor Sch\u00e4den, indem sie die Startrichtung und die Drehzahl steuert. Unsere Wasserstrahlpumpe arbeitet leise, effizient und bei niedriger Temperatur.<\/p>\n<p>Ausgestattet mit einem Siliziumnitrid-Laufrad ist diese Pumpe viel verschlei\u00dffester als die Keramik, die \u00fcblicherweise in anderen Pumpen verwendet wird. Dar\u00fcber hinaus kann es sowohl bei N\u00e4sse als auch bei Trockenheit betrieben werden.<\/p>\n<p><strong>Technische Daten:<\/strong><\/p>\n<ul>\n<li>Spannung: 220 V\/60 Hz<\/li>\n<li>Leistung: 18 W<\/li>\n<li>Maximaler Wasserdurchfluss: 2000 l\/h<\/li>\n<li>Maximaler Druck: 1,8 m<\/li>\n<li>Harte Lot-\/Schlauchanschlussverbindungen<\/li>\n<li>Einlassgr\u00f6\u00dfe: 25 mm (3\/4 Zoll) Einlass<\/li>\n<li>Auslassgr\u00f6\u00dfe: 20 mm (1\/2 Zoll) Auslass<\/li>\n<li>Abmessungen (L x B x H): 18 x 9 x 18 cm<\/li>\n<\/ul>\n","protected":false},"excerpt":{"rendered":"<p>Reef Octopus HY-2000w Water Blaster pump with 2000LPH and 1,8m max height capacity<\/p>\n","protected":false},"featured_media":82769,"template":"","meta":[],"pwb-brand":[2295],"product_cat":[1537],"product_tag":[],"class_list":{"0":"post-86016","1":"product","2":"type-product","3":"status-publish","4":"has-post-thumbnail","6":"pwb-brand-reef-octopus","7":"product_cat-aquarientechnik","8":"pa_show-myparcel-options-male-de","10":"first","11":"instock","12":"taxable","13":"shipping-taxable","14":"purchasable","15":"product-type-simple"},"acf":[],"brands":[{"id":2295,"name":"Reef OCTOpus","slug":"reef-octopus"}],"_links":{"self":[{"href":"https:\/\/www.seaflowerstore.com\/de\/wp-json\/wp\/v2\/product\/86016","targetHints":{"allow":["GET"]}}],"collection":[{"href":"https:\/\/www.seaflowerstore.com\/de\/wp-json\/wp\/v2\/product"}],"about":[{"href":"https:\/\/www.seaflowerstore.com\/de\/wp-json\/wp\/v2\/types\/product"}],"wp:featuredmedia":[{"embeddable":true,"href":"https:\/\/www.seaflowerstore.com\/de\/wp-json\/wp\/v2\/media\/82769"}],"wp:attachment":[{"href":"https:\/\/www.seaflowerstore.com\/de\/wp-json\/wp\/v2\/media?parent=86016"}],"wp:term":[{"taxonomy":"pwb-brand","embeddable":true,"href":"https:\/\/www.seaflowerstore.com\/de\/wp-json\/wp\/v2\/pwb-brand?post=86016"},{"taxonomy":"product_cat","embeddable":true,"href":"https:\/\/www.seaflowerstore.com\/de\/wp-json\/wp\/v2\/product_cat?post=86016"},{"taxonomy":"product_tag","embeddable":true,"href":"https:\/\/www.seaflowerstore.com\/de\/wp-json\/wp\/v2\/product_tag?post=86016"}],"curies":[{"name":"wp","href":"https:\/\/api.w.org\/{rel}","templated":true}]}}