{"id":86017,"date":"2020-03-26T14:38:13","date_gmt":"2020-03-26T13:38:13","guid":{"rendered":"https:\/\/www.seaflowerstore.com\/nl\/octo-hy-1000w-water-blaster-pump\/"},"modified":"2024-03-19T15:03:33","modified_gmt":"2024-03-19T14:03:33","slug":"octo-hy-1000w-water-blaster-pump","status":"publish","type":"product","link":"https:\/\/www.seaflowerstore.com\/de\/octo-hy-1000w-water-blaster-pump\/","title":{"rendered":"Octo HY-1000w Water Blaster pump"},"content":{"rendered":"<h2>Octo HY-1000w Water Blaster pump<\/h2>\n<h2>Reef Octopus HY-1000w Wasserstrahlpumpe mit 1600 l\/h und 1,4 m max. F\u00f6rderh\u00f6he<\/h2>\n<p>Die Reef Octopus Wasserstrahlpumpe ist daf\u00fcr ausgelegt, eine betr\u00e4chtliche Menge Wasser effizient zu bewegen. Sie verwendet einen Seltenerdmagneten (Neodym), der viel leistungsst\u00e4rker als ein herk\u00f6mmlicher Ferritmagnet ist und bis zu neunmal teurer sein kann.<\/p>\n<p>Eine integrierte digitale Platine sorgt f\u00fcr eine konstante Durchflussrate und sch\u00fctzt die Pumpe, indem sie den Richtungsstart und die Drehzahl steuert. Unsere Wasserstrahlpumpe arbeitet leise, effizient und bei niedriger Temperatur.<\/p>\n<p>Sie verf\u00fcgt \u00fcber ein Siliziumnitrid-Laufrad, das im Vergleich zu den in anderen Pumpen \u00fcblicherweise verwendeten Keramiken eine h\u00f6here Verschlei\u00dffestigkeit bietet. Es funktioniert sowohl bei N\u00e4sse als auch bei Trockenheit effektiv.<\/p>\n<p><strong>Technische Daten:<\/strong><\/p>\n<ul>\n<li>Spannung: 220 V\/60 Hz<\/li>\n<li>Leistung: 13 W<\/li>\n<li>Maximaler Wasserdurchfluss: 1600 l\/h<\/li>\n<li>Maximaler Druck: 1,4 m<\/li>\n<li>Harte Lot-\/Schlauchanschlussst\u00fccke<\/li>\n<li>Einlassgr\u00f6\u00dfe: 25 mm (3\/4 Zoll) Einlass<\/li>\n<li>Auslassgr\u00f6\u00dfe: 20 mm (1\/2 Zoll) Auslass<\/li>\n<\/ul>\n","protected":false},"excerpt":{"rendered":"<p>Reef Octopus HY-1000w Water Blaster pump with 1600LPH and 1,4m max height capacity<\/p>\n","protected":false},"featured_media":82764,"template":"","meta":[],"pwb-brand":[2295],"product_cat":[1537],"product_tag":[],"class_list":{"0":"post-86017","1":"product","2":"type-product","3":"status-publish","4":"has-post-thumbnail","6":"pwb-brand-reef-octopus","7":"product_cat-aquarientechnik","8":"pa_show-myparcel-options-male-de","10":"first","11":"instock","12":"taxable","13":"shipping-taxable","14":"purchasable","15":"product-type-simple"},"acf":[],"brands":[{"id":2295,"name":"Reef OCTOpus","slug":"reef-octopus"}],"_links":{"self":[{"href":"https:\/\/www.seaflowerstore.com\/de\/wp-json\/wp\/v2\/product\/86017","targetHints":{"allow":["GET"]}}],"collection":[{"href":"https:\/\/www.seaflowerstore.com\/de\/wp-json\/wp\/v2\/product"}],"about":[{"href":"https:\/\/www.seaflowerstore.com\/de\/wp-json\/wp\/v2\/types\/product"}],"wp:featuredmedia":[{"embeddable":true,"href":"https:\/\/www.seaflowerstore.com\/de\/wp-json\/wp\/v2\/media\/82764"}],"wp:attachment":[{"href":"https:\/\/www.seaflowerstore.com\/de\/wp-json\/wp\/v2\/media?parent=86017"}],"wp:term":[{"taxonomy":"pwb-brand","embeddable":true,"href":"https:\/\/www.seaflowerstore.com\/de\/wp-json\/wp\/v2\/pwb-brand?post=86017"},{"taxonomy":"product_cat","embeddable":true,"href":"https:\/\/www.seaflowerstore.com\/de\/wp-json\/wp\/v2\/product_cat?post=86017"},{"taxonomy":"product_tag","embeddable":true,"href":"https:\/\/www.seaflowerstore.com\/de\/wp-json\/wp\/v2\/product_tag?post=86017"}],"curies":[{"name":"wp","href":"https:\/\/api.w.org\/{rel}","templated":true}]}}