{"id":86018,"date":"2020-03-26T14:09:22","date_gmt":"2020-03-26T13:09:22","guid":{"rendered":"https:\/\/www.seaflowerstore.com\/nl\/reef-octopus-bio-spheres-1000ml-box\/"},"modified":"2024-03-19T15:03:31","modified_gmt":"2024-03-19T14:03:31","slug":"reef-octopus-bio-spheres-1000ml-box","status":"publish","type":"product","link":"https:\/\/www.seaflowerstore.com\/de\/reef-octopus-bio-spheres-1000ml-box\/","title":{"rendered":"Reef Octopus Bio spheres 1000ml\/box"},"content":{"rendered":"<h2>Reef Octopus Bio spheres 1000ml\/box biopellets Reduces Nitrates and Phosphates<\/h2>\n<p>Bio-Spheres sind speziell entwickelte Pellets aus 100 % reinem biologischen Polymer-Feststoffkohlenstoff. Bei Verwendung mit dem BioChurn-Reaktor oder einem anderen kompatiblen Reaktor geben diese Pellets nach und nach Polymerkohlenstoff ins Meerwasser ab. Dieser Prozess f\u00f6rdert das Wachstum n\u00fctzlicher Bakterien und Enzyme auf der Oberfl\u00e4che der Pellets.<\/p>\n<p>Bio-Spheres dienen als wichtige Nahrungsquelle f\u00fcr n\u00fctzliche Bakterien, unterst\u00fctzen die Vermehrung dieser Organismen und reduzieren gleichzeitig effektiv Nitrate und Phosphate.<\/p>\n<p><strong>Funktionen &amp; Vorteile<\/strong><\/p>\n<ul>\n<li>100 % nat\u00fcrlich<\/li>\n<li>Verkapselt f\u00fcr einfache Handhabung und Nachf\u00fcllung<\/li>\n<li>Reduziert Nitrate und Phosphate<\/li>\n<li>Langsame Freisetzung von Polymerkohlenstoff<\/li>\n<li>F\u00f6rdert das Wachstum n\u00fctzlicher Bakterien und Enzyme<\/li>\n<li>Hilft beim Aufbau eines n\u00e4hrstoffarmen Systems<\/li>\n<li>Erh\u00f6ht die Effizienz des Eiwei\u00dfabsch\u00e4umers<\/li>\n<\/ul>\n","protected":false},"excerpt":{"rendered":"<p>Reef Octopus Bio spheres 1000ml\/box biopellets Reduces Nitrates and Phosphates<\/p>\n","protected":false},"featured_media":82761,"template":"","meta":[],"pwb-brand":[2295],"product_cat":[1572,515],"product_tag":[],"class_list":{"0":"post-86018","1":"product","2":"type-product","3":"status-publish","4":"has-post-thumbnail","6":"pwb-brand-reef-octopus","7":"product_cat-biopellets-de","8":"product_cat-additives","9":"pa_show-myparcel-options-male-de","11":"first","12":"outofstock","13":"taxable","14":"shipping-taxable","15":"purchasable","16":"product-type-simple"},"acf":[],"brands":[{"id":2295,"name":"Reef OCTOpus","slug":"reef-octopus"}],"_links":{"self":[{"href":"https:\/\/www.seaflowerstore.com\/de\/wp-json\/wp\/v2\/product\/86018","targetHints":{"allow":["GET"]}}],"collection":[{"href":"https:\/\/www.seaflowerstore.com\/de\/wp-json\/wp\/v2\/product"}],"about":[{"href":"https:\/\/www.seaflowerstore.com\/de\/wp-json\/wp\/v2\/types\/product"}],"wp:featuredmedia":[{"embeddable":true,"href":"https:\/\/www.seaflowerstore.com\/de\/wp-json\/wp\/v2\/media\/82761"}],"wp:attachment":[{"href":"https:\/\/www.seaflowerstore.com\/de\/wp-json\/wp\/v2\/media?parent=86018"}],"wp:term":[{"taxonomy":"pwb-brand","embeddable":true,"href":"https:\/\/www.seaflowerstore.com\/de\/wp-json\/wp\/v2\/pwb-brand?post=86018"},{"taxonomy":"product_cat","embeddable":true,"href":"https:\/\/www.seaflowerstore.com\/de\/wp-json\/wp\/v2\/product_cat?post=86018"},{"taxonomy":"product_tag","embeddable":true,"href":"https:\/\/www.seaflowerstore.com\/de\/wp-json\/wp\/v2\/product_tag?post=86018"}],"curies":[{"name":"wp","href":"https:\/\/api.w.org\/{rel}","templated":true}]}}