{"id":86020,"date":"2020-03-26T13:34:19","date_gmt":"2020-03-26T12:34:19","guid":{"rendered":"https:\/\/www.seaflowerstore.com\/nl\/reef-octopus-salt-6-7kg-box\/"},"modified":"2024-03-19T15:03:30","modified_gmt":"2024-03-19T14:03:30","slug":"reef-octopus-salt-6-7kg-box","status":"publish","type":"product","link":"https:\/\/www.seaflowerstore.com\/de\/reef-octopus-salt-6-7kg-box\/","title":{"rendered":"Reef Octopus Salt 6.7kg\/box"},"content":{"rendered":"<h2>Reef Octopus Salt 6.7kg\/box for 165-200 liters<\/h2>\n<p>Reef Octopus Marine Salt ist ein fantastisches neues Meersalzprodukt f\u00fcr Meerwasseraquarien. Als prim\u00e4ren Rohstoff verwendet es solar verdampftes Salz, um die essentiellen und Spurenelemente so nah wie m\u00f6glich am nat\u00fcrlichen Meerwasser zu erhalten. Jede Charge unserer Rohstoffe wird strengen Labortests unterzogen, gefolgt von spezifischen Verbesserungen und Anpassungen, um ihre physikalische und chemische Stabilit\u00e4t nach der Wiederaufl\u00f6sung sicherzustellen.<\/p>\n<p>Nach der Produktion wird jede Charge vor dem Verkauf beprobt, getestet und bewertet, um den h\u00f6chsten Qualit\u00e4tsstandards zu entsprechen. Um Ihr Erlebnis noch besser zu machen, wird das Produkt vollst\u00e4ndig dehydriert, was zu einem einheitlichen und sauberen Erscheinungsbild f\u00fchrt. Es l\u00f6st sich schnell und stabil auf, mit minimaler Ausf\u00e4llung, was Ihnen wertvolle Zeit beim Wasserwechsel in Ihren Tanks spart.<\/p>\n<p><strong>Technische Daten<\/strong><\/p>\n<ul>\n<li>Parameter bei Mischung auf eine spezifische Dichte (S.G.): von 1,025 bei 25 \u00b0C = 35,5 ppt<\/li>\n<li>pH: 8,15<\/li>\n<li>Kalzium: 420 mg<\/li>\n<li>Alkalinit\u00e4t: 9<\/li>\n<li>Magnesium: 1300<\/li>\n<li>Strontium: 9,5<\/li>\n<li>Rubidium: 0,12<\/li>\n<li>Kalium: 360<\/li>\n<li>Natrium: 9300<\/li>\n<li>Eisen: 0,08<\/li>\n<li>Lithium: 0,15<\/li>\n<li>Chlorid: 17100<\/li>\n<li>Sulfat: 2360<\/li>\n<li>Bromid: 50<\/li>\n<li>Fluorid: 0,8<\/li>\n<li>Bor: 5<\/li>\n<\/ul>\n<h2>Reef Octopus Salz 6,7 kg\/Karton<\/h2>\n<p><strong>RO-Wasser<\/strong><\/p>\n<p>Wir empfehlen dringend, Reef Octopus Meerwasser mit Umkehrosmosewasser (RO) oder weichem Wasser mit einem Kalziumgehalt von weniger als 30 mg\/l zu verwenden. Da der Kalziumgehalt in Reef Octopus Salt bereits auf 420 mg\/l erh\u00f6ht ist, kann das Mischen mit hartem Leitungswasser, das zus\u00e4tzlichen Kalziumgehalt hat, die Konzentration \u00fcber die empfohlenen Werte hinaus erh\u00f6hen, was zu Kalziumausf\u00e4llungen f\u00fchren kann.<\/p>\n<p>Die Verwendung von RO-Wasser hilft dabei, unerw\u00fcnschte Ionen wie Phosphat und Nitrat aus Ihrem Leitungswasser zu entfernen, die sonst zu l\u00e4stigen Algen in Ihrem Aquarium beitragen k\u00f6nnen.<\/p>\n<p><strong>Mischanleitung<\/strong><\/p>\n<p>Befolgen Sie zum Mischen des Salzes diese Schritte:<\/p>\n<ul>\n<li>Geben Sie in einem sauberen Beh\u00e4lter 1 kg Reef Octopus Salt in 27,5 Liter Wasser (1 lb bis 2,9 US-Gallonen).<\/li>\n<li>Gr\u00fcndlich mischen, bis das gesamte Salz aufgel\u00f6st und die L\u00f6sung klar ist.<\/li>\n<li>F\u00fcr optimale Ergebnisse bel\u00fcften und r\u00fchren Sie die Mischung \u00fcber 2 Stunden lang und bringen Sie sie vor der Verwendung auf die entsprechende Temperatur.<\/li>\n<li>\u00dcberpr\u00fcfen Sie das spezifische Gewicht (S.G.) vor dem Hinzuf\u00fcgen zum Aquarium. Passen Sie den Wert bei Bedarf durch Hinzuf\u00fcgen von mehr Salz oder Wasser an, um den richtigen S.G.-Wert zu erhalten. Denken Sie daran, dass sich der S.G. mit der Temperatur \u00e4ndern kann.<\/li>\n<\/ul>\n<p>F\u00fcr genaue und konsistente Messungen des S.G. Ihrer Salzl\u00f6sung empfehlen wir die Verwendung eines tragbaren Refraktometers.<\/p>\n<p>Diese 6,7 kg schwere Box ist f\u00fcr 165\u2013200 Liter (14,55 lbs f\u00fcr 43\u201352 US-Gallonen) geeignet.<\/p>\n","protected":false},"excerpt":{"rendered":"<p>Reef Octopus Salt 6.7kg\/box for 165-200 liters<\/p>\n","protected":false},"featured_media":82757,"template":"","meta":[],"pwb-brand":[2295],"product_cat":[1443],"product_tag":[],"class_list":{"0":"post-86020","1":"product","2":"type-product","3":"status-publish","4":"has-post-thumbnail","6":"pwb-brand-reef-octopus","7":"product_cat-salzig","8":"pa_show-myparcel-options-male-de","10":"first","11":"outofstock","12":"taxable","13":"shipping-taxable","14":"purchasable","15":"product-type-simple"},"acf":[],"brands":[{"id":2295,"name":"Reef OCTOpus","slug":"reef-octopus"}],"_links":{"self":[{"href":"https:\/\/www.seaflowerstore.com\/de\/wp-json\/wp\/v2\/product\/86020","targetHints":{"allow":["GET"]}}],"collection":[{"href":"https:\/\/www.seaflowerstore.com\/de\/wp-json\/wp\/v2\/product"}],"about":[{"href":"https:\/\/www.seaflowerstore.com\/de\/wp-json\/wp\/v2\/types\/product"}],"wp:featuredmedia":[{"embeddable":true,"href":"https:\/\/www.seaflowerstore.com\/de\/wp-json\/wp\/v2\/media\/82757"}],"wp:attachment":[{"href":"https:\/\/www.seaflowerstore.com\/de\/wp-json\/wp\/v2\/media?parent=86020"}],"wp:term":[{"taxonomy":"pwb-brand","embeddable":true,"href":"https:\/\/www.seaflowerstore.com\/de\/wp-json\/wp\/v2\/pwb-brand?post=86020"},{"taxonomy":"product_cat","embeddable":true,"href":"https:\/\/www.seaflowerstore.com\/de\/wp-json\/wp\/v2\/product_cat?post=86020"},{"taxonomy":"product_tag","embeddable":true,"href":"https:\/\/www.seaflowerstore.com\/de\/wp-json\/wp\/v2\/product_tag?post=86020"}],"curies":[{"name":"wp","href":"https:\/\/api.w.org\/{rel}","templated":true}]}}