{"id":86028,"date":"2020-03-26T09:26:12","date_gmt":"2020-03-26T08:26:12","guid":{"rendered":"https:\/\/www.seaflowerstore.com\/nl\/octo-varios-6-water-pump\/"},"modified":"2024-03-19T15:03:17","modified_gmt":"2024-03-19T14:03:17","slug":"octo-varios-6-water-pump","status":"publish","type":"product","link":"https:\/\/www.seaflowerstore.com\/de\/octo-varios-6-water-pump\/","title":{"rendered":"OCTO VarioS 6 Water Pump"},"content":{"rendered":"<h2>OCTO VarioS 6 Water Pump give you enhanced performance and precise control of flow through your aquariums reactors, sump, or closed-loop system<\/h2>\n<p>Die Reef Octopus VarioS DC-Pumpen bieten verbesserte Leistung und pr\u00e4zise Durchflusskontrolle in den Reaktoren, dem Sumpf oder dem geschlossenen Kreislaufsystem Ihres Aquariums. Mit der vollst\u00e4ndigen Kontrolle \u00fcber den VarioS-Controller k\u00f6nnen Sie den Durchfluss der Pumpe problemlos verwalten, F\u00f6rdermodi (15 oder 60 Minuten) aufrufen, einen Sicherheitsschwimmerschalter (im Lieferumfang enthalten) hinzuf\u00fcgen oder sie an einen Controller eines Drittanbieters wie einen Apex anschlie\u00dfen.<\/p>\n<p><strong>Maximaler Durchfluss:<\/strong> 6500 LPH<\/p>\n<p><strong>Hauptmerkmale:<\/strong><\/p>\n<ul>\n<li><strong>Effizient \u2013 \u200b\u200bSicher \u2013 Zuverl\u00e4ssig<\/strong><\/li>\n<li>5 Durchflusseinstellungen \u2013 Pr\u00e4zise Steuerung f\u00fcr jede Anwendung<\/li>\n<li>Echt langsamer Start \u2013 schonend f\u00fcr die Ausr\u00fcstung und energiesparend<\/li>\n<li>Schwimmerschalter \u2013 setzt einen neuen Standard f\u00fcr Pumpensicherheit<\/li>\n<li>Abnehmbarer Controller \u2013 wasserdichte Verbindung<\/li>\n<li>Drehbare Spirale \u2013 l\u00e4sst sich in 90-Grad-Intervallen einstellen<\/li>\n<li>Integrierter Speicher \u2013 beh\u00e4lt die Programmierung bei Stromausf\u00e4llen bei<\/li>\n<li>Superleiser Betrieb &#8211; Ideal f\u00fcr ger\u00e4uschempfindliche Umgebungen<\/li>\n<li>Zufuhrmodus &#8211; Unterbricht den Betrieb f\u00fcr 15 oder 60 Minuten<\/li>\n<li>Tauchf\u00e4hig oder extern &#8211; Vielseitig f\u00fcr R\u00fcckl\u00e4ufe, geschlossene Kreisl\u00e4ufe oder Reaktor-\/Filteranwendungen<\/li>\n<\/ul>\n<p><strong>Steuerung<\/strong><\/p>\n<p>Die VarioS DC-Pumpe ist jetzt mit dem neuen VarioS-Controller ausgestattet, der noch mehr Kontrolle bietet. Mit f\u00fcnf energiesparenden Geschwindigkeiten und zwei Zufuhrmodi erm\u00f6glicht Ihnen der Controller, die Leistung Ihrer Pumpe auf einen Blick zu \u00fcberwachen.<\/p>\n<p><strong>Steuerung durch Drittanbieter<\/strong><\/p>\n<p>Ein dedizierter Port am VarioS-Controller erm\u00f6glicht es Ihnen, Ihre VarioS-Pumpe \u00fcber einen 0-10-V-Referenzport direkt an jeden Controller eines Drittanbieters anzuschlie\u00dfen. Mit dieser Funktion k\u00f6nnen Sie benutzerdefinierte Str\u00f6mungsprofile erstellen, die besonders f\u00fcr geschlossene Kreislaufsysteme n\u00fctzlich sind, um eine zuf\u00e4llige Str\u00f6mung in Ihrem Aquarium zu erzeugen.<\/p>\n<p><strong>Sicherheit<\/strong><\/p>\n<p>Einer der Vorteile dieser Pumpe ist die M\u00f6glichkeit, direkt einen Schwimmerschalter anzuschlie\u00dfen. Mit dem Schwimmer k\u00f6nnen Sie Hoch- oder Tiefpunkte in Ihrem Sumpf, Absch\u00e4umerbecher oder Schautank festlegen und die Pumpe bei Aktivierung automatisch abschalten. Der VarioS-Controller verf\u00fcgt \u00fcber eine wasserdichte 3-Leiter-Verbindung, die an die Pumpe angeschlossen wird und so eine sichere und l\u00f6sbare Verbindung gew\u00e4hrleistet.<\/p>\n<p><strong>Spezifikationen:<\/strong><\/p>\n<ul>\n<li>Eingang: 40 mm PVC-Schlupf<\/li>\n<li>Ausgang: 40 mm PVC-Schlupf oder 1\/2&#8243; &#8211; 3\/4&#8243; Stufen-Widerhaken<\/li>\n<li>Max. Durchfluss: 6500 LPH<\/li>\n<li>Max. F\u00f6rderh\u00f6he: 4,9 m<\/li>\n<li>Leistung: 70 W<\/li>\n<li>Spannung: 32 V DC<\/li>\n<li>Abmessungen: 14,5 cm L x 9,5 cm B x 14 cm H<\/li>\n<li>Kabell\u00e4nge: 180 cm<\/li>\n<\/ul>\n<p><strong>Was ist in der Box:<\/strong><\/p>\n<ul>\n<li>VarioS-6 Steuerbare Pumpe<\/li>\n<li>VarioS-Steuerung<\/li>\n<li>Stromversorgung<\/li>\n<li>Schwimmerschalter<\/li>\n<li>Eingangsanschluss<\/li>\n<li>Ausgangsanschluss<\/li>\n<li>1\/2&#8243; &#8211; 3\/4&#8243; Stufenanschluss<\/li>\n<li>Ansaugschutzgitter<\/li>\n<\/ul>\n","protected":false},"excerpt":{"rendered":"<p>The OCTO VarioS 6 lift pump with a max capacity of 6500 liters per hour for your aquarium<\/p>\n","protected":false},"featured_media":82731,"template":"","meta":[],"pwb-brand":[2295],"product_cat":[1417],"product_tag":[],"class_list":{"0":"post-86028","1":"product","2":"type-product","3":"status-publish","4":"has-post-thumbnail","6":"pwb-brand-reef-octopus","7":"product_cat-druckerhohungspumpen","8":"pa_show-myparcel-options-male-de","10":"first","11":"outofstock","12":"taxable","13":"shipping-taxable","14":"purchasable","15":"product-type-simple"},"acf":[],"brands":[{"id":2295,"name":"Reef OCTOpus","slug":"reef-octopus"}],"_links":{"self":[{"href":"https:\/\/www.seaflowerstore.com\/de\/wp-json\/wp\/v2\/product\/86028","targetHints":{"allow":["GET"]}}],"collection":[{"href":"https:\/\/www.seaflowerstore.com\/de\/wp-json\/wp\/v2\/product"}],"about":[{"href":"https:\/\/www.seaflowerstore.com\/de\/wp-json\/wp\/v2\/types\/product"}],"wp:featuredmedia":[{"embeddable":true,"href":"https:\/\/www.seaflowerstore.com\/de\/wp-json\/wp\/v2\/media\/82731"}],"wp:attachment":[{"href":"https:\/\/www.seaflowerstore.com\/de\/wp-json\/wp\/v2\/media?parent=86028"}],"wp:term":[{"taxonomy":"pwb-brand","embeddable":true,"href":"https:\/\/www.seaflowerstore.com\/de\/wp-json\/wp\/v2\/pwb-brand?post=86028"},{"taxonomy":"product_cat","embeddable":true,"href":"https:\/\/www.seaflowerstore.com\/de\/wp-json\/wp\/v2\/product_cat?post=86028"},{"taxonomy":"product_tag","embeddable":true,"href":"https:\/\/www.seaflowerstore.com\/de\/wp-json\/wp\/v2\/product_tag?post=86028"}],"curies":[{"name":"wp","href":"https:\/\/api.w.org\/{rel}","templated":true}]}}