{"id":86031,"date":"2020-03-25T14:37:48","date_gmt":"2020-03-25T13:37:48","guid":{"rendered":"https:\/\/www.seaflowerstore.com\/nl\/octo-pulse-op-4-wave-pump\/"},"modified":"2024-03-19T15:03:07","modified_gmt":"2024-03-19T14:03:07","slug":"octo-pulse-op-4-wave-pump","status":"publish","type":"product","link":"https:\/\/www.seaflowerstore.com\/de\/octo-pulse-op-4-wave-pump\/","title":{"rendered":"Octo Pulse OP-4+ Wave pump"},"content":{"rendered":"<h2>Octo Pulse OP-4+ Wave pump Generates Massive Water Movement<\/h2>\n<p>Die Wellenpumpe Octo Pulse OP-4+ wurde entwickelt, um eine beeindruckende Wasserbewegung in Ihrem Aquarium zu erzeugen. Diese innovative Wellenpumpe der OCTO-Serie mit Gleichstrom (DC) verf\u00fcgt \u00fcber mehrere spannende Funktionen, darunter:<\/p>\n<ul>\n<li>Mehrere Einstellwinkel<\/li>\n<li>Ein neuer WiFi-Controller<\/li>\n<li>APP-Steuerung mit Schnittstelle f\u00fcr einen 0-10-V-Anschluss<\/li>\n<li>Vier programmierbare Wellenmuster<\/li>\n<li>Eine hochwertige Keramikwelle und ein Lager zur Minimierung von Verschlei\u00df<\/li>\n<li>Die neueste Durchflusstechnologie mit variabler Geschwindigkeit f\u00fcr bessere Kontrolle, verbesserte Leistung, Energieeffizienz und sichereren Betrieb<\/li>\n<\/ul>\n<p>Der neue Controller mit WiFi-Funktion erm\u00f6glicht es Ihnen, zwei Wellenpumpen gleichzeitig mit Strom zu versorgen und die Einstellungen zwischen ihnen mithilfe unserer angepassten OCTO-APP, die sowohl f\u00fcr iOS- als auch f\u00fcr Android-Ger\u00e4te verf\u00fcgbar ist, einfach anzupassen.<\/p>\n<p>Sie k\u00f6nnen eine beeindruckende Durchflussrate von bis zu 17.000 Litern pro Stunde erreichen und dabei nur 32 Watt Strom verbrauchen! Diese Pumpe wird f\u00fcr Tankgr\u00f6\u00dfen von 300 bis 1800 Litern empfohlen.<\/p>\n<ul>\n<li>360-Grad-Einstellbereich<\/li>\n<li>Flache Magnetbefestigung<\/li>\n<li>Neodym-Magnete<\/li>\n<li>WLAN-steuerbar (2,4 GHz)<\/li>\n<li>Steuerbar \u00fcber App<\/li>\n<li>Kompaktes und langlebiges Design<\/li>\n<li>Ger\u00e4uschloser Betrieb<\/li>\n<li>Vier vorprogrammierte Leistungsmuster<\/li>\n<li>Dual-Power-Modus (15 oder 60 Minuten)<\/li>\n<li>Ein Controller kann zwei Wellenpumpen verwalten und mit Strom versorgen<\/li>\n<\/ul>\n<p>Der Octo Pulse 4 ist vollst\u00e4ndig steuerbar und hocheffizient. Er verbraucht nur bis zu 10 Watt Strom und liefert einen breiten Durchfluss, den Ihre Fische und Korallen wirklich zu sch\u00e4tzen wissen. Der Wasserfluss wird gleichm\u00e4\u00dfig in Ihrem Tank verteilt, wodurch \u201eHot Spots\u201c vermieden werden und Ihre Korallen nicht \u00fcberlastet werden. Dank der 360-Grad-Magnethalterung und einer leistungsstarken Leistung von 6000 LPH der Reef Octopus Octo Pulse Wave Pumps k\u00f6nnen Sie den Wasserfluss genau dorthin lenken, wo Sie ihn ben\u00f6tigen. Mit einem konvexen\/konkaven Montagesystem k\u00f6nnen die Octo Pulse Pumps in nahezu jedem Winkel positioniert, um bis zu 25 Grad eingestellt und um 360 Grad gedreht werden.<\/p>\n<p><strong>Universelle 0-10-V-Steuerung<\/strong><\/p>\n<p>Wenn Sie einen Apex-Controller oder einen anderen Typ mit einem 0-10-V-Anschluss haben, k\u00f6nnen Sie zus\u00e4tzliche Funktionen freischalten. Auf diese Weise k\u00f6nnen Sie den ganzen Tag \u00fcber benutzerdefinierte Str\u00f6mungsmuster erstellen und Ihre Powerheads mit anderen an den Controller angeschlossenen Ger\u00e4ten synchronisieren.<\/p>\n<p><strong>Octo Pulse Control<\/strong><\/p>\n<p>Da jedes Aquarium einzigartig ist, werden die Octo Pulse Powerheads mit einem Controller geliefert, der vier voreingestellte Pulsmuster bietet und einen Wellen- oder Wogeneffekt in Ihrem gesamten Becken erzeugt. Die einfachen One-Touch-F\u00fctterungsmodi pausieren die Pumpen f\u00fcr 15 bis 60 Minuten und eignen sich daher perfekt f\u00fcr F\u00fctterungs- oder Wartungsaufgaben.<\/p>\n<p><strong>Spezifikationen:<\/strong><\/p>\n<ul>\n<li>Max. Durchfluss: 17.000 Liter pro Stunde<\/li>\n<li>Max. Tankglasdicke: 15 mm<\/li>\n<li>Abmessungen: 9 cm L x 9 cm B x 8 cm H<\/li>\n<li>Max. Stromverbrauch: 32 W<\/li>\n<\/ul>\n<p><strong>Was ist im Lieferumfang enthalten?<\/strong><\/p>\n<ul>\n<li>1x Octo Pulse 4+ Pumpe<\/li>\n<li>1x Magnetisches Montagesystem<\/li>\n<li>1x Netzteil<\/li>\n<li>1x Octo Pulse Controller mit Montagehalterung<\/li>\n<\/ul>\n","protected":false},"excerpt":{"rendered":"<p>Octo Pulse OP-4+ Wave pump Generates Massive Water Movement in your aquarium<\/p>\n","protected":false},"featured_media":92252,"template":"","meta":[],"pwb-brand":[2295],"product_cat":[1388],"product_tag":[],"class_list":{"0":"post-86031","1":"product","2":"type-product","3":"status-publish","4":"has-post-thumbnail","6":"pwb-brand-reef-octopus","7":"product_cat-stroemungspumpen","8":"pa_show-myparcel-options-male-de","10":"first","11":"outofstock","12":"taxable","13":"shipping-taxable","14":"purchasable","15":"product-type-simple"},"acf":[],"brands":[{"id":2295,"name":"Reef OCTOpus","slug":"reef-octopus"}],"_links":{"self":[{"href":"https:\/\/www.seaflowerstore.com\/de\/wp-json\/wp\/v2\/product\/86031","targetHints":{"allow":["GET"]}}],"collection":[{"href":"https:\/\/www.seaflowerstore.com\/de\/wp-json\/wp\/v2\/product"}],"about":[{"href":"https:\/\/www.seaflowerstore.com\/de\/wp-json\/wp\/v2\/types\/product"}],"wp:featuredmedia":[{"embeddable":true,"href":"https:\/\/www.seaflowerstore.com\/de\/wp-json\/wp\/v2\/media\/92252"}],"wp:attachment":[{"href":"https:\/\/www.seaflowerstore.com\/de\/wp-json\/wp\/v2\/media?parent=86031"}],"wp:term":[{"taxonomy":"pwb-brand","embeddable":true,"href":"https:\/\/www.seaflowerstore.com\/de\/wp-json\/wp\/v2\/pwb-brand?post=86031"},{"taxonomy":"product_cat","embeddable":true,"href":"https:\/\/www.seaflowerstore.com\/de\/wp-json\/wp\/v2\/product_cat?post=86031"},{"taxonomy":"product_tag","embeddable":true,"href":"https:\/\/www.seaflowerstore.com\/de\/wp-json\/wp\/v2\/product_tag?post=86031"}],"curies":[{"name":"wp","href":"https:\/\/api.w.org\/{rel}","templated":true}]}}