{"id":86032,"date":"2020-03-25T14:18:35","date_gmt":"2020-03-25T13:18:35","guid":{"rendered":"https:\/\/www.seaflowerstore.com\/nl\/octo-pulse-op-2-wave-pump\/"},"modified":"2024-03-19T15:03:03","modified_gmt":"2024-03-19T14:03:03","slug":"octo-pulse-op-2-wave-pump","status":"publish","type":"product","link":"https:\/\/www.seaflowerstore.com\/de\/octo-pulse-op-2-wave-pump\/","title":{"rendered":"Octo Pulse OP-2+ Wave pump"},"content":{"rendered":"<h2>Octo Pulse OP-2+ Wave pump Generates Massive Water Movement<\/h2>\n<p>Die Wellenpumpe Octo Pulse OP-2+ wurde entwickelt, um eine beeindruckende Wasserbewegung in Ihrem Aquarium zu erzeugen.<\/p>\n<p>Diese innovative Wellenpumpe der OCTO-Serie mit Gleichstrom (DC) bietet:<\/p>\n<ul>\n<li>Mehrere Einstellwinkel<\/li>\n<li>Ein neuer WiFi-Controller<\/li>\n<li>APP-Steuerung und eine 0-10-V-Port-Schnittstelle<\/li>\n<li>Vier programmierbare Wellenmuster<\/li>\n<li>Eine hochwertige Keramikwelle und ein Lager zur Minimierung von Verschlei\u00df<\/li>\n<li>Die neueste Durchflusstechnologie mit variabler Geschwindigkeit f\u00fcr verbesserte Kontrolle, verbesserte Leistung, Energieeffizienz und sichereren Betrieb<\/li>\n<\/ul>\n<p>Mit dem neuen WiFi-f\u00e4higen Controller k\u00f6nnen Sie problemlos zwei Wellenpumpen gleichzeitig mit Strom versorgen und die Einstellungen zwischen ihnen mithilfe unserer angepassten OCTO-APP anpassen, die sowohl f\u00fcr iOS- als auch f\u00fcr Android-Ger\u00e4te verf\u00fcgbar ist.<\/p>\n<p>Diese Pumpe kann bis zu 6000 Liter pro Stunde bewegen und verbraucht dabei nur 10 Watt!<\/p>\n<p><strong>Empfohlene Tankgr\u00f6\u00dfe:<\/strong> 80 bis 300 Liter<\/p>\n<ul>\n<li>360-Grad-Einstellbereich<\/li>\n<li>Flache magnetische Befestigung<\/li>\n<li>Neodym-Magnete<\/li>\n<li>WiFi-steuerbar (2,4 GHz)<\/li>\n<li>Steuerbar \u00fcber App<\/li>\n<li>Kompaktes und langlebiges Design<\/li>\n<li>Ger\u00e4uschloser Betrieb<\/li>\n<li>Vier vorprogrammierte Leistungsmuster<\/li>\n<li>Dual-Power-Modus (15 oder 60 Minuten)<\/li>\n<li>Ein Controller zur Steuerung und Stromversorgung von zwei Wellenpumpen*<\/li>\n<\/ul>\n<p>Der Octo Pulse 2+ ist vollst\u00e4ndig steuerbar und effizient, verbraucht nur 10 Watt Leistung und liefert einen breiten Durchfluss, den Ihre Fische und Korallen zu sch\u00e4tzen wissen. Dieser Fluss wird gleichm\u00e4\u00dfig in Ihrem Tank verteilt, wodurch \u201eHot Spots\u201c vermieden und Ihre Korallen vor \u00fcberm\u00e4\u00dfiger Kraft gesch\u00fctzt werden. Mit der 360-Grad-Magnethalterung und einer leistungsstarken Leistung von 6000 LPH der Reef Octopus Octo Pulse Wave Pumps k\u00f6nnen Sie den Wasserfluss problemlos dorthin lenken, wo Sie ihn ben\u00f6tigen. Dank des konvexen\/konkaven Montagesystems k\u00f6nnen die Octo Pulse-Pumpen in nahezu jede Richtung positioniert werden, mit einem einstellbaren Winkel von bis zu 25 Grad und einer vollst\u00e4ndigen 360-Grad-Drehung.<\/p>\n<p><strong>Universelle 0-10-V-Steuerung<\/strong><\/p>\n<p>Wenn Sie einen Apex-Controller oder einen anderen Typ mit einem 0-10-V-Anschluss haben, k\u00f6nnen Sie zus\u00e4tzliche Funktionen freischalten. Auf diese Weise k\u00f6nnen Sie den ganzen Tag \u00fcber benutzerdefinierte Str\u00f6mungsmuster erstellen und Ihre Powerheads mit anderen Ger\u00e4ten synchronisieren, die \u00fcber den Controller mit Strom versorgt werden.<\/p>\n<p><strong>Octo Pulse Control<\/strong><\/p>\n<p>Da jedes Aquarium einzigartig ist, werden die Octo Pulse Powerheads mit einem Controller geliefert, der vier voreingestellte Pulsmuster enth\u00e4lt und einen Wellen- oder Wogeneffekt in Ihrem gesamten Becken erm\u00f6glicht. Die einfachen One-Touch-F\u00fctterungsmodi pausieren die Pumpen f\u00fcr 15\u201360 Minuten und sind somit ideal zum F\u00fcttern oder f\u00fcr allgemeine Wartungsarbeiten.<\/p>\n<p><strong>Spezifikationen:<\/strong><\/p>\n<ul>\n<li>Max. Durchfluss: 6000 Liter pro Stunde<\/li>\n<li>Max. Tankglasdicke: 12 mm<\/li>\n<li>Abmessungen: 7 cm L x 7 cm B x 6,3 cm H<\/li>\n<li>Max. Stromverbrauch: 10 W<\/li>\n<\/ul>\n<p><strong>Was ist im Lieferumfang enthalten?<\/strong><\/p>\n<ul>\n<li>1x Octo Pulse 2+ Pumpe<\/li>\n<li>1x Magnetisches Montagesystem<\/li>\n<li>1x Netzteil<\/li>\n<li>1x Octo Pulse Controller mit Montagehalterung<\/li>\n<\/ul>\n","protected":false},"excerpt":{"rendered":"<p>Octo Pulse OP-2+ Wave pump Generates Massive Water Movement<\/p>\n","protected":false},"featured_media":92252,"template":"","meta":[],"pwb-brand":[2295],"product_cat":[1537],"product_tag":[],"class_list":{"0":"post-86032","1":"product","2":"type-product","3":"status-publish","4":"has-post-thumbnail","6":"pwb-brand-reef-octopus","7":"product_cat-aquarientechnik","8":"pa_show-myparcel-options-male-de","10":"first","11":"instock","12":"taxable","13":"shipping-taxable","14":"purchasable","15":"product-type-simple"},"acf":[],"brands":[{"id":2295,"name":"Reef OCTOpus","slug":"reef-octopus"}],"_links":{"self":[{"href":"https:\/\/www.seaflowerstore.com\/de\/wp-json\/wp\/v2\/product\/86032","targetHints":{"allow":["GET"]}}],"collection":[{"href":"https:\/\/www.seaflowerstore.com\/de\/wp-json\/wp\/v2\/product"}],"about":[{"href":"https:\/\/www.seaflowerstore.com\/de\/wp-json\/wp\/v2\/types\/product"}],"wp:featuredmedia":[{"embeddable":true,"href":"https:\/\/www.seaflowerstore.com\/de\/wp-json\/wp\/v2\/media\/92252"}],"wp:attachment":[{"href":"https:\/\/www.seaflowerstore.com\/de\/wp-json\/wp\/v2\/media?parent=86032"}],"wp:term":[{"taxonomy":"pwb-brand","embeddable":true,"href":"https:\/\/www.seaflowerstore.com\/de\/wp-json\/wp\/v2\/pwb-brand?post=86032"},{"taxonomy":"product_cat","embeddable":true,"href":"https:\/\/www.seaflowerstore.com\/de\/wp-json\/wp\/v2\/product_cat?post=86032"},{"taxonomy":"product_tag","embeddable":true,"href":"https:\/\/www.seaflowerstore.com\/de\/wp-json\/wp\/v2\/product_tag?post=86032"}],"curies":[{"name":"wp","href":"https:\/\/api.w.org\/{rel}","templated":true}]}}