{"id":86034,"date":"2020-03-10T14:56:42","date_gmt":"2020-03-10T13:56:42","guid":{"rendered":"https:\/\/www.seaflowerstore.com\/nl\/ai-prime-16hd-freshwater-white\/"},"modified":"2024-03-19T15:02:57","modified_gmt":"2024-03-19T14:02:57","slug":"ai-prime-16hd-freshwater-white","status":"publish","type":"product","link":"https:\/\/www.seaflowerstore.com\/de\/ai-prime-16hd-freshwater-white\/","title":{"rendered":"Ai PRIME 16HD Freshwater white"},"content":{"rendered":"<h2>Ai PRIME 16HD freshwater with the latest LED lamp from Ai for your freshwater aquarium<\/h2>\n<p>Dies ist eine S\u00fc\u00dfwasser-LED und sie wird nicht f\u00fcr Salzwasser empfohlen. Wir stellen die neue Freshwater Prime 16HD-Serie von LED-Leuchten vor.<\/p>\n<p><strong>Steuerung \u00fcber Bluetooth \u00fcber BLE \u2013 kein WLAN mehr<\/strong><\/p>\n<p>Die myAI\u00ae-App verbindet sich \u00fcber Bluetooth Low Energy (BLE) \u00fcber Ihr Telefon mit der AI LED und erm\u00f6glicht Ihnen das Einrichten und Programmieren von Zeitpl\u00e4nen und Einstellungen. Die Prime HD wird durch die Prime 16HD ersetzt, die mehr Farbe, mehr Streuung, mehr Leistung und ein raffinierteres Design bietet \u2013 und das alles bei Beibehaltung der Qualit\u00e4t, die AI-Leuchten so beliebt gemacht hat. Das Beste daran ist, dass die neuen Prime und Hydras zum gleichen Preis* wie die aktuellen 26, 52 und Primes erh\u00e4ltlich sind (UVP und Preis in den USA k\u00f6nnen sich jederzeit \u00e4ndern).<\/p>\n<p><strong>Beeindruckendste Funktionen<\/strong><\/p>\n<ul>\n<li>Mehr LEDs<\/li>\n<li>Mehr PAR<\/li>\n<li>Gr\u00f6\u00dfere Streuung<\/li>\n<li>Verbessertes optisches Design<\/li>\n<li>Verbesserte Wasserbest\u00e4ndigkeit<\/li>\n<li>D\u00fcnnerer Formfaktor<\/li>\n<li>Eigener Mondlichtkanal<\/li>\n<li>Breiteres Spektrum (mehr Kan\u00e4le)<\/li>\n<\/ul>\n<p><strong>Immer noch beeindruckend<\/strong><\/p>\n<ul>\n<li>Die preisg\u00fcnstigste Aquarienbeleuchtung auf dem Markt<\/li>\n<li>MyAI-App-Steuerung<\/li>\n<li>HD-Overdrive-Funktion (Leitungsleistung an das von Ihnen ben\u00f6tigte Spektrum)<\/li>\n<li>KI-Kundensupport<\/li>\n<li>Zahlreiche Montageoptionen<\/li>\n<\/ul>\n<p>Die Halterung f\u00fcr 32HD und 64HD an der Flex-Halterung \u00e4ndert sich in der Flex-Arm-Verpackung. Die HMS-Montagel\u00f6sungen bleiben jedoch gleich und auch die Prime-Montagel\u00f6sungen bleiben unver\u00e4ndert.<\/p>\n<p><strong>Design<\/strong><\/p>\n<p>Die Neugestaltung der Kunststoffe in der Prime- und Hydra-Reihe hat zwei gro\u00dfe Vorteile gebracht: bessere Effizienz und verbesserte \u00c4sthetik. Effizienzverbesserungen reduzieren die Anforderungen an die aktive K\u00fchlung, was zu einer l\u00e4ngeren Lebensdauer der Komponenten f\u00fchrt. Designverbesserungen machen die Leuchten d\u00fcnner und reduzieren ihr Gesamtprofil und ihre Pr\u00e4senz \u00fcber Ihrem Aquarium.<\/p>\n<p><strong>Belastbar<\/strong><\/p>\n<p>Wasserbest\u00e4ndigkeit ist ein erheblicher Vorteil bei der Aquarienbeleuchtung. Die neuen Prime- und Hydra-Modelle sind zwar nicht wasserdicht, aber dank Designverbesserungen sind sie besser f\u00fcr die feuchtigkeitsreichen Umgebungen geeignet, die f\u00fcr die Riffpflege typisch sind.<\/p>\n<p><strong>Mondlicht<\/strong><\/p>\n<p>In den neuen Modulen Prime HD, Prime FW, Hydra 32HD und Hydra 64HD wurden eine spezielle Mondlicht-LED und ein eigener Kanal hinzugef\u00fcgt. Dies erm\u00f6glicht unabh\u00e4ngiges Mondlicht, das die nat\u00fcrliche Farbe und Intensit\u00e4t des Mondes simuliert.<\/p>\n<p><strong>Steuerung<\/strong><\/p>\n<p>Die Steuerung der Lichter erfolgt \u00fcber die vorhandene myAI\u00ae-App, die kostenlos, einfach und sehr schnell zu programmieren ist und eine direkte BLE-Verbindung vor Ort \u00fcber Ihr Smartger\u00e4t bietet. Im Laufe der Zeit werden m\u00f6glicherweise zus\u00e4tzliche Steuerungsoptionen f\u00fcr die neue Generation von Prime und Hydras verf\u00fcgbar.<\/p>\n<p><strong>Optik und Leistung<\/strong><\/p>\n<p>Die Leistung in Bezug auf PAR, Farbmischung und Streuung wird mit den neuen Vorrichtungen verbessert. Der Einsatz von mehr LEDs sorgt f\u00fcr ein gezielteres Gesamtspektrum, w\u00e4hrend TIR-Linsen die Lichtleistung formen und ihre Effizienz verbessern. Das Ergebnis sind lebendigere Farben, eine etwas breitere Ausgabefl\u00e4che und ein h\u00f6herer durchschnittlicher PAR. Eine Kombination aus LED-Platzierung und Linsengeometrie reduziert die Farbtrennung weiter.<\/p>\n<p><strong>HD-Funktionalit\u00e4t<\/strong><\/p>\n<p>Die beliebte HD-Funktionalit\u00e4t von AI erm\u00f6glicht es Benutzern, ungenutzte Leistung von einem Farbkanal zu einem anderen umzuleiten. Diese beliebte Funktion der HD-Leuchten der vorherigen Generation bleibt in den neuen Produktnamen (Prime 16HD, Hydra 32HD und 64HD) erhalten.<\/p>\n<p><strong>Montage<\/strong><\/p>\n<p>Die f\u00fcr Hydra- und Prime-Leuchten erh\u00e4ltliche Montagehardware ist mit den Leuchten der neuen Version kompatibel. Die einzige Ausnahme ist der Hydra Flex-Arm, der aufgrund von Gr\u00f6\u00dfenunterschieden bei den neuen Leuchten eine andere Lichthalterung erfordert. Die Flexarmhalterung wird mit den neuen Vorrichtungen ge\u00e4ndert, und \u00e4ltere Flexarme ben\u00f6tigen eine neue Lichthalterung, um die neuen Lichter zu montieren.<\/p>\n<p><strong>Technische Daten<\/strong><\/p>\n<ul>\n<li>Abmessungen<\/li>\n<ul>\n<li>L\u00e4nge: 4,88 Zoll (12,4 cm)<\/li>\n<li>Breite: 4,88 Zoll (12,4 cm)<\/li>\n<li>H\u00f6he: 1,34 Zoll (3,4 cm)<\/li>\n<\/ul>\n<li>Gewicht: 0,95 Pfund. (0,43 kg)<\/li>\n<li>Leistungsspezifikationen<\/li>\n<ul>\n<li>Stromverbrauch: 55 W bei voller Leistung<\/li>\n<li>Universeller Eingangsbereich: 100 bis 240 VAC \/ 50-60 Hz<\/li>\n<li>Kabell\u00e4nge: 20 Fu\u00df (6,1 m)<\/li>\n<li>Netzteilkonformit\u00e4t: UL, CE und RoHS<\/li>\n<\/ul>\n<\/ul>\n<p><strong>Was ist in der Box<\/strong><\/p>\n<ul>\n<li>AI Prime\u00ae Freshwater<\/li>\n<li>Netzteil<\/li>\n<li>Kurzanleitung<\/li>\n<\/ul>\n","protected":false},"excerpt":{"rendered":"<p>Ai PRIME 16HD freshwater with the latest LED lamp from Ai for your freshwater aquarium. Enormous light in a small housing<\/p>\n","protected":false},"featured_media":82700,"template":"","meta":[],"pwb-brand":[2175],"product_cat":[1552,1383],"product_tag":[],"class_list":{"0":"post-86034","1":"product","2":"type-product","3":"status-publish","4":"has-post-thumbnail","6":"pwb-brand-aqua-illumination","7":"product_cat-aquariumbeleuchtung-de","8":"product_cat-aqua-illumination-de","9":"pa_show-myparcel-options-male-de","11":"first","12":"outofstock","13":"sale","14":"taxable","15":"shipping-taxable","16":"purchasable","17":"product-type-simple"},"acf":[],"brands":[{"id":2175,"name":"Aqua Illumination","slug":"aqua-illumination"}],"_links":{"self":[{"href":"https:\/\/www.seaflowerstore.com\/de\/wp-json\/wp\/v2\/product\/86034","targetHints":{"allow":["GET"]}}],"collection":[{"href":"https:\/\/www.seaflowerstore.com\/de\/wp-json\/wp\/v2\/product"}],"about":[{"href":"https:\/\/www.seaflowerstore.com\/de\/wp-json\/wp\/v2\/types\/product"}],"wp:featuredmedia":[{"embeddable":true,"href":"https:\/\/www.seaflowerstore.com\/de\/wp-json\/wp\/v2\/media\/82700"}],"wp:attachment":[{"href":"https:\/\/www.seaflowerstore.com\/de\/wp-json\/wp\/v2\/media?parent=86034"}],"wp:term":[{"taxonomy":"pwb-brand","embeddable":true,"href":"https:\/\/www.seaflowerstore.com\/de\/wp-json\/wp\/v2\/pwb-brand?post=86034"},{"taxonomy":"product_cat","embeddable":true,"href":"https:\/\/www.seaflowerstore.com\/de\/wp-json\/wp\/v2\/product_cat?post=86034"},{"taxonomy":"product_tag","embeddable":true,"href":"https:\/\/www.seaflowerstore.com\/de\/wp-json\/wp\/v2\/product_tag?post=86034"}],"curies":[{"name":"wp","href":"https:\/\/api.w.org\/{rel}","templated":true}]}}