{"id":86035,"date":"2020-03-06T09:02:17","date_gmt":"2020-03-06T08:02:17","guid":{"rendered":"https:\/\/www.seaflowerstore.com\/nl\/deepsee-flip-kick-phone-filter\/"},"modified":"2024-03-19T15:02:55","modified_gmt":"2024-03-19T14:02:55","slug":"deepsee-flip-kick-phone-filter","status":"publish","type":"product","link":"https:\/\/www.seaflowerstore.com\/de\/deepsee-flip-kick-phone-filter\/","title":{"rendered":"DeepSee Flip-Kick Phone Filter"},"content":{"rendered":"<h2>FlipperDeepSee Flip-Kick Phone Filter Perfect for aquarium photography on the go<\/h2>\n<p>Machen Sie atemberaubende Fotos von Korallenriff-Aquarien wie nie zuvor! Das vielseitige Smartphone-Kameraobjektiv-Filterset von FL!PPER Aquarium Products verbessert nicht nur Ihre Fotografie, sondern dient auch als praktischer St\u00e4nder zum Betrachten all Ihrer fantastischen Aquarienbilder. Es erm\u00f6glicht eine einfache Positionierung, sodass Sie mit oder ohne Filter schnelle Aufnahmen machen k\u00f6nnen.<\/p>\n<p><strong>Hauptfunktionen:<\/strong><\/p>\n<ul>\n<li>Passt auf alle neuesten Smartphone-Kameras und Tablets mit mehreren Objektiven<\/li>\n<li>Mehrzweck-Kamerafilter und Telefonst\u00e4nder<\/li>\n<li>Austauschbare Objektive<\/li>\n<li>Abnehmbare get\u00f6nte Linse<\/li>\n<li>Stapelbare Objektive f\u00fcr zus\u00e4tzliche Effekte<\/li>\n<li>Kompatibel mit den neuesten Handys mit Kameras mit mehreren Objektiven, einschlie\u00dflich dem iPhone 11 Pro<\/li>\n<\/ul>\n<p><strong>All-in-One-Filterset f\u00fcr Smartphone-Kameraobjektive und St\u00e4nder:<\/strong><\/p>\n<p>Das Set enth\u00e4lt:<\/p>\n<ul>\n<li>(1) Professionelles orangefarbenes Filterobjektiv 1500 K<\/li>\n<li>(1) Professionelles gelbes Filterobjektiv 2000 K<\/li>\n<li>(1) Magnetisch befestigter Objektivhalter \/ St\u00e4nder<\/li>\n<li>(2) Befestigungsscheiben zur Befestigung an mehreren Ger\u00e4ten<\/li>\n<li>Ein Mikrofaser-Reinigungstuch, damit alles scharf bleibt!<\/li>\n<\/ul>\n<p>Das Flip-Kick-Kit wird ordentlich verpackt in einem eleganten, kompakten FL!PPER-Reiseetui mit Rei\u00dfverschluss und Clip geliefert, sodass alle Komponenten sicher und gesch\u00fctzt aufbewahrt werden.<\/p>\n<p>Pr\u00e4sentieren Sie Ihr Aquarium mit FL!PPER! Es war noch nie so einfach, qualitativ hochwertige Bilder der wundersch\u00f6nen Korallen in Ihrem Aquarium zu machen. Die leicht austauschbaren orangefarbenen und gelben Korallenlinsen-Kamerafilter erwecken Ihr Aquarium wirklich zum Leben und produzieren Fotos, die wirklich hervorstechen!<\/p>\n","protected":false},"excerpt":{"rendered":"<p>FlipperDeepSee Flip-Kick Phone Filter Perfect for aquarium photography on the go<\/p>\n","protected":false},"featured_media":82696,"template":"","meta":[],"pwb-brand":[2247],"product_cat":[1451],"product_tag":[],"class_list":{"0":"post-86035","1":"product","2":"type-product","3":"status-publish","4":"has-post-thumbnail","6":"pwb-brand-flipper","7":"product_cat-zubehoer","8":"pa_show-myparcel-options-male-de","10":"first","11":"instock","12":"taxable","13":"shipping-taxable","14":"purchasable","15":"product-type-simple"},"acf":[],"brands":[{"id":2247,"name":"Flipper","slug":"flipper"}],"_links":{"self":[{"href":"https:\/\/www.seaflowerstore.com\/de\/wp-json\/wp\/v2\/product\/86035","targetHints":{"allow":["GET"]}}],"collection":[{"href":"https:\/\/www.seaflowerstore.com\/de\/wp-json\/wp\/v2\/product"}],"about":[{"href":"https:\/\/www.seaflowerstore.com\/de\/wp-json\/wp\/v2\/types\/product"}],"wp:featuredmedia":[{"embeddable":true,"href":"https:\/\/www.seaflowerstore.com\/de\/wp-json\/wp\/v2\/media\/82696"}],"wp:attachment":[{"href":"https:\/\/www.seaflowerstore.com\/de\/wp-json\/wp\/v2\/media?parent=86035"}],"wp:term":[{"taxonomy":"pwb-brand","embeddable":true,"href":"https:\/\/www.seaflowerstore.com\/de\/wp-json\/wp\/v2\/pwb-brand?post=86035"},{"taxonomy":"product_cat","embeddable":true,"href":"https:\/\/www.seaflowerstore.com\/de\/wp-json\/wp\/v2\/product_cat?post=86035"},{"taxonomy":"product_tag","embeddable":true,"href":"https:\/\/www.seaflowerstore.com\/de\/wp-json\/wp\/v2\/product_tag?post=86035"}],"curies":[{"name":"wp","href":"https:\/\/api.w.org\/{rel}","templated":true}]}}