{"id":86041,"date":"2020-02-25T18:46:50","date_gmt":"2020-02-25T17:46:50","guid":{"rendered":"https:\/\/www.seaflowerstore.com\/nl\/easy-reefs-easylps\/"},"modified":"2024-03-19T15:33:07","modified_gmt":"2024-03-19T14:33:07","slug":"easy-reefs-easylps","status":"publish","type":"product","link":"https:\/\/www.seaflowerstore.com\/de\/easy-reefs-easylps\/","title":{"rendered":"Easy Reefs EasyLPS"},"content":{"rendered":"<h2>Easy Reefs EasyLPS is a mixture of zooplankton and marine microalgae designed for the specific nutrition of LPS corals<\/h2>\n<p>EasyLPS ist eine sorgf\u00e4ltig zusammengestellte Mischung aus Zooplankton und Meeresmikroalgen, die speziell auf die N\u00e4hrstoffbed\u00fcrfnisse von LPS-Korallen abgestimmt ist. Diese ideale Kombination von Inhaltsstoffen, zusammen mit der Granulatgr\u00f6\u00dfe von 800 \u00b5m, f\u00f6rdert eine ausgezeichnete Verdaulichkeit und Aufnahmef\u00e4higkeit f\u00fcr die meisten LPS-Korallen.<\/p>\n<p>Es ist besonders vorteilhaft f\u00fcr Korallen wie:<\/p>\n<ul>\n<li>Acanthastrea<\/li>\n<li>Favia<\/li>\n<li>Caulastrea<\/li>\n<li>Scolymia<\/li>\n<li>Cynarina<\/li>\n<li>Tubastrea<\/li>\n<\/ul>\n<p>Hier sind einige wichtige Highlights von EasyLPS:<\/p>\n<ul>\n<li><strong>Premiumfutter f\u00fcr LPS-Korallen.<\/strong><\/li>\n<li>Reich an Proteinen und essentiellen Fetts\u00e4uren marinen Ursprungs.<\/li>\n<li>Hergestellt unter Verwendung gefriergetrockneter Palaemonetes-Varianten aus unseren Veta La Palma-Fischereigebieten.<\/li>\n<li>Enth\u00e4lt Mikroalgen, die aufgrund ihrer vorteilhaften Eigenschaften ausgew\u00e4hlt wurden Eigenschaften.<\/li>\n<li>Die 800 \u00b5m gro\u00dfen Granulate sorgen f\u00fcr eine ordnungsgem\u00e4\u00dfe Aufnahme und Verdauung.<\/li>\n<li>Mit EasyLPS k\u00f6nnen Sie Vitalit\u00e4t, Wachstum, Farbe und Fortpflanzung Ihrer Korallen f\u00f6rdern.<\/li>\n<\/ul>\n<h3>Wie verwende ich EasyLPS?<\/h3>\n<p>Um EasyLPS effektiv zu nutzen, f\u00fcttern Sie die Korallen jeden zweiten Tag, vorzugsweise w\u00e4hrend der Nachtzeit des Aquariums. Beginnen Sie, indem Sie die Granulate 2 Minuten lang mit Wasser aus dem Aquarium hydratisieren. Dieses Wasser kann verwendet werden, um das \u00d6ffnen der Koralle zu f\u00f6rdern. Geben Sie dann mit einer Pipette vorsichtig 2 bis 4 Granulate auf die Mundscheibe des Polypen.<\/p>\n<h3>Warum verwenden wir diese Mikroalgen?<\/h3>\n<ul>\n<li><strong>Tetraselmis chuii:<\/strong> Bekannt f\u00fcr seinen hohen Gehalt an Antioxidantien, darunter Superoxiddismutase, Katalase und Glutathionperoxidase.<\/li>\n<li><strong>Phaeodactylum tricornutum:<\/strong> Reich an den essentiellen Fetts\u00e4uren EPA und ARA sowie Beta-Glucanen, die das Immunsystem der Korallen unterst\u00fctzen.<\/li>\n<li><strong>Isochrysis galbana:<\/strong> Bietet ein Lipidprofil mit hohem Gehalt an der essentiellen Fetts\u00e4ure DHA.<\/li>\n<\/ul>\n","protected":false},"excerpt":{"rendered":"<p>Easy Reefs EasyLPS is a mixture of zooplankton and marine microalgae designed for the specific nutrition of LPS corals<\/p>\n","protected":false},"featured_media":82676,"template":"","meta":[],"pwb-brand":[2195],"product_cat":[1424,1436],"product_tag":[],"class_list":{"0":"post-86041","1":"product","2":"type-product","3":"status-publish","4":"has-post-thumbnail","6":"pwb-brand-easy-reefs","7":"product_cat-futter","8":"product_cat-korallenfutter","9":"pa_content-30-gr","10":"pa_content-70-gr","11":"pa_inhoud-30-gr-de","12":"pa_inhoud-70-gr-de","13":"pa_show-myparcel-options-male-de","15":"first","16":"instock","17":"sale","18":"taxable","19":"shipping-taxable","20":"purchasable","21":"product-type-variable"},"acf":[],"brands":[{"id":2195,"name":"Easy Reefs","slug":"easy-reefs"}],"_links":{"self":[{"href":"https:\/\/www.seaflowerstore.com\/de\/wp-json\/wp\/v2\/product\/86041","targetHints":{"allow":["GET"]}}],"collection":[{"href":"https:\/\/www.seaflowerstore.com\/de\/wp-json\/wp\/v2\/product"}],"about":[{"href":"https:\/\/www.seaflowerstore.com\/de\/wp-json\/wp\/v2\/types\/product"}],"wp:featuredmedia":[{"embeddable":true,"href":"https:\/\/www.seaflowerstore.com\/de\/wp-json\/wp\/v2\/media\/82676"}],"wp:attachment":[{"href":"https:\/\/www.seaflowerstore.com\/de\/wp-json\/wp\/v2\/media?parent=86041"}],"wp:term":[{"taxonomy":"pwb-brand","embeddable":true,"href":"https:\/\/www.seaflowerstore.com\/de\/wp-json\/wp\/v2\/pwb-brand?post=86041"},{"taxonomy":"product_cat","embeddable":true,"href":"https:\/\/www.seaflowerstore.com\/de\/wp-json\/wp\/v2\/product_cat?post=86041"},{"taxonomy":"product_tag","embeddable":true,"href":"https:\/\/www.seaflowerstore.com\/de\/wp-json\/wp\/v2\/product_tag?post=86041"}],"curies":[{"name":"wp","href":"https:\/\/api.w.org\/{rel}","templated":true}]}}