{"id":86044,"date":"2020-02-25T11:38:16","date_gmt":"2020-02-25T10:38:16","guid":{"rendered":"https:\/\/www.seaflowerstore.com\/nl\/luer-set-for-alkatronic-4x\/"},"modified":"2024-03-19T15:02:44","modified_gmt":"2024-03-19T14:02:44","slug":"luer-set-for-alkatronic-4x","status":"publish","type":"product","link":"https:\/\/www.seaflowerstore.com\/de\/luer-set-for-alkatronic-4x\/","title":{"rendered":"Luer Set For Alkatronic (4x)"},"content":{"rendered":"<h2>Luer Set For Alkatronic (4x) or other dosinghoses that needs to be disconnected easily<\/h2>\n<p>Willkommen zu unserem Leitfaden zum Luer-Set f\u00fcr Alkatronic und \u00e4hnliche Dosierschl\u00e4uche, die einfach abgeklemmt werden m\u00fcssen. Dieses Set ist unglaublich n\u00fctzlich f\u00fcr alle, die ihre Prozesse optimieren m\u00f6chten.<\/p>\n<p><strong>Merkmale des Luer-Sets:<\/strong><\/p>\n<ul>\n<li>M\u00fcheloses Ab- und Anschlie\u00dfen<\/li>\n<li>Langlebige Materialien sorgen f\u00fcr lang anhaltende Leistung<\/li>\n<li>Kompatibel mit verschiedenen Dosierschl\u00e4uchen<\/li>\n<\/ul>\n<p>Wir wissen, dass Effizienz bei Ihren Abl\u00e4ufen der Schl\u00fcssel ist, und dieses Luer-Set bietet genau das. Es wurde entwickelt, um Ihre Arbeit einfacher und effektiver zu machen.<\/p>\n<p>Wenn Sie Fragen haben oder weitere Hilfe ben\u00f6tigen, z\u00f6gern Sie bitte nicht, uns zu kontaktieren. Wir sind hier, um Ihnen zu helfen und sicherzustellen, dass Sie mit unseren Produkten die bestm\u00f6gliche Erfahrung machen.<\/p>\n","protected":false},"excerpt":{"rendered":"<p>Luer Set For Alkatronic (4x) or other dosinghoses that needs to be disconnected easily<\/p>\n","protected":false},"featured_media":82673,"template":"","meta":[],"pwb-brand":[2261],"product_cat":[1537],"product_tag":[],"class_list":{"0":"post-86044","1":"product","2":"type-product","3":"status-publish","4":"has-post-thumbnail","6":"pwb-brand-focustronic","7":"product_cat-aquarientechnik","8":"pa_show-myparcel-options-male-de","10":"first","11":"outofstock","12":"taxable","13":"shipping-taxable","14":"purchasable","15":"product-type-simple"},"acf":[],"brands":[{"id":2261,"name":"Focustronic","slug":"focustronic"}],"_links":{"self":[{"href":"https:\/\/www.seaflowerstore.com\/de\/wp-json\/wp\/v2\/product\/86044","targetHints":{"allow":["GET"]}}],"collection":[{"href":"https:\/\/www.seaflowerstore.com\/de\/wp-json\/wp\/v2\/product"}],"about":[{"href":"https:\/\/www.seaflowerstore.com\/de\/wp-json\/wp\/v2\/types\/product"}],"wp:featuredmedia":[{"embeddable":true,"href":"https:\/\/www.seaflowerstore.com\/de\/wp-json\/wp\/v2\/media\/82673"}],"wp:attachment":[{"href":"https:\/\/www.seaflowerstore.com\/de\/wp-json\/wp\/v2\/media?parent=86044"}],"wp:term":[{"taxonomy":"pwb-brand","embeddable":true,"href":"https:\/\/www.seaflowerstore.com\/de\/wp-json\/wp\/v2\/pwb-brand?post=86044"},{"taxonomy":"product_cat","embeddable":true,"href":"https:\/\/www.seaflowerstore.com\/de\/wp-json\/wp\/v2\/product_cat?post=86044"},{"taxonomy":"product_tag","embeddable":true,"href":"https:\/\/www.seaflowerstore.com\/de\/wp-json\/wp\/v2\/product_tag?post=86044"}],"curies":[{"name":"wp","href":"https:\/\/api.w.org\/{rel}","templated":true}]}}